{"id":2618,"date":"2021-08-20T13:33:37","date_gmt":"2021-08-20T11:33:37","guid":{"rendered":"https:\/\/campingsigean.com\/camping-piscine-sigean\/"},"modified":"2022-06-10T10:15:12","modified_gmt":"2022-06-10T08:15:12","slug":"campingplatz-piscine-sigean","status":"publish","type":"page","link":"https:\/\/campingsigean.com\/de\/campingplatz-piscine-sigean\/","title":{"rendered":"Piscine chauff\u00e9e"},"content":{"rendered":"<section id=\"ls-section-block_610baf85468c0\" class=\"ls-section  modele p-b-0 has-m-t m-t-0 has-m-b m-b-0 has-m-l m-l-0 has-m-r m-r-0 has-p-t p-t-0 has-p-b p-b-0 has-p-l p-l-0 has-p-r p-r-0\" >\r\n        <div class=\"container container--full\">\r\n        \n\n<div class=\"wp-block-columns valign-middle p-t-0 p-b-0 is-layout-flex wp-container-core-columns-is-layout-2 wp-block-columns-is-layout-flex\">\n<div class=\"wp-block-column fancybox p-r-0 is-layout-flow wp-block-column-is-layout-flow\" style=\"flex-basis:50%\">\n<div class=\"wp-block-columns is-layout-flex wp-container-core-columns-is-layout-1 wp-block-columns-is-layout-flex\">\n<div class=\"wp-block-column is-layout-flow wp-block-column-is-layout-flow\">\n<figure class=\"wp-block-image size-full\"><img decoding=\"async\" width=\"885\" height=\"550\" src=\"https:\/\/campingsigean.com\/wp-content\/uploads\/2022\/06\/piscine-grange-neuve.jpg\" alt=\"piscine-grange-neuve\" class=\"wp-image-9035\" srcset=\"https:\/\/campingsigean.com\/wp-content\/uploads\/2022\/06\/piscine-grange-neuve.jpg 885w, https:\/\/campingsigean.com\/wp-content\/uploads\/2022\/06\/piscine-grange-neuve-300x186.jpg 300w, https:\/\/campingsigean.com\/wp-content\/uploads\/2022\/06\/piscine-grange-neuve-768x477.jpg 768w\" sizes=\"(max-width: 885px) 100vw, 885px\" \/><\/figure>\n<\/div>\n<\/div>\n<\/div>\n\n\n\n<div class=\"wp-block-column modele__contenu is-layout-flow wp-block-column-is-layout-flow\" style=\"flex-basis:50%\">\n<h1 class=\"post__heading-undefined wp-block-heading\"><strong>Aquatische R\u00e4ume<\/strong> in der Aude<\/h1>\n\n\n\n<h2 class=\"post__heading-undefined wp-block-heading\">Unser beheiztes Schwimmbad in Sigean<\/h2>\n\n\n\n<p class=\"ls-paragraph post__paragraph\">Der <a href=\"\/de\/\">Camping la Grange Neuve<\/a> verf\u00fcgt \u00fcber ein <strong>beheiztes Schwimmbad mit angrenzendem kleinen Pool<\/strong>, in dem Jung und Alt in aller Ruhe schwimmen k\u00f6nnen. Das Schwimmbad ist von <mark style=\"background-color:rgba(0, 0, 0, 0)\" class=\"has-inline-color has-color-2-color\"><strong>Christi Himmelfahrt bis Ende September ge\u00f6ffnet<\/strong><\/mark>.<\/p>\n\n\n\n<p class=\"post__paragraph\">Ohne Wasserspiele oder Rutschen ist unser Wasserbereich ideal, um Runden zu drehen oder sich im warmen Wasser unter der Sonne der Aude zu entspannen. Am Rande des Pools k\u00f6nnen Sie sich auf<strong> unseren Sonnenliegen<\/strong> in der Sonne oder im Schutz unserer exotischen Sonnenschirme oder unter den Palmen br\u00e4unen. Z\u00f6gern Sie nicht, kommen Sie und verbringen Sie einen entspannenden Moment mit Ihrer Familie im <strong>t\u00fcrkisfarbenen Wasser unseres beheizten Swimmingpools<\/strong>.<\/p>\n\n\n\n<p class=\"ls-paragraph post__paragraph\">Das unbewachte Schwimmbad ist vom 15. Mai bis 30. September von 10 bis 19 Uhr ge\u00f6ffnet. Mit einer Gr\u00f6\u00dfe von 18 x 9 m und einer Tiefe von 1,50 m f\u00fcr Erwachsene und 0,50 cm f\u00fcr Kinder wird unser beheizter Pool jeden gl\u00fccklich machen. Keine Angst vor der Wassertemperatur, unser <strong>Pool ist beheizt<\/strong> und garantiert somit ein entspanntes Baden sowie die damit verbundenen Aktivit\u00e4ten. Nutzen Sie auch die ideale Lage des Campingplatzes am Meer, um zahlreiche Wassersportarten auszu\u00fcben.<\/p>\n<\/div>\n<\/div>\n\n\n\n<div class=\"wp-block-columns valign-middle p-t-0 p-b-0 is-layout-flex wp-container-core-columns-is-layout-4 wp-block-columns-is-layout-flex\">\n<div class=\"wp-block-column modele__contenu is-layout-flow wp-block-column-is-layout-flow\" style=\"flex-basis:50%\">\n<h2 class=\"post__heading-undefined wp-block-heading\">Schwimmbad mit kleinem Pool in der Aude<\/h2>\n\n\n\n<p class=\"post__paragraph\">Unser Campingplatz mit <strong>beheiztem Pool<\/strong> verf\u00fcgt \u00fcber einen <strong>kleinen Pool<\/strong>, in dem die Kleinsten Spa\u00df haben und ihre ersten Schritte im Wasser machen k\u00f6nnen. Mit einer Tiefe von 50 cm ist er Teil des <strong>gro\u00dfen Beckens<\/strong> unseres beheizten Au\u00dfenpools.<\/p>\n\n\n\n<p class=\"post__paragraph\">Bleiben Sie an der Seite Ihres Kindes und teilen Sie Momente des Lachens und der Komplizenschaft in dem kleinen unbeaufsichtigten Pool.<\/p>\n\n\n\n<h2 class=\"post__heading-undefined p-t-4 wp-block-heading\"> Wassergymnastik in Sigean <\/h2>\n\n\n\n<p class=\"post__paragraph\">W\u00e4hrend der Saison haben Sie die M\u00f6glichkeit, an den kostenlosen einst\u00fcndigen <strong>Aquagym<\/strong>-Kursen teilzunehmen, die zweimal pro Woche stattfinden. Oder Sie k\u00f6nnen das Schwimmbad dank einer sp\u00e4teren Schlie\u00dfzeit l\u00e4nger genie\u00dfen.<\/p>\n\n\n\n<p class=\"post__paragraph\">Unsere Aquagym-Kurse sind f\u00fcr alle zug\u00e4nglich und erm\u00f6glichen Ihnen ein sanftes Training. Entspannen Sie sich auf einem unserer Liegest\u00fchle und genie\u00dfen Sie ein <strong>Sonnenbad<\/strong>, w\u00e4hrend Sie Ihren Kindern dabei zusehen, wie sie sich in unserem Pool ohne Rutschen vergn\u00fcgen.&nbsp;<\/p>\n<\/div>\n\n\n\n<div class=\"wp-block-column fancybox p-r-0 is-layout-flow wp-block-column-is-layout-flow\" style=\"flex-basis:50%\">\n<div class=\"wp-block-columns is-layout-flex wp-container-core-columns-is-layout-3 wp-block-columns-is-layout-flex\"><\/div>\n\n\n\n<figure class=\"wp-block-image size-large\"><img decoding=\"async\" width=\"1024\" height=\"636\" src=\"https:\/\/campingsigean.com\/wp-content\/uploads\/2021\/08\/piscine-chauffee-sigean-1-1024x636.jpg\" alt=\"\" class=\"wp-image-2959\" srcset=\"https:\/\/campingsigean.com\/wp-content\/uploads\/2021\/08\/piscine-chauffee-sigean-1-1024x636.jpg 1024w, https:\/\/campingsigean.com\/wp-content\/uploads\/2021\/08\/piscine-chauffee-sigean-1-300x186.jpg 300w, https:\/\/campingsigean.com\/wp-content\/uploads\/2021\/08\/piscine-chauffee-sigean-1-768x477.jpg 768w, https:\/\/campingsigean.com\/wp-content\/uploads\/2021\/08\/piscine-chauffee-sigean-1.jpg 1424w\" sizes=\"(max-width: 1024px) 100vw, 1024px\" \/><\/figure>\n<\/div>\n<\/div>\n\n\r\n    <\/div>\r\n<\/section>\n\n<section id=\"ls-section-block_610cfc3283030\" class=\"ls-section  has-m-t m-t-0 has-m-b m-b-0 has-m-l m-l-0 has-m-r m-r-0 has-p-t p-t-0 has-p-b p-b-0 has-p-l p-l-0 has-p-r p-r-0\" >\r\n        <div class=\"container \">\r\n        \n\n<hr class=\"wp-block-separator is-style-default\"\/>\n\n\n\n<div class=\"wp-block-image is-style-rounded\"><figure class=\"aligncenter size-full\"><img decoding=\"async\" width=\"150\" height=\"150\" src=\"https:\/\/campingsigean.com\/wp-content\/uploads\/2021\/08\/camping-piscine-sigean-1.jpg\" alt=\"\" class=\"wp-image-2619\"\/><\/figure><\/div>\n\n\n\n<blockquote class=\"wp-block-quote has-text-align-center is-style-large is-layout-flow wp-block-quote-is-layout-flow\"><p>&#8222;Toller beheizter Pool. Wir konnten den Pool mit meiner Tochter in aller Seelenruhe genie\u00dfen. Auch die Wassergymnastikkurse waren gro\u00dfartig! Wir haben es geliebt!&#8220;<\/p><cite>\u2014 Marie<\/cite><\/blockquote>\n\n\n\n<hr class=\"wp-block-separator is-style-default\"\/>\n\n\r\n    <\/div>\r\n<\/section>\n\n<section id=\"ls-section-block_610bb6bdb6ca2\" class=\"ls-section  has-m-t m-t-0 has-m-b m-b-0 has-m-l m-l-0 has-m-r m-r-0 has-p-t p-t-0 has-p-b p-b-0 has-p-l p-l-0 has-p-r p-r-0\" >\r\n        <div class=\"container container--wide\">\r\n        \n\n<h2 class=\"post__heading-undefined has-text-align-center wp-block-heading\"> UNSERE VERANSTALTUNGEN UND VERMIETUNGEN IN SIGEAN <\/h2>\n\n\n<div id=\"ls-maillage-block_610bb6cab6ca3\" class=\"ls-maillage has-m-t m-t-0 has-m-b m-b-0 has-m-l m-l-0 has-m-r m-r-0 has-p-t p-t-0 has-p-b p-b-0 has-p-l p-l-0 has-p-r p-r-0\">\n    <div class=\"wp-block-columns\"><div class=\"wp-block-column\">\n\n<a href=\"https:\/\/campingsigean.com\/de\/familiencampingplatz-sigean\/\" target=\"\" rel=\"noopener\" class=\"ls-cta\">\n\n\t<div class=\"ls-cta__image\"><img decoding=\"async\" src=\"https:\/\/campingsigean.com\/wp-content\/uploads\/2021\/08\/camping-activites-aude-1.jpg\" alt=\"camping aktivit\u00e4ten aude\"><\/div>\n\t<div class=\"ls-cta__title\">\n\t\tUnsere Aktivit\u00e4ten\t<\/div>\n\n\t\t\n<\/a><\/div><div class=\"wp-block-column\">\n\n<a href=\"https:\/\/campingsigean.com\/de\/preise\/\" target=\"\" rel=\"noopener\" class=\"ls-cta\">\n\n\t<div class=\"ls-cta__image\"><img decoding=\"async\" src=\"https:\/\/campingsigean.com\/wp-content\/uploads\/2024\/12\/IMG_0835-768x902.jpg\" alt=\"camping petit prix aude\"><\/div>\n\t<div class=\"ls-cta__title\">\n\t\tUnsere Tarife\t<\/div>\n\n\t\t\n<\/a><\/div><div class=\"wp-block-column\">\n\n<a href=\"https:\/\/campingsigean.com\/de\/unsere-mobilheime\/\" target=\"\" rel=\"noopener\" class=\"ls-cta\">\n\n\t<div class=\"ls-cta__image\"><img decoding=\"async\" src=\"https:\/\/campingsigean.com\/wp-content\/uploads\/2021\/08\/location-hebergement-sigean.jpg\" alt=\"mietunterk\u00fcnfte sigean\"><\/div>\n\t<div class=\"ls-cta__title\">\n\t\tIn den Wohnmobilen\t<\/div>\n\n\t\t\n<\/a><\/div><\/div><\/div>\n\r\n    <\/div>\r\n<\/section>","protected":false},"excerpt":{"rendered":"","protected":false},"author":1,"featured_media":2620,"parent":0,"menu_order":0,"comment_status":"closed","ping_status":"closed","template":"","meta":{"_acf_changed":false,"footnotes":""},"sujet":[],"class_list":["post-2618","page","type-page","status-publish","has-post-thumbnail","hentry"],"acf":[],"yoast_head":"<!-- This site is optimized with the Yoast SEO plugin v25.3 - https:\/\/yoast.com\/wordpress\/plugins\/seo\/ -->\n<title>Wasserfl\u00e4che in der Region Aude | Camping beheiztes Schwimmbad Sigean<\/title>\n<meta name=\"robots\" content=\"index, follow, max-snippet:-1, max-image-preview:large, max-video-preview:-1\" \/>\n<link rel=\"canonical\" href=\"https:\/\/campingsigean.com\/de\/campingplatz-piscine-sigean\/\" \/>\n<meta property=\"og:locale\" content=\"de_DE\" \/>\n<meta property=\"og:type\" content=\"article\" \/>\n<meta property=\"og:title\" content=\"Wasserfl\u00e4che in der Region Aude | Camping beheiztes Schwimmbad Sigean\" \/>\n<meta property=\"og:url\" content=\"https:\/\/campingsigean.com\/de\/campingplatz-piscine-sigean\/\" \/>\n<meta property=\"og:site_name\" content=\"Camping Grange Neuve\" \/>\n<meta property=\"article:modified_time\" content=\"2022-06-10T08:15:12+00:00\" \/>\n<meta property=\"og:image\" content=\"https:\/\/campingsigean.com\/wp-content\/uploads\/2021\/08\/camping-piscine-sigean-2.jpg\" \/>\n\t<meta property=\"og:image:width\" content=\"1903\" \/>\n\t<meta property=\"og:image:height\" content=\"562\" \/>\n\t<meta property=\"og:image:type\" content=\"image\/jpeg\" \/>\n<meta name=\"twitter:card\" content=\"summary_large_image\" \/>\n<meta name=\"twitter:label1\" content=\"Gesch\u00e4tzte Lesezeit\" \/>\n\t<meta name=\"twitter:data1\" content=\"3\u00a0Minuten\" \/>\n<script type=\"application\/ld+json\" class=\"yoast-schema-graph\">{\"@context\":\"https:\/\/schema.org\",\"@graph\":[{\"@type\":\"WebPage\",\"@id\":\"https:\/\/campingsigean.com\/de\/campingplatz-piscine-sigean\/\",\"url\":\"https:\/\/campingsigean.com\/de\/campingplatz-piscine-sigean\/\",\"name\":\"Wasserfl\u00e4che in der Region Aude | Camping beheiztes Schwimmbad Sigean\",\"isPartOf\":{\"@id\":\"https:\/\/campingsigean.com\/de\/#website\"},\"primaryImageOfPage\":{\"@id\":\"https:\/\/campingsigean.com\/de\/campingplatz-piscine-sigean\/#primaryimage\"},\"image\":{\"@id\":\"https:\/\/campingsigean.com\/de\/campingplatz-piscine-sigean\/#primaryimage\"},\"thumbnailUrl\":\"https:\/\/campingsigean.com\/wp-content\/uploads\/2021\/08\/camping-piscine-sigean-2.jpg\",\"datePublished\":\"2021-08-20T11:33:37+00:00\",\"dateModified\":\"2022-06-10T08:15:12+00:00\",\"breadcrumb\":{\"@id\":\"https:\/\/campingsigean.com\/de\/campingplatz-piscine-sigean\/#breadcrumb\"},\"inLanguage\":\"de\",\"potentialAction\":[{\"@type\":\"ReadAction\",\"target\":[\"https:\/\/campingsigean.com\/de\/campingplatz-piscine-sigean\/\"]}]},{\"@type\":\"ImageObject\",\"inLanguage\":\"de\",\"@id\":\"https:\/\/campingsigean.com\/de\/campingplatz-piscine-sigean\/#primaryimage\",\"url\":\"https:\/\/campingsigean.com\/wp-content\/uploads\/2021\/08\/camping-piscine-sigean-2.jpg\",\"contentUrl\":\"https:\/\/campingsigean.com\/wp-content\/uploads\/2021\/08\/camping-piscine-sigean-2.jpg\",\"width\":1903,\"height\":562,\"caption\":\"camping piscine sigean\"},{\"@type\":\"BreadcrumbList\",\"@id\":\"https:\/\/campingsigean.com\/de\/campingplatz-piscine-sigean\/#breadcrumb\",\"itemListElement\":[{\"@type\":\"ListItem\",\"position\":1,\"name\":\"Camping Aude\",\"item\":\"https:\/\/campingsigean.com\/de\/\"},{\"@type\":\"ListItem\",\"position\":2,\"name\":\"Camping mit Schwimmbad in Sigean\"}]},{\"@type\":\"WebSite\",\"@id\":\"https:\/\/campingsigean.com\/de\/#website\",\"url\":\"https:\/\/campingsigean.com\/de\/\",\"name\":\"Camping Grange Neuve\",\"description\":\"\",\"publisher\":{\"@id\":\"https:\/\/campingsigean.com\/de\/#organization\"},\"potentialAction\":[{\"@type\":\"SearchAction\",\"target\":{\"@type\":\"EntryPoint\",\"urlTemplate\":\"https:\/\/campingsigean.com\/de\/?s={search_term_string}\"},\"query-input\":{\"@type\":\"PropertyValueSpecification\",\"valueRequired\":true,\"valueName\":\"search_term_string\"}}],\"inLanguage\":\"de\"},{\"@type\":\"Organization\",\"@id\":\"https:\/\/campingsigean.com\/de\/#organization\",\"name\":\"Camping La Grange Neuve\",\"url\":\"https:\/\/campingsigean.com\/de\/\",\"logo\":{\"@type\":\"ImageObject\",\"inLanguage\":\"de\",\"@id\":\"https:\/\/campingsigean.com\/de\/#\/schema\/logo\/image\/\",\"url\":\"https:\/\/campingsigean.com\/wp-content\/uploads\/2021\/08\/cropped-logo-camping-sigean.png\",\"contentUrl\":\"https:\/\/campingsigean.com\/wp-content\/uploads\/2021\/08\/cropped-logo-camping-sigean.png\",\"width\":117,\"height\":98,\"caption\":\"Camping La Grange Neuve\"},\"image\":{\"@id\":\"https:\/\/campingsigean.com\/de\/#\/schema\/logo\/image\/\"}}]}<\/script>\n<!-- \/ Yoast SEO plugin. -->","yoast_head_json":{"title":"Wasserfl\u00e4che in der Region Aude | Camping beheiztes Schwimmbad Sigean","robots":{"index":"index","follow":"follow","max-snippet":"max-snippet:-1","max-image-preview":"max-image-preview:large","max-video-preview":"max-video-preview:-1"},"canonical":"https:\/\/campingsigean.com\/de\/campingplatz-piscine-sigean\/","og_locale":"de_DE","og_type":"article","og_title":"Wasserfl\u00e4che in der Region Aude | Camping beheiztes Schwimmbad Sigean","og_url":"https:\/\/campingsigean.com\/de\/campingplatz-piscine-sigean\/","og_site_name":"Camping Grange Neuve","article_modified_time":"2022-06-10T08:15:12+00:00","og_image":[{"width":1903,"height":562,"url":"https:\/\/campingsigean.com\/wp-content\/uploads\/2021\/08\/camping-piscine-sigean-2.jpg","type":"image\/jpeg"}],"twitter_card":"summary_large_image","twitter_misc":{"Gesch\u00e4tzte Lesezeit":"3\u00a0Minuten"},"schema":{"@context":"https:\/\/schema.org","@graph":[{"@type":"WebPage","@id":"https:\/\/campingsigean.com\/de\/campingplatz-piscine-sigean\/","url":"https:\/\/campingsigean.com\/de\/campingplatz-piscine-sigean\/","name":"Wasserfl\u00e4che in der Region Aude | Camping beheiztes Schwimmbad Sigean","isPartOf":{"@id":"https:\/\/campingsigean.com\/de\/#website"},"primaryImageOfPage":{"@id":"https:\/\/campingsigean.com\/de\/campingplatz-piscine-sigean\/#primaryimage"},"image":{"@id":"https:\/\/campingsigean.com\/de\/campingplatz-piscine-sigean\/#primaryimage"},"thumbnailUrl":"https:\/\/campingsigean.com\/wp-content\/uploads\/2021\/08\/camping-piscine-sigean-2.jpg","datePublished":"2021-08-20T11:33:37+00:00","dateModified":"2022-06-10T08:15:12+00:00","breadcrumb":{"@id":"https:\/\/campingsigean.com\/de\/campingplatz-piscine-sigean\/#breadcrumb"},"inLanguage":"de","potentialAction":[{"@type":"ReadAction","target":["https:\/\/campingsigean.com\/de\/campingplatz-piscine-sigean\/"]}]},{"@type":"ImageObject","inLanguage":"de","@id":"https:\/\/campingsigean.com\/de\/campingplatz-piscine-sigean\/#primaryimage","url":"https:\/\/campingsigean.com\/wp-content\/uploads\/2021\/08\/camping-piscine-sigean-2.jpg","contentUrl":"https:\/\/campingsigean.com\/wp-content\/uploads\/2021\/08\/camping-piscine-sigean-2.jpg","width":1903,"height":562,"caption":"camping piscine sigean"},{"@type":"BreadcrumbList","@id":"https:\/\/campingsigean.com\/de\/campingplatz-piscine-sigean\/#breadcrumb","itemListElement":[{"@type":"ListItem","position":1,"name":"Camping Aude","item":"https:\/\/campingsigean.com\/de\/"},{"@type":"ListItem","position":2,"name":"Camping mit Schwimmbad in Sigean"}]},{"@type":"WebSite","@id":"https:\/\/campingsigean.com\/de\/#website","url":"https:\/\/campingsigean.com\/de\/","name":"Camping Grange Neuve","description":"","publisher":{"@id":"https:\/\/campingsigean.com\/de\/#organization"},"potentialAction":[{"@type":"SearchAction","target":{"@type":"EntryPoint","urlTemplate":"https:\/\/campingsigean.com\/de\/?s={search_term_string}"},"query-input":{"@type":"PropertyValueSpecification","valueRequired":true,"valueName":"search_term_string"}}],"inLanguage":"de"},{"@type":"Organization","@id":"https:\/\/campingsigean.com\/de\/#organization","name":"Camping La Grange Neuve","url":"https:\/\/campingsigean.com\/de\/","logo":{"@type":"ImageObject","inLanguage":"de","@id":"https:\/\/campingsigean.com\/de\/#\/schema\/logo\/image\/","url":"https:\/\/campingsigean.com\/wp-content\/uploads\/2021\/08\/cropped-logo-camping-sigean.png","contentUrl":"https:\/\/campingsigean.com\/wp-content\/uploads\/2021\/08\/cropped-logo-camping-sigean.png","width":117,"height":98,"caption":"Camping La Grange Neuve"},"image":{"@id":"https:\/\/campingsigean.com\/de\/#\/schema\/logo\/image\/"}}]}},"_links":{"self":[{"href":"https:\/\/campingsigean.com\/de\/wp-json\/wp\/v2\/pages\/2618"}],"collection":[{"href":"https:\/\/campingsigean.com\/de\/wp-json\/wp\/v2\/pages"}],"about":[{"href":"https:\/\/campingsigean.com\/de\/wp-json\/wp\/v2\/types\/page"}],"author":[{"embeddable":true,"href":"https:\/\/campingsigean.com\/de\/wp-json\/wp\/v2\/users\/1"}],"replies":[{"embeddable":true,"href":"https:\/\/campingsigean.com\/de\/wp-json\/wp\/v2\/comments?post=2618"}],"version-history":[{"count":15,"href":"https:\/\/campingsigean.com\/de\/wp-json\/wp\/v2\/pages\/2618\/revisions"}],"predecessor-version":[{"id":9040,"href":"https:\/\/campingsigean.com\/de\/wp-json\/wp\/v2\/pages\/2618\/revisions\/9040"}],"wp:featuredmedia":[{"embeddable":true,"href":"https:\/\/campingsigean.com\/de\/wp-json\/wp\/v2\/media\/2620"}],"wp:attachment":[{"href":"https:\/\/campingsigean.com\/de\/wp-json\/wp\/v2\/media?parent=2618"}],"wp:term":[{"taxonomy":"sujet","embeddable":true,"href":"https:\/\/campingsigean.com\/de\/wp-json\/wp\/v2\/sujet?post=2618"}],"curies":[{"name":"wp","href":"https:\/\/api.w.org\/{rel}","templated":true}]}}