{"id":4525,"date":"2021-09-10T16:12:29","date_gmt":"2021-09-10T14:12:29","guid":{"rendered":"https:\/\/campingsigean.com\/informationen-und-kontakt\/"},"modified":"2022-04-29T10:50:02","modified_gmt":"2022-04-29T08:50:02","slug":"informationen-und-kontakt","status":"publish","type":"page","link":"https:\/\/campingsigean.com\/de\/informationen-und-kontakt\/","title":{"rendered":"Informationen und Kontakt"},"content":{"rendered":"<section id=\"ls-section-block_610cf5ffc8fe1\" class=\"ls-section  valign-middle p-t-0 p-m-0 has-m-t m-t-0 has-m-b m-b-0 has-m-l m-l-0 has-m-r m-r-0 has-p-t p-t-0 has-p-b p-b-0 has-p-l p-l-0 has-p-r p-r-0\" >\r\n        <div class=\"container container--wide\">\r\n        \n\n<div class=\"wp-block-columns is-layout-flex wp-container-core-columns-is-layout-1 wp-block-columns-is-layout-flex\">\n<div class=\"wp-block-column is-layout-flow wp-block-column-is-layout-flow\" style=\"flex-basis:50%\">\n<div class=\"wpcf7 no-js\" id=\"wpcf7-f5175-o1\" lang=\"fr-FR\" dir=\"ltr\">\n<div class=\"screen-reader-response\"><p role=\"status\" aria-live=\"polite\" aria-atomic=\"true\"><\/p> <ul><\/ul><\/div>\n<form action=\"\/de\/wp-json\/wp\/v2\/pages\/4525#wpcf7-f5175-o1\" method=\"post\" class=\"wpcf7-form init\" aria-label=\"Formulaire de contact\" novalidate=\"novalidate\" data-status=\"init\">\n<div style=\"display: none;\">\n<input type=\"hidden\" name=\"_wpcf7\" value=\"5175\" \/>\n<input type=\"hidden\" name=\"_wpcf7_version\" value=\"5.9.8\" \/>\n<input type=\"hidden\" name=\"_wpcf7_locale\" value=\"fr_FR\" \/>\n<input type=\"hidden\" name=\"_wpcf7_unit_tag\" value=\"wpcf7-f5175-o1\" \/>\n<input type=\"hidden\" name=\"_wpcf7_container_post\" value=\"0\" \/>\n<input type=\"hidden\" name=\"_wpcf7_posted_data_hash\" value=\"\" \/>\n<input type=\"hidden\" name=\"_wpcf7_recaptcha_response\" value=\"\" \/>\n<\/div>\n<p><span class=\"wpcf7-form-control-wrap\" data-name=\"your-name\"><input size=\"40\" maxlength=\"400\" class=\"wpcf7-form-control wpcf7-text wpcf7-validates-as-required\" aria-required=\"true\" aria-invalid=\"false\" placeholder=\"Ihr Name...\" value=\"\" type=\"text\" name=\"your-name\" \/><\/span><span class=\"wpcf7-form-control-wrap\" data-name=\"your-email\"><input size=\"40\" maxlength=\"400\" class=\"wpcf7-form-control wpcf7-email wpcf7-validates-as-required wpcf7-text wpcf7-validates-as-email\" aria-required=\"true\" aria-invalid=\"false\" placeholder=\"Deine E-Mail ...\" value=\"\" type=\"email\" name=\"your-email\" \/><\/span><span class=\"wpcf7-form-control-wrap\" data-name=\"your-subject\"><input size=\"40\" maxlength=\"400\" class=\"wpcf7-form-control wpcf7-text\" aria-invalid=\"false\" placeholder=\"Thema ...\" value=\"\" type=\"text\" name=\"your-subject\" \/><\/span><span class=\"wpcf7-form-control-wrap\" data-name=\"your-message\"><textarea cols=\"40\" rows=\"10\" maxlength=\"2000\" class=\"wpcf7-form-control wpcf7-textarea\" aria-invalid=\"false\" placeholder=\"Ihre Nachricht ...\" name=\"your-message\"><\/textarea><\/span><span class=\"wpcf7-form-control-wrap\" data-name=\"acceptance-553\"><span class=\"wpcf7-form-control wpcf7-acceptance\"><span class=\"wpcf7-list-item\"><label><input type=\"checkbox\" name=\"acceptance-553\" value=\"1\" aria-invalid=\"false\" \/><span class=\"wpcf7-list-item-label\">Durch Ankreuzen dieses K\u00e4stchens erkl\u00e4re ich mich mit den <a href=\"\/de\/datenschutzbestimmungen\/\" rel=\"noopener\" target=\"_blank\">Datenschutzbestimmungen<\/a> dieser Website.<\/span><\/label><\/span><\/span><\/span><input class=\"wpcf7-form-control wpcf7-submit has-spinner\" type=\"submit\" value=\"Senden Sie\" \/>\n<\/p><input type='hidden' class='wpcf7-pum' value='{\"closepopup\":false,\"closedelay\":0,\"openpopup\":false,\"openpopup_id\":0}' \/><div class=\"wpcf7-response-output\" aria-hidden=\"true\"><\/div>\n<\/form>\n<\/div>\n\n<\/div>\n\n\n\n<div class=\"wp-block-column modele__contenu is-layout-flow wp-block-column-is-layout-flow\" style=\"flex-basis:50%\">\n<h1 class=\"post__heading-undefined wp-block-heading\"><strong>Kontakt und Wegbeschreibung<\/strong><\/h1>\n\n\n\n<h2 class=\"post__heading-undefined wp-block-heading\">Kontakt mit dem Campingplatz<\/h2>\n\n\n\n<p class=\"ls-paragraph post__paragraph\">Rufen Sie uns an unter 0468485870. Die Rezeption ist 7 Tage die Woche von 9 bis 12 Uhr und von 14 bis 20 Uhr ge\u00f6ffnet. Au\u00dferhalb der \u00d6ffnungszeiten senden Sie uns bitte eine E-Mail an <a href=\"mailto:info@campingsigean.com\">info@campingsigean.com<\/a> oder senden Sie uns Ihre Anfrage \u00fcber das Kontaktformular.<\/p>\n<\/div>\n<\/div>\n\n\r\n    <\/div>\r\n<\/section>\n\n<section id=\"ls-section-block_610cf69ac8fe2\" class=\"ls-section  valign-middle p-t-0 p-m-0 has-m-t m-t-0 has-m-b m-b-0 has-m-l m-l-0 has-m-r m-r-0 has-p-t p-t-0 has-p-b p-b-0 has-p-l p-l-0 has-p-r p-r-0\" >\r\n        <div class=\"container container--full\">\r\n        \n\n<div class=\"wp-block-columns is-layout-flex wp-container-core-columns-is-layout-2 wp-block-columns-is-layout-flex\">\n<div class=\"wp-block-column modele__contenu is-layout-flow wp-block-column-is-layout-flow\" style=\"flex-basis:50%\">\n<h2 class=\"post__heading-undefined wp-block-heading\">  Ankommen auf dem Campingplatz  <\/h2>\n\n\n\n<p class=\"post__paragraph\"><strong>Adresse<\/strong>:<\/p>\n\n\n\n<ul class=\"post__list-undefined wp-block-list\" value=\"<li class=&quot;post__list-item is-item-undefined&quot;&gt;Campingplatz La Grange Neuve<\/li&gt;<li class=&quot;post__list-item is-item-undefined&quot;&gt;17 La Grange Neuve-Nord<\/li&gt;<li class=&quot;post__list-item is-item-undefined&quot;&gt;11130 Sigean<\/li&gt;\"><li>Campingplatz La Grange Neuve<\/li><li>17 La Grange Neuve-Nord<\/li><li>11130 Sigean<\/li><\/ul>\n\n\n\n<p class=\"post__paragraph\"><strong>GPS-Koordinaten<\/strong>:<\/p>\n\n\n\n<ul class=\"post__list-undefined wp-block-list\" value=\"<li class=&quot;post__list-item is-item-undefined&quot;&gt;43.066725705972814,<\/li&gt;<li class=&quot;post__list-item is-item-undefined&quot;&gt;2.941437472342311<\/li&gt;\"><li>43.066725705972814,<\/li><li>2.941437472342311<\/li><\/ul>\n\n\n\n<p class=\"post__paragraph\">Der Campingplatz Sigean ist leicht zug\u00e4nglich, wenn Sie mit dem Auto kommen:<\/p>\n\n\n\n<ul class=\"post__list-undefined wp-block-list\" value=\"<li class=&quot;post__list-item is-item-undefined&quot;&gt;<strong&gt;Stra\u00dfe<\/strong&gt; - Autobahn A9 und Nationalstra\u00dfe 9:<ul&gt;<li class=&quot;post__list-item is-item-undefined&quot;&gt;Von Montpellier kommend Ausfahrt N\u00b038 Narbonne sud\/ R\u00e9serve Africaine.<\/li&gt;<li class=&quot;post__list-item is-item-undefined&quot;&gt;Von Perpignan kommend Ausfahrt N\u00b039\/ African Reserve.<\/li&gt;<\/ul&gt;<\/li&gt;<li class=&quot;post__list-item is-item-undefined&quot;&gt;<strong&gt;Flugzeug<\/strong&gt;: Flughafen Carcassonne Salvaza.<\/li&gt;<li class=&quot;post__list-item is-item-undefined&quot;&gt;<strong&gt;Zug<\/strong&gt;: Bahnh\u00f6fe Narbonne und Port-la-Nouvelle.<\/li&gt;\"><li><strong>Stra\u00dfe<\/strong> &#8211; Autobahn A9 und Nationalstra\u00dfe 9:<ul><li>Von Montpellier kommend Ausfahrt N\u00b038 Narbonne sud\/ R\u00e9serve Africaine.<\/li><li>Von Perpignan kommend Ausfahrt N\u00b039\/ African Reserve.<\/li><\/ul><\/li><li><strong>Flugzeug<\/strong>: Flughafen Carcassonne Salvaza.<\/li><li><strong>Zug<\/strong>: Bahnh\u00f6fe Narbonne und Port-la-Nouvelle.<\/li><\/ul>\n\n\n\n<p class=\"post__paragraph\">F\u00fcr weitere Informationen oder um Sie bei der Wahl Ihrer Unterkunft zu beraten, wenden Sie sich bitte an das Team des <a href=\"\/de\/\">Campingplatzes Grange Neuve<\/a>, das Ihnen so schnell wie m\u00f6glich antworten wird.<\/p>\n<\/div>\n\n\n\n<div class=\"wp-block-column p-l-0 is-layout-flow wp-block-column-is-layout-flow\" style=\"flex-basis:50%\"><div class=\"map\"><iframe src=\"https:\/\/www.google.com\/maps\/embed?pb=!1m18!1m12!1m3!1d19608.21654462486!2d2.929762966420458!3d43.067119015226204!2m3!1f0!2f0!3f0!3m2!1i1024!2i768!4f13.1!3m3!1m2!1s0x12b052068ab4d55b%3A0x151288ee104c8c3d!2sCamping%20La%20Grange%20Neuve!5e0!3m2!1sfr!2sfr!4v1628239665525!5m2!1sfr!2sfr\" width=\"100%\" height=\"100%\"><\/iframe><\/div>\n<\/div>\n<\/div>\n\n\r\n    <\/div>\r\n<\/section>","protected":false},"excerpt":{"rendered":"","protected":false},"author":1,"featured_media":2939,"parent":0,"menu_order":0,"comment_status":"closed","ping_status":"closed","template":"","meta":{"_acf_changed":false,"footnotes":""},"sujet":[],"class_list":["post-4525","page","type-page","status-publish","has-post-thumbnail","hentry"],"acf":[],"yoast_head":"<!-- This site is optimized with the Yoast SEO plugin v25.3 - https:\/\/yoast.com\/wordpress\/plugins\/seo\/ -->\n<title>Kontakt, Anfahrt Grange Neuve | Wegbeschreibung, Kontakt zum Campingplatz<\/title>\n<meta name=\"robots\" content=\"index, follow, max-snippet:-1, max-image-preview:large, max-video-preview:-1\" \/>\n<link rel=\"canonical\" href=\"https:\/\/campingsigean.com\/de\/informationen-und-kontakt\/\" \/>\n<meta property=\"og:locale\" content=\"de_DE\" \/>\n<meta property=\"og:type\" content=\"article\" \/>\n<meta property=\"og:title\" content=\"Kontakt, Anfahrt Grange Neuve | Wegbeschreibung, Kontakt zum Campingplatz\" \/>\n<meta property=\"og:url\" content=\"https:\/\/campingsigean.com\/de\/informationen-und-kontakt\/\" \/>\n<meta property=\"og:site_name\" content=\"Camping Grange Neuve\" \/>\n<meta property=\"article:modified_time\" content=\"2022-04-29T08:50:02+00:00\" \/>\n<meta property=\"og:image\" content=\"https:\/\/campingsigean.com\/wp-content\/uploads\/2021\/08\/camping-contact-sigean.jpg\" \/>\n\t<meta property=\"og:image:width\" content=\"1903\" \/>\n\t<meta property=\"og:image:height\" content=\"562\" \/>\n\t<meta property=\"og:image:type\" content=\"image\/jpeg\" \/>\n<meta name=\"twitter:card\" content=\"summary_large_image\" \/>\n<meta name=\"twitter:label1\" content=\"Gesch\u00e4tzte Lesezeit\" \/>\n\t<meta name=\"twitter:data1\" content=\"1\u00a0Minute\" \/>\n<script type=\"application\/ld+json\" class=\"yoast-schema-graph\">{\"@context\":\"https:\/\/schema.org\",\"@graph\":[{\"@type\":\"WebPage\",\"@id\":\"https:\/\/campingsigean.com\/de\/informationen-und-kontakt\/\",\"url\":\"https:\/\/campingsigean.com\/de\/informationen-und-kontakt\/\",\"name\":\"Kontakt, Anfahrt Grange Neuve | Wegbeschreibung, Kontakt zum Campingplatz\",\"isPartOf\":{\"@id\":\"https:\/\/campingsigean.com\/de\/#website\"},\"primaryImageOfPage\":{\"@id\":\"https:\/\/campingsigean.com\/de\/informationen-und-kontakt\/#primaryimage\"},\"image\":{\"@id\":\"https:\/\/campingsigean.com\/de\/informationen-und-kontakt\/#primaryimage\"},\"thumbnailUrl\":\"https:\/\/campingsigean.com\/wp-content\/uploads\/2021\/08\/camping-contact-sigean.jpg\",\"datePublished\":\"2021-09-10T14:12:29+00:00\",\"dateModified\":\"2022-04-29T08:50:02+00:00\",\"breadcrumb\":{\"@id\":\"https:\/\/campingsigean.com\/de\/informationen-und-kontakt\/#breadcrumb\"},\"inLanguage\":\"de\",\"potentialAction\":[{\"@type\":\"ReadAction\",\"target\":[\"https:\/\/campingsigean.com\/de\/informationen-und-kontakt\/\"]}]},{\"@type\":\"ImageObject\",\"inLanguage\":\"de\",\"@id\":\"https:\/\/campingsigean.com\/de\/informationen-und-kontakt\/#primaryimage\",\"url\":\"https:\/\/campingsigean.com\/wp-content\/uploads\/2021\/08\/camping-contact-sigean.jpg\",\"contentUrl\":\"https:\/\/campingsigean.com\/wp-content\/uploads\/2021\/08\/camping-contact-sigean.jpg\",\"width\":1903,\"height\":562,\"caption\":\"Camping Kontakt sigean\"},{\"@type\":\"BreadcrumbList\",\"@id\":\"https:\/\/campingsigean.com\/de\/informationen-und-kontakt\/#breadcrumb\",\"itemListElement\":[{\"@type\":\"ListItem\",\"position\":1,\"name\":\"Camping Aude\",\"item\":\"https:\/\/campingsigean.com\/de\/\"},{\"@type\":\"ListItem\",\"position\":2,\"name\":\"Kontakt, Zugang\"}]},{\"@type\":\"WebSite\",\"@id\":\"https:\/\/campingsigean.com\/de\/#website\",\"url\":\"https:\/\/campingsigean.com\/de\/\",\"name\":\"Camping Grange Neuve\",\"description\":\"\",\"publisher\":{\"@id\":\"https:\/\/campingsigean.com\/de\/#organization\"},\"potentialAction\":[{\"@type\":\"SearchAction\",\"target\":{\"@type\":\"EntryPoint\",\"urlTemplate\":\"https:\/\/campingsigean.com\/de\/?s={search_term_string}\"},\"query-input\":{\"@type\":\"PropertyValueSpecification\",\"valueRequired\":true,\"valueName\":\"search_term_string\"}}],\"inLanguage\":\"de\"},{\"@type\":\"Organization\",\"@id\":\"https:\/\/campingsigean.com\/de\/#organization\",\"name\":\"Camping La Grange Neuve\",\"url\":\"https:\/\/campingsigean.com\/de\/\",\"logo\":{\"@type\":\"ImageObject\",\"inLanguage\":\"de\",\"@id\":\"https:\/\/campingsigean.com\/de\/#\/schema\/logo\/image\/\",\"url\":\"https:\/\/campingsigean.com\/wp-content\/uploads\/2021\/08\/cropped-logo-camping-sigean.png\",\"contentUrl\":\"https:\/\/campingsigean.com\/wp-content\/uploads\/2021\/08\/cropped-logo-camping-sigean.png\",\"width\":117,\"height\":98,\"caption\":\"Camping La Grange Neuve\"},\"image\":{\"@id\":\"https:\/\/campingsigean.com\/de\/#\/schema\/logo\/image\/\"}}]}<\/script>\n<!-- \/ Yoast SEO plugin. -->","yoast_head_json":{"title":"Kontakt, Anfahrt Grange Neuve | Wegbeschreibung, Kontakt zum Campingplatz","robots":{"index":"index","follow":"follow","max-snippet":"max-snippet:-1","max-image-preview":"max-image-preview:large","max-video-preview":"max-video-preview:-1"},"canonical":"https:\/\/campingsigean.com\/de\/informationen-und-kontakt\/","og_locale":"de_DE","og_type":"article","og_title":"Kontakt, Anfahrt Grange Neuve | Wegbeschreibung, Kontakt zum Campingplatz","og_url":"https:\/\/campingsigean.com\/de\/informationen-und-kontakt\/","og_site_name":"Camping Grange Neuve","article_modified_time":"2022-04-29T08:50:02+00:00","og_image":[{"width":1903,"height":562,"url":"https:\/\/campingsigean.com\/wp-content\/uploads\/2021\/08\/camping-contact-sigean.jpg","type":"image\/jpeg"}],"twitter_card":"summary_large_image","twitter_misc":{"Gesch\u00e4tzte Lesezeit":"1\u00a0Minute"},"schema":{"@context":"https:\/\/schema.org","@graph":[{"@type":"WebPage","@id":"https:\/\/campingsigean.com\/de\/informationen-und-kontakt\/","url":"https:\/\/campingsigean.com\/de\/informationen-und-kontakt\/","name":"Kontakt, Anfahrt Grange Neuve | Wegbeschreibung, Kontakt zum Campingplatz","isPartOf":{"@id":"https:\/\/campingsigean.com\/de\/#website"},"primaryImageOfPage":{"@id":"https:\/\/campingsigean.com\/de\/informationen-und-kontakt\/#primaryimage"},"image":{"@id":"https:\/\/campingsigean.com\/de\/informationen-und-kontakt\/#primaryimage"},"thumbnailUrl":"https:\/\/campingsigean.com\/wp-content\/uploads\/2021\/08\/camping-contact-sigean.jpg","datePublished":"2021-09-10T14:12:29+00:00","dateModified":"2022-04-29T08:50:02+00:00","breadcrumb":{"@id":"https:\/\/campingsigean.com\/de\/informationen-und-kontakt\/#breadcrumb"},"inLanguage":"de","potentialAction":[{"@type":"ReadAction","target":["https:\/\/campingsigean.com\/de\/informationen-und-kontakt\/"]}]},{"@type":"ImageObject","inLanguage":"de","@id":"https:\/\/campingsigean.com\/de\/informationen-und-kontakt\/#primaryimage","url":"https:\/\/campingsigean.com\/wp-content\/uploads\/2021\/08\/camping-contact-sigean.jpg","contentUrl":"https:\/\/campingsigean.com\/wp-content\/uploads\/2021\/08\/camping-contact-sigean.jpg","width":1903,"height":562,"caption":"Camping Kontakt sigean"},{"@type":"BreadcrumbList","@id":"https:\/\/campingsigean.com\/de\/informationen-und-kontakt\/#breadcrumb","itemListElement":[{"@type":"ListItem","position":1,"name":"Camping Aude","item":"https:\/\/campingsigean.com\/de\/"},{"@type":"ListItem","position":2,"name":"Kontakt, Zugang"}]},{"@type":"WebSite","@id":"https:\/\/campingsigean.com\/de\/#website","url":"https:\/\/campingsigean.com\/de\/","name":"Camping Grange Neuve","description":"","publisher":{"@id":"https:\/\/campingsigean.com\/de\/#organization"},"potentialAction":[{"@type":"SearchAction","target":{"@type":"EntryPoint","urlTemplate":"https:\/\/campingsigean.com\/de\/?s={search_term_string}"},"query-input":{"@type":"PropertyValueSpecification","valueRequired":true,"valueName":"search_term_string"}}],"inLanguage":"de"},{"@type":"Organization","@id":"https:\/\/campingsigean.com\/de\/#organization","name":"Camping La Grange Neuve","url":"https:\/\/campingsigean.com\/de\/","logo":{"@type":"ImageObject","inLanguage":"de","@id":"https:\/\/campingsigean.com\/de\/#\/schema\/logo\/image\/","url":"https:\/\/campingsigean.com\/wp-content\/uploads\/2021\/08\/cropped-logo-camping-sigean.png","contentUrl":"https:\/\/campingsigean.com\/wp-content\/uploads\/2021\/08\/cropped-logo-camping-sigean.png","width":117,"height":98,"caption":"Camping La Grange Neuve"},"image":{"@id":"https:\/\/campingsigean.com\/de\/#\/schema\/logo\/image\/"}}]}},"_links":{"self":[{"href":"https:\/\/campingsigean.com\/de\/wp-json\/wp\/v2\/pages\/4525"}],"collection":[{"href":"https:\/\/campingsigean.com\/de\/wp-json\/wp\/v2\/pages"}],"about":[{"href":"https:\/\/campingsigean.com\/de\/wp-json\/wp\/v2\/types\/page"}],"author":[{"embeddable":true,"href":"https:\/\/campingsigean.com\/de\/wp-json\/wp\/v2\/users\/1"}],"replies":[{"embeddable":true,"href":"https:\/\/campingsigean.com\/de\/wp-json\/wp\/v2\/comments?post=4525"}],"version-history":[{"count":4,"href":"https:\/\/campingsigean.com\/de\/wp-json\/wp\/v2\/pages\/4525\/revisions"}],"predecessor-version":[{"id":8720,"href":"https:\/\/campingsigean.com\/de\/wp-json\/wp\/v2\/pages\/4525\/revisions\/8720"}],"wp:featuredmedia":[{"embeddable":true,"href":"https:\/\/campingsigean.com\/de\/wp-json\/wp\/v2\/media\/2939"}],"wp:attachment":[{"href":"https:\/\/campingsigean.com\/de\/wp-json\/wp\/v2\/media?parent=4525"}],"wp:term":[{"taxonomy":"sujet","embeddable":true,"href":"https:\/\/campingsigean.com\/de\/wp-json\/wp\/v2\/sujet?post=4525"}],"curies":[{"name":"wp","href":"https:\/\/api.w.org\/{rel}","templated":true}]}}