{"id":4543,"date":"2021-09-10T16:12:35","date_gmt":"2021-09-10T14:12:35","guid":{"rendered":"https:\/\/campingsigean.com\/preise\/"},"modified":"2023-06-22T12:03:32","modified_gmt":"2023-06-22T10:03:32","slug":"preise","status":"publish","type":"page","link":"https:\/\/campingsigean.com\/de\/preise\/","title":{"rendered":"Preise"},"content":{"rendered":"<section id=\"ls-section-block_c852f7a828b8f821757bb3b403f0a038\" class=\"ls-section  has-m-t m-t-0 has-m-b m-b-0 has-m-l m-l-0 has-m-r m-r-0 has-p-t p-t-0 has-p-b p-b-0 has-p-l p-l-0 has-p-r p-r-0\" >\r\n        <div class=\"container \">\r\n        \n\n<h1 class=\"ls__heading wp-block-heading has-text-align-center post__heading-undefined ls-heading\">    <strong>G\u00fcnstiges Camping<\/strong> in der Aude  <\/h1>\n\n\n\n<h2 class=\"ls__heading wp-block-heading has-text-align-center\">Die Sonderangebote auf Ihrem Campingplatz in sigean<\/h2>\n\n\n\n<ctv-offers data-display-mode=\"carousel\" ><\/ctv-offers>\n\n\n\n<script>\n    window.ctoutvert = {\n\t\tid: 9931, \n\t\tlang: 'auto', \n\t\turl: 'https:\/\/bookingpremium.secureholiday.net\/widgets\/'\n    };\n    (function (w, d, s, ctv, r, js, fjs) {\n        r=new XMLHttpRequest();r.open('GET',w[ctv].url+'js\/src.json');\n        r.responseType='json';r.json=true;r.send();\n        r.onload=function(){w[ctv].src=r.responseType=='json'?r.response:JSON.parse(r.response);\n        js.src=w[ctv].src[0];fjs.parentNode.insertBefore(js, fjs);}\n        js=d.createElement(s),fjs=d.getElementsByTagName(s)[0];\n        js.id='ctvwidget';js.async=1;\n    }(window, document, 'script', 'ctoutvert'));\n<\/script>\n<ctv-availability data-background-color='#FFFFFFFF' ><\/ctv-availability>\n\n\r\n    <\/div>\r\n<\/section>\n\n<section id=\"ls-section-block_e28f4d876fc5860f5828d0c072ec2293\" class=\"ls-section  modele p-t-0 p-b-0 has-m-t m-t-0 has-m-b m-b-0 has-m-l m-l-0 has-m-r m-r-0 has-p-t p-t-0 has-p-b p-b-0 has-p-l p-l-0 has-p-r p-r-0\" >\r\n        <div class=\"container container--full\">\r\n        \n\n<div class=\"wp-block-columns ls-columns valign-middle p-t-0 p-b-0 is-layout-flex wp-container-core-columns-is-layout-1 wp-block-columns-is-layout-flex\">\n<div class=\"wp-block-column is-layout-flow wp-block-column-is-layout-flow\" style=\"flex-basis:50%\">\n<figure class=\"wp-block-image size-full ls-image\"><img decoding=\"async\" width=\"935\" height=\"600\" src=\"https:\/\/campingsigean.com\/wp-content\/uploads\/2021\/08\/camping-petit-prix-sigean-1.jpg\" alt=\"\" class=\"wp-image-2819\" srcset=\"https:\/\/campingsigean.com\/wp-content\/uploads\/2021\/08\/camping-petit-prix-sigean-1.jpg 935w, https:\/\/campingsigean.com\/wp-content\/uploads\/2021\/08\/camping-petit-prix-sigean-1-300x193.jpg 300w, https:\/\/campingsigean.com\/wp-content\/uploads\/2021\/08\/camping-petit-prix-sigean-1-768x493.jpg 768w\" sizes=\"(max-width: 935px) 100vw, 935px\" \/><\/figure>\n<\/div>\n\n\n\n<div class=\"wp-block-column modele__contenu is-layout-flow wp-block-column-is-layout-flow\" style=\"flex-basis:50%\">\n<h2 class=\"post__heading-undefined ls-heading wp-block-heading\">Das beste Preis-Leistungs-Verh\u00e4ltnis auf dem Campingplatz Sigean<\/h2>\n\n\n\n<p class=\"ls-paragraph post__paragraph\">Sie suchen nach der <strong>g\u00fcnstigsten<\/strong> Unterkunft in Sigean? Um interessante Einsparungen zu erzielen und gleichzeitig einen au\u00dfergew\u00f6hnlichen Aufenthalt zu genie\u00dfen, bietet unser <a href=\"\/de\/\">Campingplatz in Sigean<\/a> preisg\u00fcnstige Mietangebote.<\/p>\n\n\n\n<p class=\"ls-paragraph post__paragraph\">Die Mobilheime, die wir in der Aude vermieten, verf\u00fcgen \u00fcber eine voll ausgestattete K\u00fcchenzeile, komfortable Schlafzimmer, Sanit\u00e4ranlagen und eine sch\u00f6ne Terrasse. Sie bieten Platz f\u00fcr bis zu 6 Personen und sind das beste Preis-Leistungs-Verh\u00e4ltnis in der Aude f\u00fcr Ihren Urlaub in einem Freilufthotel an der Mittelmeerk\u00fcste. Auch die Preise f\u00fcr unsere Stellpl\u00e4tze in Sigean sind attraktiv. Buchen Sie direkt auf unserer Website und profitieren Sie von den besten Preisen auf unserem g\u00fcnstigen Campingplatz!<\/p>\n<\/div>\n<\/div>\n\n\r\n    <\/div>\r\n<\/section>\n\n<section id=\"ls-section-block_e28f4d876fc5860f5828d0c072ec2293\" class=\"ls-section  modele p-t-0 p-b-0 has-m-t m-t-0 has-m-b m-b-0 has-m-l m-l-0 has-m-r m-r-0 has-p-t p-t-0 has-p-b p-b-0 has-p-l p-l-0 has-p-r p-r-0\" >\r\n        <div class=\"container container--full\">\r\n        \n\n<div class=\"wp-block-columns ls-columns valign-middle p-t-0 p-b-0 is-layout-flex wp-container-core-columns-is-layout-2 wp-block-columns-is-layout-flex\">\n<div class=\"wp-block-column modele__contenu is-layout-flow wp-block-column-is-layout-flow\" style=\"flex-basis:50%\">\n<h2 class=\"post__heading-undefined ls-heading wp-block-heading\">Unsere Sonderangebote und Promotionen in der Aude  <\/h2>\n\n\n\n<p class=\"ls-paragraph post__paragraph\">Um Ihren Urlaub ohne Vorbehalt zu genie\u00dfen, stellen Sie Ihr Gep\u00e4ck auf unserem Campingplatz ab: Sie werden von unseren <strong>Sonderangeboten<\/strong> in Sigean profitieren, f\u00fcr einen 3-Sterne-Aufenthalt zu einem g\u00fcnstigen Preis. Auf unsere Pauschalangebote erhalten Sie je nach Zeitraum und gew\u00e4hlter Unterkunft <strong>zwischen 10 und 20 % Erm\u00e4\u00dfigung<\/strong>.<\/p>\n\n\n\n<p class=\"ls-paragraph post__paragraph\">W\u00e4hlen Sie Ihr bevorzugtes Wohnmobilmodell aus unserem Angebot und buchen Sie Ihren Aufenthalt, indem Sie Ihre Daten ausw\u00e4hlen, um den besten Preis, aber auch das beste Preis-Leistungs-Verh\u00e4ltnis zu erhalten. Entdecken Sie unsere Sonderangebote in der Aude in unserem g\u00fcnstigen Outdoor-Hotel!<\/p>\n<\/div>\n\n\n\n<div class=\"wp-block-column is-layout-flow wp-block-column-is-layout-flow\" style=\"flex-basis:50%\">\n<figure class=\"wp-block-image size-full ls-image\"><img decoding=\"async\" width=\"935\" height=\"600\" src=\"https:\/\/campingsigean.com\/wp-content\/uploads\/2021\/08\/camping-meilleur-prix-sigean-2.jpg\" alt=\"\" class=\"wp-image-2831\" srcset=\"https:\/\/campingsigean.com\/wp-content\/uploads\/2021\/08\/camping-meilleur-prix-sigean-2.jpg 935w, https:\/\/campingsigean.com\/wp-content\/uploads\/2021\/08\/camping-meilleur-prix-sigean-2-300x193.jpg 300w, https:\/\/campingsigean.com\/wp-content\/uploads\/2021\/08\/camping-meilleur-prix-sigean-2-768x493.jpg 768w\" sizes=\"(max-width: 935px) 100vw, 935px\" \/><\/figure>\n<\/div>\n<\/div>\n\n\r\n    <\/div>\r\n<\/section>\n\n<section id=\"ls-section-block_e28f4d876fc5860f5828d0c072ec2293\" class=\"ls-section  modele p-t-0 p-b-0 has-m-t m-t-0 has-m-b m-b-0 has-m-l m-l-0 has-m-r m-r-0 has-p-t p-t-0 has-p-b p-b-0 has-p-l p-l-0 has-p-r p-r-0\" >\r\n        <div class=\"container container--full\">\r\n        \n\n<div class=\"wp-block-columns ls-columns valign-middle p-t-0 p-b-0 is-layout-flex wp-container-core-columns-is-layout-3 wp-block-columns-is-layout-flex\">\n<div class=\"wp-block-column is-layout-flow wp-block-column-is-layout-flow\" style=\"flex-basis:50%\">\n<figure class=\"wp-block-image size-full ls-image\"><img decoding=\"async\" width=\"935\" height=\"600\" src=\"https:\/\/campingsigean.com\/wp-content\/uploads\/2021\/08\/camping-pas-cher-sigean.jpg\" alt=\"\" class=\"wp-image-2827\" srcset=\"https:\/\/campingsigean.com\/wp-content\/uploads\/2021\/08\/camping-pas-cher-sigean.jpg 935w, https:\/\/campingsigean.com\/wp-content\/uploads\/2021\/08\/camping-pas-cher-sigean-300x193.jpg 300w, https:\/\/campingsigean.com\/wp-content\/uploads\/2021\/08\/camping-pas-cher-sigean-768x493.jpg 768w\" sizes=\"(max-width: 935px) 100vw, 935px\" \/><\/figure>\n<\/div>\n\n\n\n<div class=\"wp-block-column modele__contenu is-layout-flow wp-block-column-is-layout-flow\" style=\"flex-basis:50%\">\n<h2 class=\"post__heading-undefined ls-heading wp-block-heading\">Unsere Etiketten f\u00fcr Camper<\/h2>\n\n\n\n<p class=\"ls-paragraph post__paragraph\">F\u00fcr einen sonnigen Aufenthalt zum besten Preis in Sigean, ist unser Campingplatz Teil des <strong>Acsi und ANWB Netzwerks<\/strong>. Mit diesen G\u00fctesiegeln k\u00f6nnen Sie von vielen Vorteilen profitieren, z. B. von einem g\u00fcnstigen Mietpreis und von Ratschl\u00e4gen, wie Sie Ihren Urlaub genie\u00dfen k\u00f6nnen, ohne das Budget zu sprengen.<\/p>\n\n\n\n<p class=\"ls-paragraph post__paragraph\">Wenn Sie Ihren Aufenthalt auf einem Acsi- und ANWB-Qualit\u00e4tscampingplatz in Frankreich buchen, k\u00f6nnen Sie sicher sein, dass Sie das beste Preis-Leistungs-Verh\u00e4ltnis erhalten. Z\u00f6gern Sie also nicht, Ihr Mobilheim oder Ihren <strong>Stellplatz zum besten Preis <\/strong>in der Aude zu finden. Buchen Sie Ihre g\u00fcnstige Unterkunft auf dem Campingplatz Grange Neuve online!<\/p>\n<\/div>\n<\/div>\n\n\r\n    <\/div>\r\n<\/section>\n\n<section id=\"ls-section-block_e91c7b3448e2d86668bc8c9a1bb11dc5\" class=\"ls-section  p-b-0 has-m-t m-t-0 has-m-b m-b-0 has-m-l m-l-0 has-m-r m-r-0 has-p-t p-t-0 has-p-b p-b-0 has-p-l p-l-0 has-p-r p-r-0\" >\r\n        <div class=\"container \">\r\n        \n\n<hr class=\"wp-block-separator has-css-opacity ls-separator is-style-default\"\/>\n\n\n<div class=\"wp-block-image ls-image is-style-rounded\">\n<figure class=\"aligncenter size-full\"><img decoding=\"async\" width=\"150\" height=\"150\" src=\"https:\/\/campingsigean.com\/wp-content\/uploads\/2021\/08\/camping-petit-prix-sigean.jpg\" alt=\"\" class=\"wp-image-2943\"\/><\/figure><\/div>\n\n\n<blockquote class=\"wp-block-quote has-text-align-center ls-quote is-style-large is-layout-flow wp-block-quote-is-layout-flow\">\n<p class=\"ls-paragraph\">&#8222;Sehr sauberer und gut gelegener Campingplatz. F\u00fcr einen Aufenthalt mit Freunden haben wir ein sehr gut ausgestattetes Mobilheim mit einem Sonderangebot gemietet. Dies ist zweifellos der beste preisg\u00fcnstige Campingplatz in der Gegend. Wir werden wiederkommen.&#8220;<\/p>\n<cite>&#8211; Laura<\/cite><\/blockquote>\n\n\n\n<hr class=\"wp-block-separator has-css-opacity ls-separator is-style-default\"\/>\n\n\r\n    <\/div>\r\n<\/section>\n\n<section id=\"ls-section-block_c026558c63fd812912cd3be65ac4ad48\" class=\"ls-section  has-m-t m-t-0 has-m-b m-b-0 has-m-l m-l-0 has-m-r m-r-0 has-p-t p-t-0 has-p-b p-b-0 has-p-l p-l-0 has-p-r p-r-0\" >\r\n        <div class=\"container container--wide\">\r\n        \n\n<h2 class=\"post__heading-undefined has-text-align-center ls-heading wp-block-heading\">unsere unterk\u00fcnfte und aktivit\u00e4ten in sigean<\/h2>\n\n\n<div id=\"ls-maillage-block_26007bdfbd952efaf636be5eb4fea4e8\" class=\"ls-maillage has-m-t m-t-0 has-m-b m-b-0 has-m-l m-l-0 has-m-r m-r-0 has-p-t p-t-0 has-p-b p-b-0 has-p-l p-l-0 has-p-r p-r-0\">\n    <div class=\"wp-block-columns\"><div class=\"wp-block-column\">\n\n<a href=\"https:\/\/campingsigean.com\/de\/familiencampingplatz-sigean\/\" target=\"\" rel=\"noopener\" class=\"ls-cta\">\n\n\t<div class=\"ls-cta__image\"><img decoding=\"async\" src=\"https:\/\/campingsigean.com\/wp-content\/uploads\/2021\/08\/camping-activites-aude-1.jpg\" alt=\"camping aktivit\u00e4ten aude\"><\/div>\n\t<div class=\"ls-cta__title\">\n\t\tUnsere Aktivit\u00e4ten\t<\/div>\n\n\t\t\n<\/a><\/div><div class=\"wp-block-column\">\n\n<a href=\"https:\/\/campingsigean.com\/de\/unsere-standorte\/\" target=\"\" rel=\"noopener\" class=\"ls-cta\">\n\n\t<div class=\"ls-cta__image\"><img decoding=\"async\" src=\"https:\/\/campingsigean.com\/wp-content\/uploads\/2022\/06\/emplacement-sigean.jpg\" alt=\"emplacement-sigean\"><\/div>\n\t<div class=\"ls-cta__title\">\n\t\tUnsere Standorte\t<\/div>\n\n\t\t\n<\/a><\/div><div class=\"wp-block-column\">\n\n<a href=\"https:\/\/campingsigean.com\/de\/unsere-mobilheime\/\" target=\"\" rel=\"noopener\" class=\"ls-cta\">\n\n\t<div class=\"ls-cta__image\"><img decoding=\"async\" src=\"https:\/\/campingsigean.com\/wp-content\/uploads\/2021\/08\/location-hebergement-sigean.jpg\" alt=\"mietunterk\u00fcnfte sigean\"><\/div>\n\t<div class=\"ls-cta__title\">\n\t\tIn den Wohnmobilen\t<\/div>\n\n\t\t\n<\/a><\/div><\/div><\/div>\n\r\n    <\/div>\r\n<\/section>","protected":false},"excerpt":{"rendered":"","protected":false},"author":1,"featured_media":0,"parent":0,"menu_order":0,"comment_status":"closed","ping_status":"closed","template":"","meta":{"_acf_changed":false,"footnotes":""},"sujet":[],"class_list":["post-4543","page","type-page","status-publish","hentry"],"acf":[],"yoast_head":"<!-- This site is optimized with the Yoast SEO plugin v25.3 - https:\/\/yoast.com\/wordpress\/plugins\/seo\/ -->\n<title>G\u00fcnstiges Camping in Sigean | G\u00fcnstiges Camping in Aude<\/title>\n<meta name=\"robots\" content=\"index, follow, max-snippet:-1, max-image-preview:large, max-video-preview:-1\" \/>\n<link rel=\"canonical\" href=\"https:\/\/campingsigean.com\/de\/preise\/\" \/>\n<meta property=\"og:locale\" content=\"de_DE\" \/>\n<meta property=\"og:type\" content=\"article\" \/>\n<meta property=\"og:title\" content=\"G\u00fcnstiges Camping in Sigean | G\u00fcnstiges Camping in Aude\" \/>\n<meta property=\"og:url\" content=\"https:\/\/campingsigean.com\/de\/preise\/\" \/>\n<meta property=\"og:site_name\" content=\"Camping Grange Neuve\" \/>\n<meta property=\"article:modified_time\" content=\"2023-06-22T10:03:32+00:00\" \/>\n<meta property=\"og:image\" content=\"https:\/\/campingsigean.com\/wp-content\/uploads\/2021\/08\/camping-pas-cher-sigean-1.jpg\" \/>\n\t<meta property=\"og:image:width\" content=\"1903\" \/>\n\t<meta property=\"og:image:height\" content=\"562\" \/>\n\t<meta property=\"og:image:type\" content=\"image\/jpeg\" \/>\n<meta name=\"twitter:card\" content=\"summary_large_image\" \/>\n<meta name=\"twitter:label1\" content=\"Gesch\u00e4tzte Lesezeit\" \/>\n\t<meta name=\"twitter:data1\" content=\"3\u00a0Minuten\" \/>\n<script type=\"application\/ld+json\" class=\"yoast-schema-graph\">{\"@context\":\"https:\/\/schema.org\",\"@graph\":[{\"@type\":\"WebPage\",\"@id\":\"https:\/\/campingsigean.com\/de\/preise\/\",\"url\":\"https:\/\/campingsigean.com\/de\/preise\/\",\"name\":\"G\u00fcnstiges Camping in Sigean | G\u00fcnstiges Camping in Aude\",\"isPartOf\":{\"@id\":\"https:\/\/campingsigean.com\/de\/#website\"},\"primaryImageOfPage\":{\"@id\":\"https:\/\/campingsigean.com\/de\/preise\/#primaryimage\"},\"image\":{\"@id\":\"https:\/\/campingsigean.com\/de\/preise\/#primaryimage\"},\"thumbnailUrl\":\"https:\/\/campingsigean.com\/wp-content\/uploads\/2021\/08\/camping-petit-prix-sigean-1.jpg\",\"datePublished\":\"2021-09-10T14:12:35+00:00\",\"dateModified\":\"2023-06-22T10:03:32+00:00\",\"breadcrumb\":{\"@id\":\"https:\/\/campingsigean.com\/de\/preise\/#breadcrumb\"},\"inLanguage\":\"de\",\"potentialAction\":[{\"@type\":\"ReadAction\",\"target\":[\"https:\/\/campingsigean.com\/de\/preise\/\"]}]},{\"@type\":\"ImageObject\",\"inLanguage\":\"de\",\"@id\":\"https:\/\/campingsigean.com\/de\/preise\/#primaryimage\",\"url\":\"https:\/\/campingsigean.com\/wp-content\/uploads\/2021\/08\/camping-petit-prix-sigean-1.jpg\",\"contentUrl\":\"https:\/\/campingsigean.com\/wp-content\/uploads\/2021\/08\/camping-petit-prix-sigean-1.jpg\"},{\"@type\":\"BreadcrumbList\",\"@id\":\"https:\/\/campingsigean.com\/de\/preise\/#breadcrumb\",\"itemListElement\":[{\"@type\":\"ListItem\",\"position\":1,\"name\":\"Camping Aude\",\"item\":\"https:\/\/campingsigean.com\/de\/\"},{\"@type\":\"ListItem\",\"position\":2,\"name\":\"Camping zum besten Preis in Sigean\"}]},{\"@type\":\"WebSite\",\"@id\":\"https:\/\/campingsigean.com\/de\/#website\",\"url\":\"https:\/\/campingsigean.com\/de\/\",\"name\":\"Camping Grange Neuve\",\"description\":\"\",\"publisher\":{\"@id\":\"https:\/\/campingsigean.com\/de\/#organization\"},\"potentialAction\":[{\"@type\":\"SearchAction\",\"target\":{\"@type\":\"EntryPoint\",\"urlTemplate\":\"https:\/\/campingsigean.com\/de\/?s={search_term_string}\"},\"query-input\":{\"@type\":\"PropertyValueSpecification\",\"valueRequired\":true,\"valueName\":\"search_term_string\"}}],\"inLanguage\":\"de\"},{\"@type\":\"Organization\",\"@id\":\"https:\/\/campingsigean.com\/de\/#organization\",\"name\":\"Camping La Grange Neuve\",\"url\":\"https:\/\/campingsigean.com\/de\/\",\"logo\":{\"@type\":\"ImageObject\",\"inLanguage\":\"de\",\"@id\":\"https:\/\/campingsigean.com\/de\/#\/schema\/logo\/image\/\",\"url\":\"https:\/\/campingsigean.com\/wp-content\/uploads\/2021\/08\/cropped-logo-camping-sigean.png\",\"contentUrl\":\"https:\/\/campingsigean.com\/wp-content\/uploads\/2021\/08\/cropped-logo-camping-sigean.png\",\"width\":117,\"height\":98,\"caption\":\"Camping La Grange Neuve\"},\"image\":{\"@id\":\"https:\/\/campingsigean.com\/de\/#\/schema\/logo\/image\/\"}}]}<\/script>\n<!-- \/ Yoast SEO plugin. -->","yoast_head_json":{"title":"G\u00fcnstiges Camping in Sigean | G\u00fcnstiges Camping in Aude","robots":{"index":"index","follow":"follow","max-snippet":"max-snippet:-1","max-image-preview":"max-image-preview:large","max-video-preview":"max-video-preview:-1"},"canonical":"https:\/\/campingsigean.com\/de\/preise\/","og_locale":"de_DE","og_type":"article","og_title":"G\u00fcnstiges Camping in Sigean | G\u00fcnstiges Camping in Aude","og_url":"https:\/\/campingsigean.com\/de\/preise\/","og_site_name":"Camping Grange Neuve","article_modified_time":"2023-06-22T10:03:32+00:00","og_image":[{"width":1903,"height":562,"url":"https:\/\/campingsigean.com\/wp-content\/uploads\/2021\/08\/camping-pas-cher-sigean-1.jpg","type":"image\/jpeg"}],"twitter_card":"summary_large_image","twitter_misc":{"Gesch\u00e4tzte Lesezeit":"3\u00a0Minuten"},"schema":{"@context":"https:\/\/schema.org","@graph":[{"@type":"WebPage","@id":"https:\/\/campingsigean.com\/de\/preise\/","url":"https:\/\/campingsigean.com\/de\/preise\/","name":"G\u00fcnstiges Camping in Sigean | G\u00fcnstiges Camping in Aude","isPartOf":{"@id":"https:\/\/campingsigean.com\/de\/#website"},"primaryImageOfPage":{"@id":"https:\/\/campingsigean.com\/de\/preise\/#primaryimage"},"image":{"@id":"https:\/\/campingsigean.com\/de\/preise\/#primaryimage"},"thumbnailUrl":"https:\/\/campingsigean.com\/wp-content\/uploads\/2021\/08\/camping-petit-prix-sigean-1.jpg","datePublished":"2021-09-10T14:12:35+00:00","dateModified":"2023-06-22T10:03:32+00:00","breadcrumb":{"@id":"https:\/\/campingsigean.com\/de\/preise\/#breadcrumb"},"inLanguage":"de","potentialAction":[{"@type":"ReadAction","target":["https:\/\/campingsigean.com\/de\/preise\/"]}]},{"@type":"ImageObject","inLanguage":"de","@id":"https:\/\/campingsigean.com\/de\/preise\/#primaryimage","url":"https:\/\/campingsigean.com\/wp-content\/uploads\/2021\/08\/camping-petit-prix-sigean-1.jpg","contentUrl":"https:\/\/campingsigean.com\/wp-content\/uploads\/2021\/08\/camping-petit-prix-sigean-1.jpg"},{"@type":"BreadcrumbList","@id":"https:\/\/campingsigean.com\/de\/preise\/#breadcrumb","itemListElement":[{"@type":"ListItem","position":1,"name":"Camping Aude","item":"https:\/\/campingsigean.com\/de\/"},{"@type":"ListItem","position":2,"name":"Camping zum besten Preis in Sigean"}]},{"@type":"WebSite","@id":"https:\/\/campingsigean.com\/de\/#website","url":"https:\/\/campingsigean.com\/de\/","name":"Camping Grange Neuve","description":"","publisher":{"@id":"https:\/\/campingsigean.com\/de\/#organization"},"potentialAction":[{"@type":"SearchAction","target":{"@type":"EntryPoint","urlTemplate":"https:\/\/campingsigean.com\/de\/?s={search_term_string}"},"query-input":{"@type":"PropertyValueSpecification","valueRequired":true,"valueName":"search_term_string"}}],"inLanguage":"de"},{"@type":"Organization","@id":"https:\/\/campingsigean.com\/de\/#organization","name":"Camping La Grange Neuve","url":"https:\/\/campingsigean.com\/de\/","logo":{"@type":"ImageObject","inLanguage":"de","@id":"https:\/\/campingsigean.com\/de\/#\/schema\/logo\/image\/","url":"https:\/\/campingsigean.com\/wp-content\/uploads\/2021\/08\/cropped-logo-camping-sigean.png","contentUrl":"https:\/\/campingsigean.com\/wp-content\/uploads\/2021\/08\/cropped-logo-camping-sigean.png","width":117,"height":98,"caption":"Camping La Grange Neuve"},"image":{"@id":"https:\/\/campingsigean.com\/de\/#\/schema\/logo\/image\/"}}]}},"_links":{"self":[{"href":"https:\/\/campingsigean.com\/de\/wp-json\/wp\/v2\/pages\/4543"}],"collection":[{"href":"https:\/\/campingsigean.com\/de\/wp-json\/wp\/v2\/pages"}],"about":[{"href":"https:\/\/campingsigean.com\/de\/wp-json\/wp\/v2\/types\/page"}],"author":[{"embeddable":true,"href":"https:\/\/campingsigean.com\/de\/wp-json\/wp\/v2\/users\/1"}],"replies":[{"embeddable":true,"href":"https:\/\/campingsigean.com\/de\/wp-json\/wp\/v2\/comments?post=4543"}],"version-history":[{"count":6,"href":"https:\/\/campingsigean.com\/de\/wp-json\/wp\/v2\/pages\/4543\/revisions"}],"predecessor-version":[{"id":11235,"href":"https:\/\/campingsigean.com\/de\/wp-json\/wp\/v2\/pages\/4543\/revisions\/11235"}],"wp:attachment":[{"href":"https:\/\/campingsigean.com\/de\/wp-json\/wp\/v2\/media?parent=4543"}],"wp:term":[{"taxonomy":"sujet","embeddable":true,"href":"https:\/\/campingsigean.com\/de\/wp-json\/wp\/v2\/sujet?post=4543"}],"curies":[{"name":"wp","href":"https:\/\/api.w.org\/{rel}","templated":true}]}}