{"id":4604,"date":"2021-09-10T16:12:55","date_gmt":"2021-09-10T14:12:55","guid":{"rendered":"https:\/\/campingsigean.com\/datenschutzbestimmungen\/"},"modified":"2021-11-08T15:11:57","modified_gmt":"2021-11-08T14:11:57","slug":"datenschutzbestimmungen","status":"publish","type":"page","link":"https:\/\/campingsigean.com\/de\/datenschutzbestimmungen\/","title":{"rendered":"Datenschutzbestimmungen"},"content":{"rendered":"\n<h1 class=\"ls__heading-undefined has-text-align-center post__heading-undefined wp-block-heading\">Datenschutzbestimmungen<\/h1>\n\n\n<section id=\"ls-section-block_61388f2605073\" class=\"ls-section  modele__contenu has-m-t m-t-0 has-m-b m-b-0 has-m-l m-l-0 has-m-r m-r-0 has-p-t p-t-0 has-p-b p-b-0 has-p-l p-l-0 has-p-r p-r-0\" >\r\n        <div class=\"container container--wide\">\r\n        \n\n<p class=\"ls__paragraph post__paragraph\">Diese Datenschutzrichtlinie beschreibt die personenbezogenen Daten, die bei der Nutzung der Website erhoben oder erzeugt (verarbeitet) werden. In dieser Datenschutzerkl\u00e4rung wird beschrieben, welche Arten von personenbezogenen Daten bei der Nutzung unserer Website erfasst werden und wie Ihre personenbezogenen Daten verwendet, weitergegeben und gesch\u00fctzt werden. Au\u00dferdem wird erl\u00e4utert, welche M\u00f6glichkeiten Sie in Bezug auf Ihre pers\u00f6nlichen Daten haben und wie Sie uns kontaktieren k\u00f6nnen.<\/p>\n\n\n\n<h2 class=\"ls__heading-undefined post__heading-undefined wp-block-heading\">Inhalts\u00fcbersicht<\/h2>\n\n\n\n<ol class=\"ls__list-undefined post__list-undefined wp-block-list\" value=\"<li class=&quot;ls__list-item is-item-undefined&quot;&gt;<span class=&quot;has-inline-color has-color-1-color&quot;&gt;<a href=&quot;#gdpr-1&quot;&gt;Wer sind wir?<\/a&gt;<\/span&gt;<\/li&gt;<li class=&quot;ls__list-item is-item-undefined&quot;&gt;<span class=&quot;has-inline-color has-color-1-color&quot;&gt;<a href=&quot;#gdpr-2&quot;&gt;Verwendung der erhobenen personenbezogenen Daten<\/a&gt;<\/span&gt;<\/li&gt;<li class=&quot;ls__list-item is-item-undefined&quot;&gt;<span class=&quot;has-inline-color has-color-1-color&quot;&gt;<a href=&quot;#gdpr-3&quot;&gt;Kommentare<\/a&gt;<\/span&gt;<\/li&gt;<li class=&quot;ls__list-item is-item-undefined&quot;&gt;<span class=&quot;has-inline-color has-color-1-color&quot;&gt;<a href=&quot;#gdpr-4&quot;&gt;Medien<\/a&gt;<\/span&gt;<\/li&gt;<li class=&quot;ls__list-item is-item-undefined&quot;&gt;<span class=&quot;has-inline-color has-color-1-color&quot;&gt;<a href=&quot;#gdpr-5&quot;&gt;Kontaktformulare<\/a&gt;<\/span&gt;<\/li&gt;<li class=&quot;ls__list-item is-item-undefined&quot;&gt;<span class=&quot;has-inline-color has-color-1-color&quot;&gt;<a href=&quot;#gdpr-6&quot;&gt;Verwendung von Cookies<\/a&gt;<\/span&gt;<\/li&gt;<li class=&quot;ls__list-item is-item-undefined&quot;&gt;<span class=&quot;has-inline-color has-color-1-color&quot;&gt;<a href=&quot;#gdpr-7&quot;&gt;Statistik und Publikumsmessung<\/a&gt;<\/span&gt;<\/li&gt;<li class=&quot;ls__list-item is-item-undefined&quot;&gt;<span class=&quot;has-inline-color has-color-1-color&quot;&gt;<a href=&quot;#gdpr-8&quot;&gt;Wie lange Ihre Daten gespeichert werden<\/a&gt;<\/span&gt;<\/li&gt;<li class=&quot;ls__list-item is-item-undefined&quot;&gt;<span class=&quot;has-inline-color has-color-1-color&quot;&gt;<a href=&quot;#gdpr-9&quot;&gt;Die Rechte, die Sie in Bezug auf Ihre Daten haben<\/a&gt;<\/span&gt;<\/li&gt;<li class=&quot;ls__list-item is-item-undefined&quot;&gt;<span class=&quot;has-inline-color has-color-1-color&quot;&gt;<a href=&quot;#gdpr-10&quot;&gt;\u00dcbermittlung Ihrer personenbezogenen Daten<\/a&gt;<\/span&gt;<\/li&gt;<li class=&quot;ls__list-item is-item-undefined&quot;&gt;<span class=&quot;has-inline-color has-color-1-color&quot;&gt;<a href=&quot;#gdpr-11&quot;&gt;Wie wir Ihre Daten sch\u00fctzen<\/a&gt;<\/span&gt;<\/li&gt;<li class=&quot;ls__list-item is-item-undefined&quot;&gt;<span class=&quot;has-inline-color has-color-1-color&quot;&gt;<a href=&quot;#gdpr-12&quot;&gt;Kontaktinformationen<\/a&gt;<\/span&gt;<\/li&gt;\"><li><span class=\"has-inline-color has-color-1-color\"><a href=\"#gdpr-1\">Wer sind wir?<\/a><\/span><\/li><li><span class=\"has-inline-color has-color-1-color\"><a href=\"#gdpr-2\">Verwendung der erhobenen personenbezogenen Daten<\/a><\/span><\/li><li><span class=\"has-inline-color has-color-1-color\"><a href=\"#gdpr-3\">Kommentare<\/a><\/span><\/li><li><span class=\"has-inline-color has-color-1-color\"><a href=\"#gdpr-4\">Medien<\/a><\/span><\/li><li><span class=\"has-inline-color has-color-1-color\"><a href=\"#gdpr-5\">Kontaktformulare<\/a><\/span><\/li><li><span class=\"has-inline-color has-color-1-color\"><a href=\"#gdpr-6\">Verwendung von Cookies<\/a><\/span><\/li><li><span class=\"has-inline-color has-color-1-color\"><a href=\"#gdpr-7\">Statistik und Publikumsmessung<\/a><\/span><\/li><li><span class=\"has-inline-color has-color-1-color\"><a href=\"#gdpr-8\">Wie lange Ihre Daten gespeichert werden<\/a><\/span><\/li><li><span class=\"has-inline-color has-color-1-color\"><a href=\"#gdpr-9\">Die Rechte, die Sie in Bezug auf Ihre Daten haben<\/a><\/span><\/li><li><span class=\"has-inline-color has-color-1-color\"><a href=\"#gdpr-10\">\u00dcbermittlung Ihrer personenbezogenen Daten<\/a><\/span><\/li><li><span class=\"has-inline-color has-color-1-color\"><a href=\"#gdpr-11\">Wie wir Ihre Daten sch\u00fctzen<\/a><\/span><\/li><li><span class=\"has-inline-color has-color-1-color\"><a href=\"#gdpr-12\">Kontaktinformationen<\/a><\/span><\/li><\/ol>\n\n\n\n<h2 class=\"ls__heading-undefined post__heading-undefined wp-block-heading\" id=\"gdpr-1\">Wer sind wir?<\/h2>\n\n\n\n<p class=\"ls__paragraph post__paragraph\">Entdecken Sie alle unsere Informationen auf der Seite <a href=\"https:\/\/campingsigean.com\/de\/rechtliche-informationen\/\">Recht<\/a>.<\/p>\n\n\n\n<h2 class=\"ls__heading-undefined post__heading-undefined wp-block-heading\" id=\"gdpr-2\">Verwendung der erhobenen personenbezogenen Daten<\/h2>\n\n\n\n<p class=\"ls__paragraph post__paragraph\">Wir sammeln nicht automatisch und direkt irgendwelche Daten \u00fcber Sie.<\/p>\n\n\n\n<p class=\"ls__paragraph post__paragraph\">Dessen ungeachtet k\u00f6nnen wir Informationen, einschlie\u00dflich personenbezogener Daten, von Dritten sammeln (siehe Abschnitt <a href=\"#gdpr-5\">Cookies<\/a>).<\/p>\n\n\n\n<h2 class=\"ls__heading-undefined post__heading-undefined wp-block-heading\" id=\"gdpr-3\">Kommentare<\/h2>\n\n\n\n<p class=\"ls__paragraph post__paragraph\">Wenn Sie einen Kommentar auf unserer Website hinterlassen, werden die in das Kommentarformular eingegebenen Daten, aber auch Ihre IP-Adresse und der User-Agent Ihres Browsers erfasst, damit wir unerw\u00fcnschte Kommentare erkennen k\u00f6nnen.<\/p>\n\n\n\n<p class=\"ls__paragraph post__paragraph\">Eine anonymisierte Zeichenfolge, die aus Ihrer E-Mail-Adresse erstellt wird (auch als Hash bekannt), kann an den Gravatar-Dienst gesendet werden, um zu \u00fcberpr\u00fcfen, ob Sie ihn verwenden. Die Datenschutzbestimmungen von Gravatar finden Sie unter https:\/\/automattic.com\/privacy\/. Nach der Validierung Ihres Kommentars wird Ihr Profilbild neben Ihrem Kommentar \u00f6ffentlich sichtbar sein.<\/p>\n\n\n\n<h2 class=\"ls__heading-undefined post__heading-undefined wp-block-heading\" id=\"gdpr-4\">Medien<\/h2>\n\n\n\n<p class=\"ls__paragraph post__paragraph\">Wenn Sie ein registrierter Nutzer sind und Bilder auf die Website hochladen, raten wir Ihnen, keine Bilder hochzuladen, die EXIF-Daten von GPS-Koordinaten enthalten. Die Besucher Ihrer Website k\u00f6nnen diese Bilder herunterladen und Standortdaten daraus extrahieren.<\/p>\n\n\n\n<h2 class=\"ls__heading-undefined post__heading-undefined wp-block-heading\" id=\"gdpr-5\">Kontaktformulare<\/h2>\n\n\n\n<p class=\"ls__paragraph post__paragraph\">Sie k\u00f6nnen uns Informationen zur Verf\u00fcgung stellen, wenn Sie ein Formular ausf\u00fcllen. Diese Informationen werden uns per E-Mail zugesandt und werden nur in unserem E-Mail-Dienst gespeichert; sie werden ausschlie\u00dflich zur Beantwortung Ihrer Anfrage verwendet. Wenn die Informationen f\u00fcr kommerzielle Zwecke verwendet werden sollen, wird dies am Ende des Formulars angegeben. Wenn wir Informationen \u00fcber ein Formular sammeln, werden wir Sie immer um Ihre Zustimmung bitten.<\/p>\n\n\n\n<h2 class=\"ls__heading-undefined post__heading-undefined wp-block-heading\" id=\"gdpr-6\">Verwendung von Cookies<\/h2>\n\n\n\n<p class=\"ls__paragraph post__paragraph\"><strong>Was ist ein Keks?<\/strong><br>Ein Cookie ist eine kleine Datendatei, die auf Ihr Ger\u00e4t \u00fcbertragen und dort gespeichert wird. In der Praxis erm\u00f6glicht uns ein Cookie, Ihren Browser oder Ihre Sprache zu erkennen oder Ihre Pr\u00e4ferenzen zu speichern.<br>Auf unserer Website werden zwei Arten von Cookies verwendet: &#8222;Sitzungscookies&#8220; und &#8222;dauerhafte Cookies&#8220;. Sitzungscookies verfallen, wenn Sie Ihren Browser schlie\u00dfen, w\u00e4hrend dauerhafte Cookies auf Ihrem Ger\u00e4t verbleiben, nachdem Sie Ihren Browser geschlossen haben, und bei Ihrem n\u00e4chsten Besuch unserer Website wieder verwendet werden k\u00f6nnen.<\/p>\n\n\n\n<p class=\"post__paragraph\">Weitere Informationen auf <a href=\"https:\/\/www.allaboutcookies.org\/fr\/\" rel=\"noreferrer noopener\" target=\"_blank\">allaboutcookies.org<\/a>.<\/p>\n\n\n\n<p class=\"post__paragraph\"><strong>Unsere Cookies<\/strong><\/p>\n\n\n\n<p class=\"post__paragraph\">Wenn Sie einen Kommentar auf unserer Website hinterlassen, wird Ihnen die M\u00f6glichkeit geboten, Ihren Namen, Ihre E-Mail-Adresse und Ihre Website in Cookies zu speichern. Dies ist nur zu Ihrer Bequemlichkeit, damit Sie diese Informationen nicht erneut eingeben m\u00fcssen, wenn Sie sp\u00e4ter einen weiteren Kommentar hinterlassen. Diese Cookies verfallen nach einem Jahr.<\/p>\n\n\n\n<p class=\"post__paragraph\">Wenn Sie ein Konto haben und sich auf dieser Website anmelden, wird ein tempor\u00e4rer Cookie gesetzt, um festzustellen, ob Ihr Browser Cookies akzeptiert. Sie enth\u00e4lt keine pers\u00f6nlichen Daten und wird automatisch gel\u00f6scht, wenn Sie Ihren Browser schlie\u00dfen.<\/p>\n\n\n\n<p class=\"post__paragraph\">Wenn Sie sich anmelden, werden wir eine Reihe von Cookies setzen, um Ihre Anmeldeinformationen und Bildschirmeinstellungen zu speichern. Die Lebensdauer eines Verbindungs-Cookies betr\u00e4gt zwei Tage, die eines Bildschirmoptions-Cookies ein Jahr. Wenn Sie &#8222;Angemeldet bleiben&#8220; ankreuzen, wird Ihr Login-Cookie zwei Wochen lang gespeichert. Wenn Sie sich von Ihrem Konto abmelden, wird das Anmelde-Cookie gel\u00f6scht.<\/p>\n\n\n\n<p class=\"post__paragraph\">Wenn Sie einen Artikel bearbeiten oder ver\u00f6ffentlichen, wird ein zus\u00e4tzliches Cookie in Ihrem Browser gespeichert. Dieses Cookie enth\u00e4lt keine personenbezogenen Daten. Sie gibt einfach den Bezeichner des Elements an, das Sie gerade ge\u00e4ndert haben. Er verf\u00e4llt nach einem Tag.<\/p>\n\n\n\n<p class=\"post__paragraph\"><strong>Cookies von Dritten<\/strong><\/p>\n\n\n\n<p class=\"post__paragraph\">Die Artikel auf dieser Website k\u00f6nnen eingebettete Inhalte enthalten (z.B. Videos, Bilder, Artikel&#8230;). Von anderen Websites eingebettete Inhalte verhalten sich so, als ob der Besucher auf der anderen Website w\u00e4re.<\/p>\n\n\n\n<p class=\"post__paragraph\">Diese Websites k\u00f6nnen Daten \u00fcber Sie sammeln, Cookies verwenden, Tracking-Tools von Drittanbietern einbetten und Ihre Interaktionen mit diesen eingebetteten Inhalten nachverfolgen, wenn Sie \u00fcber ein eingeloggtes Konto auf ihrer Website verf\u00fcgen.<\/p>\n\n\n\n<p class=\"post__paragraph\">Wir k\u00f6nnen bestimmten Gesch\u00e4ftspartnern erlauben, Technologien auf unserer Website zu installieren. Diese Partner verwenden diese Technologien, um uns bei der Analyse Ihrer Nutzung der Website zu helfen, z. B. durch die Erfassung der Dienste Dritter, \u00fcber die Sie auf die Plattform gelangt sind, um unsere Dienste auf unserer Website und auf Websites Dritter zu vermarkten und zu bewerben, um uns bei der Aufdeckung und Verhinderung von Betrug oder bei der Durchf\u00fchrung von Risikobewertungen zu unterst\u00fctzen oder um Informationen \u00fcber Ihre Aktivit\u00e4ten auf der Website zu sammeln.<\/p>\n\n\n\n<p class=\"post__paragraph\">Unsere Website kann Social Plugins verwenden, die von Drittanbietern bereitgestellt und betrieben werden, wie z. B. die Facebook-Schaltfl\u00e4che &#8222;Gef\u00e4llt mir&#8220;. Infolgedessen k\u00f6nnen Sie dem Dritten Informationen \u00fcbermitteln, die Sie in einem bestimmten Bereich unserer Website sehen. Wenn Sie nicht in Ihr Konto bei der dritten Partei eingeloggt sind, wei\u00df die dritte Partei nicht, wer Sie sind. Wenn Sie in Ihr Konto bei dem Dritten eingeloggt sind, kann der Dritte Informationen oder Aktionen in Bezug auf Ihre Interaktionen mit unserer Website mit Ihrem Konto bei dem Dritten verkn\u00fcpfen. Bitte lesen Sie die Datenschutzrichtlinien der Drittanbieter, um mehr \u00fcber deren Datenpraktiken zu erfahren.<\/p>\n\n\n\n<p class=\"post__paragraph\">Die Liste der auf dieser Website verwendeten Cookies von Drittanbietern ist in der <a href=\"\/#moove_gdpr_cookie_modal\">Cookie-Verwaltungsleiste<\/a> verf\u00fcgbar.<\/p>\n\n\n\n<h2 class=\"post__heading-undefined wp-block-heading\" id=\"gdpr-7\">Statistik und Publikumsmessung<\/h2>\n\n\n\n<p class=\"post__paragraph\">Zu Analysezwecken arbeiten wir mit Google Analytics, um Informationen \u00fcber die Nutzung unserer Website zu erhalten, damit wir sie verbessern k\u00f6nnen. Letzteres kann in der <a href=\"\/#moove_gdpr_cookie_modal\">Cookie-Verwaltung<\/a> deaktiviert werden.<\/p>\n\n\n\n<p class=\"post__paragraph\">Um zu verhindern, dass Google Analytics Ihre Daten zu Analysezwecken verwendet, k\u00f6nnen Sie auch das Google Analytics Opt-out Browser Add-on <a href=\"https:\/\/tools.google.com\/dlpage\/gaoptout\" rel=\"noreferrer noopener\" target=\"_blank\">hier<\/a> installieren. Bitte beachten Sie, dass wir keine Kontrolle \u00fcber diesen Opt-out-Link haben und nicht f\u00fcr die Verf\u00fcgbarkeit oder Richtigkeit dieses Mechanismus verantwortlich sind. Weitere Informationen finden Sie in <a href=\"https:\/\/support.google.com\/analytics\/answer\/6004245\" rel=\"noreferrer noopener\" target=\"_blank\">dieser Dokumentation<\/a>.<\/p>\n\n\n\n<h2 class=\"post__heading-undefined wp-block-heading\" id=\"gdpr-8\">Wie lange Ihre Daten gespeichert werden<\/h2>\n\n\n\n<p class=\"post__paragraph\">Wenn Sie einen Kommentar hinterlassen, werden der Kommentar und seine Metadaten auf unbestimmte Zeit gespeichert. Auf diese Weise k\u00f6nnen nachfolgende Kommentare automatisch erkannt und genehmigt werden, anstatt in der Moderationswarteschlange zu verbleiben.<\/p>\n\n\n\n<p class=\"post__paragraph\">Bei Nutzern, die sich auf unserer Website registrieren (sofern m\u00f6glich), speichern wir auch die in ihrem Profil angegebenen personenbezogenen Daten. Alle Nutzer k\u00f6nnen ihre pers\u00f6nlichen Daten jederzeit einsehen, \u00e4ndern oder l\u00f6schen (mit Ausnahme ihres Benutzernamens). Auch Standortleiter k\u00f6nnen diese Informationen einsehen und \u00e4ndern.<\/p>\n\n\n\n<h2 class=\"post__heading-undefined wp-block-heading\" id=\"gdpr-9\">Die Rechte, die Sie in Bezug auf Ihre Daten haben<\/h2>\n\n\n\n<p class=\"post__paragraph\">Wenn Sie ein Konto haben oder Kommentare auf der Website hinterlassen haben, k\u00f6nnen Sie eine Datei anfordern, die alle pers\u00f6nlichen Daten enth\u00e4lt, die wir \u00fcber Sie gespeichert haben, einschlie\u00dflich der Daten, die Sie uns zur Verf\u00fcgung gestellt haben. Sie k\u00f6nnen auch die L\u00f6schung Ihrer personenbezogenen Daten beantragen. Daten, die zu administrativen, rechtlichen oder Sicherheitszwecken gespeichert werden, bleiben dabei unber\u00fccksichtigt.<\/p>\n\n\n\n<h2 class=\"post__heading-undefined wp-block-heading\" id=\"gdpr-10\">\u00dcbermittlung Ihrer personenbezogenen Daten<\/h2>\n\n\n\n<p class=\"post__paragraph\">Besucherkommentare k\u00f6nnen mit Hilfe eines automatischen Spam-Erkennungsdienstes \u00fcberpr\u00fcft werden<br\/>Alle personenbezogenen Daten, die wir verarbeiten, werden im Herzen der Europ\u00e4ischen Union verarbeitet.<\/p>\n\n\n\n<h2 class=\"post__heading-undefined wp-block-heading\" id=\"gdpr-11\">Wie wir Ihre Daten sch\u00fctzen<\/h2>\n\n\n\n<p class=\"post__paragraph\">Wir implementieren und aktualisieren st\u00e4ndig die <strong>Sicherheit<\/strong> der Website, um Ihre Daten vor unbefugtem Zugriff, Verlust, Zerst\u00f6rung oder Ver\u00e4nderung zu sch\u00fctzen. Wir arbeiten daher daran, Ihre Daten so unangreifbar wie m\u00f6glich zu machen. Da das Internet keine 100% sichere Umgebung ist, k\u00f6nnen wir die Sicherheit der \u00dcbertragung oder Speicherung Ihrer Daten nicht vollst\u00e4ndig garantieren.<\/p>\n\n\n\n<h2 class=\"post__heading-undefined wp-block-heading\" id=\"gdpr-12\">Kontaktinformationen<\/h2>\n\n\n\n<p class=\"post__paragraph\">Wenn Sie Fragen zu Ihren pers\u00f6nlichen Daten haben, wenden Sie sich bitte an rgpd@tuvedlacom.com. Weitere Kontaktinformationen finden Sie in unserem <a href=\"https:\/\/campingsigean.com\/de\/rechtliche-informationen\/\">Impressum<\/a>. Bitte beachten Sie, dass wir Sie m\u00f6glicherweise auffordern, Ihre Identit\u00e4t zu \u00fcberpr\u00fcfen, bevor wir Ihre Bewerbung weiter bearbeiten.<\/p>\n\n\r\n    <\/div>\r\n<\/section>","protected":false},"excerpt":{"rendered":"<p>Datenschutzbestimmungen<\/p>\n","protected":false},"author":1,"featured_media":0,"parent":0,"menu_order":0,"comment_status":"closed","ping_status":"closed","template":"","meta":{"_acf_changed":false,"footnotes":""},"sujet":[],"class_list":["post-4604","page","type-page","status-publish","hentry"],"acf":[],"yoast_head":"<!-- This site is optimized with the Yoast SEO plugin v25.3 - https:\/\/yoast.com\/wordpress\/plugins\/seo\/ -->\n<title>Datenschutzbestimmungen - Camping Grange Neuve<\/title>\n<meta name=\"robots\" content=\"noindex, nofollow\" \/>\n<meta property=\"og:locale\" content=\"de_DE\" \/>\n<meta property=\"og:type\" content=\"article\" \/>\n<meta property=\"og:title\" content=\"Datenschutzbestimmungen - Camping Grange Neuve\" \/>\n<meta property=\"og:description\" content=\"Datenschutzbestimmungen\" \/>\n<meta property=\"og:url\" content=\"https:\/\/campingsigean.com\/de\/datenschutzbestimmungen\/\" \/>\n<meta property=\"og:site_name\" content=\"Camping Grange Neuve\" \/>\n<meta property=\"article:modified_time\" content=\"2021-11-08T14:11:57+00:00\" \/>\n<meta name=\"twitter:card\" content=\"summary_large_image\" \/>\n<meta name=\"twitter:label1\" content=\"Gesch\u00e4tzte Lesezeit\" \/>\n\t<meta name=\"twitter:data1\" content=\"6\u00a0Minuten\" \/>\n<script type=\"application\/ld+json\" class=\"yoast-schema-graph\">{\"@context\":\"https:\/\/schema.org\",\"@graph\":[{\"@type\":\"WebPage\",\"@id\":\"https:\/\/campingsigean.com\/de\/datenschutzbestimmungen\/\",\"url\":\"https:\/\/campingsigean.com\/de\/datenschutzbestimmungen\/\",\"name\":\"Datenschutzbestimmungen - Camping Grange Neuve\",\"isPartOf\":{\"@id\":\"https:\/\/campingsigean.com\/de\/#website\"},\"datePublished\":\"2021-09-10T14:12:55+00:00\",\"dateModified\":\"2021-11-08T14:11:57+00:00\",\"breadcrumb\":{\"@id\":\"https:\/\/campingsigean.com\/de\/datenschutzbestimmungen\/#breadcrumb\"},\"inLanguage\":\"de\",\"potentialAction\":[{\"@type\":\"ReadAction\",\"target\":[\"https:\/\/campingsigean.com\/de\/datenschutzbestimmungen\/\"]}]},{\"@type\":\"BreadcrumbList\",\"@id\":\"https:\/\/campingsigean.com\/de\/datenschutzbestimmungen\/#breadcrumb\",\"itemListElement\":[{\"@type\":\"ListItem\",\"position\":1,\"name\":\"Camping Aude\",\"item\":\"https:\/\/campingsigean.com\/de\/\"},{\"@type\":\"ListItem\",\"position\":2,\"name\":\"Datenschutzbestimmungen\"}]},{\"@type\":\"WebSite\",\"@id\":\"https:\/\/campingsigean.com\/de\/#website\",\"url\":\"https:\/\/campingsigean.com\/de\/\",\"name\":\"Camping Grange Neuve\",\"description\":\"\",\"publisher\":{\"@id\":\"https:\/\/campingsigean.com\/de\/#organization\"},\"potentialAction\":[{\"@type\":\"SearchAction\",\"target\":{\"@type\":\"EntryPoint\",\"urlTemplate\":\"https:\/\/campingsigean.com\/de\/?s={search_term_string}\"},\"query-input\":{\"@type\":\"PropertyValueSpecification\",\"valueRequired\":true,\"valueName\":\"search_term_string\"}}],\"inLanguage\":\"de\"},{\"@type\":\"Organization\",\"@id\":\"https:\/\/campingsigean.com\/de\/#organization\",\"name\":\"Camping La Grange Neuve\",\"url\":\"https:\/\/campingsigean.com\/de\/\",\"logo\":{\"@type\":\"ImageObject\",\"inLanguage\":\"de\",\"@id\":\"https:\/\/campingsigean.com\/de\/#\/schema\/logo\/image\/\",\"url\":\"https:\/\/campingsigean.com\/wp-content\/uploads\/2021\/08\/cropped-logo-camping-sigean.png\",\"contentUrl\":\"https:\/\/campingsigean.com\/wp-content\/uploads\/2021\/08\/cropped-logo-camping-sigean.png\",\"width\":117,\"height\":98,\"caption\":\"Camping La Grange Neuve\"},\"image\":{\"@id\":\"https:\/\/campingsigean.com\/de\/#\/schema\/logo\/image\/\"}}]}<\/script>\n<!-- \/ Yoast SEO plugin. -->","yoast_head_json":{"title":"Datenschutzbestimmungen - Camping Grange Neuve","robots":{"index":"noindex","follow":"nofollow"},"og_locale":"de_DE","og_type":"article","og_title":"Datenschutzbestimmungen - Camping Grange Neuve","og_description":"Datenschutzbestimmungen","og_url":"https:\/\/campingsigean.com\/de\/datenschutzbestimmungen\/","og_site_name":"Camping Grange Neuve","article_modified_time":"2021-11-08T14:11:57+00:00","twitter_card":"summary_large_image","twitter_misc":{"Gesch\u00e4tzte Lesezeit":"6\u00a0Minuten"},"schema":{"@context":"https:\/\/schema.org","@graph":[{"@type":"WebPage","@id":"https:\/\/campingsigean.com\/de\/datenschutzbestimmungen\/","url":"https:\/\/campingsigean.com\/de\/datenschutzbestimmungen\/","name":"Datenschutzbestimmungen - Camping Grange Neuve","isPartOf":{"@id":"https:\/\/campingsigean.com\/de\/#website"},"datePublished":"2021-09-10T14:12:55+00:00","dateModified":"2021-11-08T14:11:57+00:00","breadcrumb":{"@id":"https:\/\/campingsigean.com\/de\/datenschutzbestimmungen\/#breadcrumb"},"inLanguage":"de","potentialAction":[{"@type":"ReadAction","target":["https:\/\/campingsigean.com\/de\/datenschutzbestimmungen\/"]}]},{"@type":"BreadcrumbList","@id":"https:\/\/campingsigean.com\/de\/datenschutzbestimmungen\/#breadcrumb","itemListElement":[{"@type":"ListItem","position":1,"name":"Camping Aude","item":"https:\/\/campingsigean.com\/de\/"},{"@type":"ListItem","position":2,"name":"Datenschutzbestimmungen"}]},{"@type":"WebSite","@id":"https:\/\/campingsigean.com\/de\/#website","url":"https:\/\/campingsigean.com\/de\/","name":"Camping Grange Neuve","description":"","publisher":{"@id":"https:\/\/campingsigean.com\/de\/#organization"},"potentialAction":[{"@type":"SearchAction","target":{"@type":"EntryPoint","urlTemplate":"https:\/\/campingsigean.com\/de\/?s={search_term_string}"},"query-input":{"@type":"PropertyValueSpecification","valueRequired":true,"valueName":"search_term_string"}}],"inLanguage":"de"},{"@type":"Organization","@id":"https:\/\/campingsigean.com\/de\/#organization","name":"Camping La Grange Neuve","url":"https:\/\/campingsigean.com\/de\/","logo":{"@type":"ImageObject","inLanguage":"de","@id":"https:\/\/campingsigean.com\/de\/#\/schema\/logo\/image\/","url":"https:\/\/campingsigean.com\/wp-content\/uploads\/2021\/08\/cropped-logo-camping-sigean.png","contentUrl":"https:\/\/campingsigean.com\/wp-content\/uploads\/2021\/08\/cropped-logo-camping-sigean.png","width":117,"height":98,"caption":"Camping La Grange Neuve"},"image":{"@id":"https:\/\/campingsigean.com\/de\/#\/schema\/logo\/image\/"}}]}},"_links":{"self":[{"href":"https:\/\/campingsigean.com\/de\/wp-json\/wp\/v2\/pages\/4604"}],"collection":[{"href":"https:\/\/campingsigean.com\/de\/wp-json\/wp\/v2\/pages"}],"about":[{"href":"https:\/\/campingsigean.com\/de\/wp-json\/wp\/v2\/types\/page"}],"author":[{"embeddable":true,"href":"https:\/\/campingsigean.com\/de\/wp-json\/wp\/v2\/users\/1"}],"replies":[{"embeddable":true,"href":"https:\/\/campingsigean.com\/de\/wp-json\/wp\/v2\/comments?post=4604"}],"version-history":[{"count":4,"href":"https:\/\/campingsigean.com\/de\/wp-json\/wp\/v2\/pages\/4604\/revisions"}],"predecessor-version":[{"id":5792,"href":"https:\/\/campingsigean.com\/de\/wp-json\/wp\/v2\/pages\/4604\/revisions\/5792"}],"wp:attachment":[{"href":"https:\/\/campingsigean.com\/de\/wp-json\/wp\/v2\/media?parent=4604"}],"wp:term":[{"taxonomy":"sujet","embeddable":true,"href":"https:\/\/campingsigean.com\/de\/wp-json\/wp\/v2\/sujet?post=4604"}],"curies":[{"name":"wp","href":"https:\/\/api.w.org\/{rel}","templated":true}]}}