{"id":4607,"date":"2021-09-10T16:12:57","date_gmt":"2021-09-10T14:12:57","guid":{"rendered":"https:\/\/campingsigean.com\/rechtliche-informationen\/"},"modified":"2023-09-21T09:59:30","modified_gmt":"2023-09-21T07:59:30","slug":"rechtliche-informationen","status":"publish","type":"page","link":"https:\/\/campingsigean.com\/de\/rechtliche-informationen\/","title":{"rendered":"Rechtliche Informationen"},"content":{"rendered":"<section id=\"ls-section-block_8935f403d8d7c050812c262abe74fc87\" class=\"ls-section  has-m-t m-t-0 has-m-b m-b-0 has-m-l m-l-0 has-m-r m-r-0 has-p-t p-t-0 has-p-b p-b-0 has-p-l p-l-0 has-p-r p-r-0\" >\r\n        <div class=\"container container--wide\">\r\n        \n\n<h1 class=\"ls__heading wp-block-heading has-text-align-center ls__heading-undefined post__heading-undefined\">Rechtliche Informationen<\/h1>\n\n\n\n<h2 class=\"ls__heading wp-block-heading ls__heading-undefined post__heading-undefined\">Website-Editor<\/h2>\n\n\n\n<p class=\"ls-paragraph ls__paragraph post__paragraph\">Campingplatz La Grange Neuve<br>17 La Grange Neuve Nord<br>11130 SIGEAN<\/p>\n\n\n\n<p class=\"ls-paragraph ls__paragraph post__paragraph\">Tel: 04 68 48 58 70<\/p>\n\n\n\n<p class=\"ls-paragraph ls__paragraph post__paragraph\">Direktorin der Ver\u00f6ffentlichung: J\u00e9r\u00f4me Luneau<\/p>\n\n\n\n<p class=\"ls-paragraph ls__paragraph post__paragraph\">Grundkapital: 10 000 \u20ac<\/p>\n\n\n\n<p class=\"ls-paragraph ls__paragraph post__paragraph\">Handelsregister Narbonne\u00a0B 912 210 911<\/p>\n\n\n\n<p class=\"ls-paragraph ls__paragraph post__paragraph\">Siret\u00a091221091100018<\/p>\n\n\n\n<h2 class=\"ls__heading wp-block-heading ls__heading-undefined post__heading-undefined\">Verwirklichung<\/h2>\n\n\n\n<p class=\"ls-paragraph ls__paragraph post__paragraph\">GEEK TONIC<br>Vertreten durch Herrn Yohan Darmayan in seiner Eigenschaft als Manager<br>Eingetragener Sitz : 1 ALL PIERRE GEORGES LATECOERE 64200 BIARRITZ<br>Telefon: 05 32 74 11 52<br>E-Mail: info@geek-tonic.com<br>Website: www.geek-tonic.com<br>SIRET : 89746755100015<br>APE : 6201Z<\/p>\n\n\n\n<h2 class=\"ls__heading wp-block-heading ls__heading-undefined post__heading-undefined\">Urheberrechte und Copyright<\/h2>\n\n\n\n<p class=\"ls-paragraph ls__paragraph post__paragraph\">Der gesamte Inhalt dieser Website unterliegt dem Urheberrecht und den Rechten des geistigen Eigentums nach franz\u00f6sischem Recht. Jede Vervielf\u00e4ltigung (einschlie\u00dflich Fotos, Symbole und herunterladbare Dokumente) ist ohne vorherige Zustimmung von GEEK TONIC verboten. Die Vervielf\u00e4ltigung der gesamten oder eines Teils der Website in Papierform oder in elektronischer Form auf einem elektronischen Datentr\u00e4ger ist verboten. GEEK TONIC lehnt jede Verantwortung f\u00fcr den Inhalt der Website ab. GEEK TONIC lehnt auch jede Verantwortung f\u00fcr externe Links zu dieser Website ab.<\/p>\n\n\n\n<h2 class=\"ls__heading wp-block-heading ls__heading-undefined post__heading-undefined\">Personenbezogene Daten und nominative Informationen<\/h2>\n\n\n\n<p class=\"ls-paragraph ls__paragraph post__paragraph\">Gem\u00e4\u00df Artikel 34 des franz\u00f6sischen Datenschutzgesetzes (Loi &#8220; Informatique et Libert\u00e9s &#8220; n\u00b0 78-17 vom 6. Januar 1978, ge\u00e4ndert am 6. August 2018) haben Sie das Recht auf Zugang, \u00c4nderung, Berichtigung und L\u00f6schung der Sie betreffenden Daten. Um dieses Recht auf Zugang auszu\u00fcben, k\u00f6nnen Sie einen schriftlichen Antrag an den Herausgeber der Website stellen.<\/p>\n\n\n\n<h2 class=\"ls__heading wp-block-heading ls__heading-undefined post__heading-undefined\">Gesetzgebung<\/h2>\n\n\n\n<p class=\"ls__paragraph post__paragraph\">Gem\u00e4\u00df dem Gesetz vom 11. M\u00e4rz 1957 (Art. 41) und dem Gesetz zum Schutz des geistigen Eigentums vom 1. Juli 1992 ist es verboten, Teile der Website ohne vorherige Genehmigung des Herausgebers der Website ganz oder teilweise zu vervielf\u00e4ltigen. Logos, Bildmaterial, Fotos, Videos, Grafiken und Texte sind Eigentum der jeweiligen Inhaber. Diese Website kann ohne ihr Wissen mit anderen Websites durch Hyperlinks verbunden sein. Der Herausgeber der Website lehnt jede Verantwortung f\u00fcr die auf diesen anderen Websites dargestellten Informationen ab. Der Internetnutzer erkennt an, dass die Nutzung dieser Website dem franz\u00f6sischen Recht unterliegt.<\/p>\n\n\r\n    <\/div>\r\n<\/section>","protected":false},"excerpt":{"rendered":"","protected":false},"author":1,"featured_media":2931,"parent":0,"menu_order":0,"comment_status":"closed","ping_status":"closed","template":"","meta":{"_acf_changed":false,"footnotes":""},"sujet":[],"class_list":["post-4607","page","type-page","status-publish","has-post-thumbnail","hentry"],"acf":[],"yoast_head":"<!-- This site is optimized with the Yoast SEO plugin v25.3 - https:\/\/yoast.com\/wordpress\/plugins\/seo\/ -->\n<title>Rechtliche Informationen - Camping Grange Neuve<\/title>\n<meta name=\"robots\" content=\"noindex, nofollow\" \/>\n<meta property=\"og:locale\" content=\"de_DE\" \/>\n<meta property=\"og:type\" content=\"article\" \/>\n<meta property=\"og:title\" content=\"Rechtliche Informationen - Camping Grange Neuve\" \/>\n<meta property=\"og:url\" content=\"https:\/\/campingsigean.com\/de\/rechtliche-informationen\/\" \/>\n<meta property=\"og:site_name\" content=\"Camping Grange Neuve\" \/>\n<meta property=\"article:modified_time\" content=\"2023-09-21T07:59:30+00:00\" \/>\n<meta property=\"og:image\" content=\"https:\/\/campingsigean.com\/wp-content\/uploads\/2021\/08\/camping-pas-cher-sigean-1.jpg\" \/>\n\t<meta property=\"og:image:width\" content=\"1903\" \/>\n\t<meta property=\"og:image:height\" content=\"562\" \/>\n\t<meta property=\"og:image:type\" content=\"image\/jpeg\" \/>\n<meta name=\"twitter:card\" content=\"summary_large_image\" \/>\n<meta name=\"twitter:label1\" content=\"Gesch\u00e4tzte Lesezeit\" \/>\n\t<meta name=\"twitter:data1\" content=\"2\u00a0Minuten\" \/>\n<script type=\"application\/ld+json\" class=\"yoast-schema-graph\">{\"@context\":\"https:\/\/schema.org\",\"@graph\":[{\"@type\":\"WebPage\",\"@id\":\"https:\/\/campingsigean.com\/de\/rechtliche-informationen\/\",\"url\":\"https:\/\/campingsigean.com\/de\/rechtliche-informationen\/\",\"name\":\"Rechtliche Informationen - Camping Grange Neuve\",\"isPartOf\":{\"@id\":\"https:\/\/campingsigean.com\/de\/#website\"},\"primaryImageOfPage\":{\"@id\":\"https:\/\/campingsigean.com\/de\/rechtliche-informationen\/#primaryimage\"},\"image\":{\"@id\":\"https:\/\/campingsigean.com\/de\/rechtliche-informationen\/#primaryimage\"},\"thumbnailUrl\":\"https:\/\/campingsigean.com\/wp-content\/uploads\/2021\/08\/camping-pas-cher-sigean-1.jpg\",\"datePublished\":\"2021-09-10T14:12:57+00:00\",\"dateModified\":\"2023-09-21T07:59:30+00:00\",\"breadcrumb\":{\"@id\":\"https:\/\/campingsigean.com\/de\/rechtliche-informationen\/#breadcrumb\"},\"inLanguage\":\"de\",\"potentialAction\":[{\"@type\":\"ReadAction\",\"target\":[\"https:\/\/campingsigean.com\/de\/rechtliche-informationen\/\"]}]},{\"@type\":\"ImageObject\",\"inLanguage\":\"de\",\"@id\":\"https:\/\/campingsigean.com\/de\/rechtliche-informationen\/#primaryimage\",\"url\":\"https:\/\/campingsigean.com\/wp-content\/uploads\/2021\/08\/camping-pas-cher-sigean-1.jpg\",\"contentUrl\":\"https:\/\/campingsigean.com\/wp-content\/uploads\/2021\/08\/camping-pas-cher-sigean-1.jpg\",\"width\":1903,\"height\":562,\"caption\":\"billig camping sigean\"},{\"@type\":\"BreadcrumbList\",\"@id\":\"https:\/\/campingsigean.com\/de\/rechtliche-informationen\/#breadcrumb\",\"itemListElement\":[{\"@type\":\"ListItem\",\"position\":1,\"name\":\"Camping Aude\",\"item\":\"https:\/\/campingsigean.com\/de\/\"},{\"@type\":\"ListItem\",\"position\":2,\"name\":\"Rechtliche Informationen\"}]},{\"@type\":\"WebSite\",\"@id\":\"https:\/\/campingsigean.com\/de\/#website\",\"url\":\"https:\/\/campingsigean.com\/de\/\",\"name\":\"Camping Grange Neuve\",\"description\":\"\",\"publisher\":{\"@id\":\"https:\/\/campingsigean.com\/de\/#organization\"},\"potentialAction\":[{\"@type\":\"SearchAction\",\"target\":{\"@type\":\"EntryPoint\",\"urlTemplate\":\"https:\/\/campingsigean.com\/de\/?s={search_term_string}\"},\"query-input\":{\"@type\":\"PropertyValueSpecification\",\"valueRequired\":true,\"valueName\":\"search_term_string\"}}],\"inLanguage\":\"de\"},{\"@type\":\"Organization\",\"@id\":\"https:\/\/campingsigean.com\/de\/#organization\",\"name\":\"Camping La Grange Neuve\",\"url\":\"https:\/\/campingsigean.com\/de\/\",\"logo\":{\"@type\":\"ImageObject\",\"inLanguage\":\"de\",\"@id\":\"https:\/\/campingsigean.com\/de\/#\/schema\/logo\/image\/\",\"url\":\"https:\/\/campingsigean.com\/wp-content\/uploads\/2021\/08\/cropped-logo-camping-sigean.png\",\"contentUrl\":\"https:\/\/campingsigean.com\/wp-content\/uploads\/2021\/08\/cropped-logo-camping-sigean.png\",\"width\":117,\"height\":98,\"caption\":\"Camping La Grange Neuve\"},\"image\":{\"@id\":\"https:\/\/campingsigean.com\/de\/#\/schema\/logo\/image\/\"}}]}<\/script>\n<!-- \/ Yoast SEO plugin. -->","yoast_head_json":{"title":"Rechtliche Informationen - Camping Grange Neuve","robots":{"index":"noindex","follow":"nofollow"},"og_locale":"de_DE","og_type":"article","og_title":"Rechtliche Informationen - Camping Grange Neuve","og_url":"https:\/\/campingsigean.com\/de\/rechtliche-informationen\/","og_site_name":"Camping Grange Neuve","article_modified_time":"2023-09-21T07:59:30+00:00","og_image":[{"width":1903,"height":562,"url":"https:\/\/campingsigean.com\/wp-content\/uploads\/2021\/08\/camping-pas-cher-sigean-1.jpg","type":"image\/jpeg"}],"twitter_card":"summary_large_image","twitter_misc":{"Gesch\u00e4tzte Lesezeit":"2\u00a0Minuten"},"schema":{"@context":"https:\/\/schema.org","@graph":[{"@type":"WebPage","@id":"https:\/\/campingsigean.com\/de\/rechtliche-informationen\/","url":"https:\/\/campingsigean.com\/de\/rechtliche-informationen\/","name":"Rechtliche Informationen - Camping Grange Neuve","isPartOf":{"@id":"https:\/\/campingsigean.com\/de\/#website"},"primaryImageOfPage":{"@id":"https:\/\/campingsigean.com\/de\/rechtliche-informationen\/#primaryimage"},"image":{"@id":"https:\/\/campingsigean.com\/de\/rechtliche-informationen\/#primaryimage"},"thumbnailUrl":"https:\/\/campingsigean.com\/wp-content\/uploads\/2021\/08\/camping-pas-cher-sigean-1.jpg","datePublished":"2021-09-10T14:12:57+00:00","dateModified":"2023-09-21T07:59:30+00:00","breadcrumb":{"@id":"https:\/\/campingsigean.com\/de\/rechtliche-informationen\/#breadcrumb"},"inLanguage":"de","potentialAction":[{"@type":"ReadAction","target":["https:\/\/campingsigean.com\/de\/rechtliche-informationen\/"]}]},{"@type":"ImageObject","inLanguage":"de","@id":"https:\/\/campingsigean.com\/de\/rechtliche-informationen\/#primaryimage","url":"https:\/\/campingsigean.com\/wp-content\/uploads\/2021\/08\/camping-pas-cher-sigean-1.jpg","contentUrl":"https:\/\/campingsigean.com\/wp-content\/uploads\/2021\/08\/camping-pas-cher-sigean-1.jpg","width":1903,"height":562,"caption":"billig camping sigean"},{"@type":"BreadcrumbList","@id":"https:\/\/campingsigean.com\/de\/rechtliche-informationen\/#breadcrumb","itemListElement":[{"@type":"ListItem","position":1,"name":"Camping Aude","item":"https:\/\/campingsigean.com\/de\/"},{"@type":"ListItem","position":2,"name":"Rechtliche Informationen"}]},{"@type":"WebSite","@id":"https:\/\/campingsigean.com\/de\/#website","url":"https:\/\/campingsigean.com\/de\/","name":"Camping Grange Neuve","description":"","publisher":{"@id":"https:\/\/campingsigean.com\/de\/#organization"},"potentialAction":[{"@type":"SearchAction","target":{"@type":"EntryPoint","urlTemplate":"https:\/\/campingsigean.com\/de\/?s={search_term_string}"},"query-input":{"@type":"PropertyValueSpecification","valueRequired":true,"valueName":"search_term_string"}}],"inLanguage":"de"},{"@type":"Organization","@id":"https:\/\/campingsigean.com\/de\/#organization","name":"Camping La Grange Neuve","url":"https:\/\/campingsigean.com\/de\/","logo":{"@type":"ImageObject","inLanguage":"de","@id":"https:\/\/campingsigean.com\/de\/#\/schema\/logo\/image\/","url":"https:\/\/campingsigean.com\/wp-content\/uploads\/2021\/08\/cropped-logo-camping-sigean.png","contentUrl":"https:\/\/campingsigean.com\/wp-content\/uploads\/2021\/08\/cropped-logo-camping-sigean.png","width":117,"height":98,"caption":"Camping La Grange Neuve"},"image":{"@id":"https:\/\/campingsigean.com\/de\/#\/schema\/logo\/image\/"}}]}},"_links":{"self":[{"href":"https:\/\/campingsigean.com\/de\/wp-json\/wp\/v2\/pages\/4607"}],"collection":[{"href":"https:\/\/campingsigean.com\/de\/wp-json\/wp\/v2\/pages"}],"about":[{"href":"https:\/\/campingsigean.com\/de\/wp-json\/wp\/v2\/types\/page"}],"author":[{"embeddable":true,"href":"https:\/\/campingsigean.com\/de\/wp-json\/wp\/v2\/users\/1"}],"replies":[{"embeddable":true,"href":"https:\/\/campingsigean.com\/de\/wp-json\/wp\/v2\/comments?post=4607"}],"version-history":[{"count":6,"href":"https:\/\/campingsigean.com\/de\/wp-json\/wp\/v2\/pages\/4607\/revisions"}],"predecessor-version":[{"id":11279,"href":"https:\/\/campingsigean.com\/de\/wp-json\/wp\/v2\/pages\/4607\/revisions\/11279"}],"wp:featuredmedia":[{"embeddable":true,"href":"https:\/\/campingsigean.com\/de\/wp-json\/wp\/v2\/media\/2931"}],"wp:attachment":[{"href":"https:\/\/campingsigean.com\/de\/wp-json\/wp\/v2\/media?parent=4607"}],"wp:term":[{"taxonomy":"sujet","embeddable":true,"href":"https:\/\/campingsigean.com\/de\/wp-json\/wp\/v2\/sujet?post=4607"}],"curies":[{"name":"wp","href":"https:\/\/api.w.org\/{rel}","templated":true}]}}