{"id":2615,"date":"2021-08-20T13:33:37","date_gmt":"2021-08-20T11:33:37","guid":{"rendered":"https:\/\/campingsigean.com\/camping-piscine-sigean\/"},"modified":"2022-06-10T10:15:37","modified_gmt":"2022-06-10T08:15:37","slug":"piscina-camping-sigean","status":"publish","type":"page","link":"https:\/\/campingsigean.com\/es\/piscina-camping-sigean\/","title":{"rendered":"Piscine chauff\u00e9e"},"content":{"rendered":"<section id=\"ls-section-block_610baf85468c0\" class=\"ls-section  modele p-b-0 has-m-t m-t-0 has-m-b m-b-0 has-m-l m-l-0 has-m-r m-r-0 has-p-t p-t-0 has-p-b p-b-0 has-p-l p-l-0 has-p-r p-r-0\" >\r\n        <div class=\"container container--full\">\r\n        \n\n<div class=\"wp-block-columns valign-middle p-t-0 p-b-0 is-layout-flex wp-container-core-columns-is-layout-2 wp-block-columns-is-layout-flex\">\n<div class=\"wp-block-column fancybox p-r-0 is-layout-flow wp-block-column-is-layout-flow\" style=\"flex-basis:50%\">\n<div class=\"wp-block-columns is-layout-flex wp-container-core-columns-is-layout-1 wp-block-columns-is-layout-flex\">\n<div class=\"wp-block-column is-layout-flow wp-block-column-is-layout-flow\">\n<figure class=\"wp-block-image size-full\"><img decoding=\"async\" width=\"885\" height=\"550\" src=\"https:\/\/campingsigean.com\/wp-content\/uploads\/2022\/06\/piscine-grange-neuve.jpg\" alt=\"piscine-grange-neuve\" class=\"wp-image-9036\" srcset=\"https:\/\/campingsigean.com\/wp-content\/uploads\/2022\/06\/piscine-grange-neuve.jpg 885w, https:\/\/campingsigean.com\/wp-content\/uploads\/2022\/06\/piscine-grange-neuve-300x186.jpg 300w, https:\/\/campingsigean.com\/wp-content\/uploads\/2022\/06\/piscine-grange-neuve-768x477.jpg 768w\" sizes=\"(max-width: 885px) 100vw, 885px\" \/><\/figure>\n<\/div>\n<\/div>\n<\/div>\n\n\n\n<div class=\"wp-block-column modele__contenu is-layout-flow wp-block-column-is-layout-flow\" style=\"flex-basis:50%\">\n<h1 class=\"post__heading-undefined wp-block-heading\"><strong>Espacio acu\u00e1tico<\/strong>  en el Aude<\/h1>\n\n\n\n<h2 class=\"post__heading-undefined wp-block-heading\">Nuestra piscina climatizada en Sigean<\/h2>\n\n\n\n<p class=\"ls-paragraph post__paragraph\">El <a href=\"\/es\/\">camping la Grange Neuve<\/a> dispone de una <strong>piscina climatizada con una peque\u00f1a piscina adyacente<\/strong> que permitir\u00e1 a peque\u00f1os y mayores disfrutar de los placeres de la nataci\u00f3n con total tranquilidad. La piscina est\u00e1 abierta desde el d\u00eda <mark style=\"background-color:rgba(0, 0, 0, 0)\" class=\"has-inline-color has-color-2-color\"><strong>de la Ascensi\u00f3n hasta finales de septiembre<\/strong><\/mark>.<\/p>\n\n\n\n<p class=\"post__paragraph\">Sin juegos de agua ni toboganes, nuestra zona acu\u00e1tica es ideal para hacer vueltas o disfrutar de un <strong>instante de relajaci\u00f3n<\/strong> en el agua caliente bajo el sol del Aude. Bordeando la piscina,<strong> nuestras tumbonas<\/strong> le permitir\u00e1n perfeccionar su bronceado al sol o al amparo de nuestras ex\u00f3ticas sombrillas o bajo las palmeras. No lo dudes, ven a pasar un momento de relax con tu familia en el<strong> agua turquesa de nuestra piscina climatizada<\/strong>.<\/p>\n\n\n\n<p class=\"ls-paragraph post__paragraph\">La piscina no vigilada est\u00e1 abierta del 15 de mayo al 30 de septiembre de 10 a 19 horas. Con un tama\u00f1o de 18 x 9 m y una profundidad de 1,50 m para los adultos y de 0,50 cm para los ni\u00f1os, nuestra piscina climatizada har\u00e1 felices a todos. No hay que temer por la temperatura del agua, nuestra <strong>piscina est\u00e1 climatizada<\/strong> y garantiza as\u00ed un ba\u00f1o sereno as\u00ed como las actividades referentes a ella. Aproveche tambi\u00e9n la ubicaci\u00f3n ideal del acampada junto al mar para realizar numerosas actividades acu\u00e1ticas.<\/p>\n<\/div>\n<\/div>\n\n\n\n<div class=\"wp-block-columns valign-middle p-t-0 p-b-0 is-layout-flex wp-container-core-columns-is-layout-3 wp-block-columns-is-layout-flex\">\n<div class=\"wp-block-column modele__contenu is-layout-flow wp-block-column-is-layout-flow\" style=\"flex-basis:50%\">\n<h2 class=\"post__heading-undefined wp-block-heading\">Piscina con piscina peque\u00f1a en el Aude<\/h2>\n\n\n\n<p class=\"post__paragraph\">Nuestro camping con <strong>piscina climatizada<\/strong> cuenta con una <strong>peque\u00f1a piscina<\/strong> donde los m\u00e1s peque\u00f1os se divertir\u00e1n y dar\u00e1n sus primeros pasos en el agua. Con una profundidad de 50 cm, est\u00e1 incluida en la <strong>piscina grande<\/strong> de nuestra piscina exterior climatizada.&nbsp;<\/p>\n\n\n\n<p class=\"post__paragraph\">Qu\u00e9dese al lado de su hijo y comparta momentos de risa y complicidad en la peque\u00f1a piscina sin supervisi\u00f3n.<\/p>\n\n\n\n<h2 class=\"post__heading-undefined p-t-4 wp-block-heading\"> Aquagym en Sigean <\/h2>\n\n\n\n<p class=\"post__paragraph\">Durante la temporada tienes la oportunidad de participar en las clases gratuitas de <strong>aquagym<\/strong> de una hora de duraci\u00f3n que tienen lugar dos veces por semana. O puede disfrutar de la piscina durante m\u00e1s tiempo gracias a un horario de cierre m\u00e1s tard\u00edo.<\/p>\n\n\n\n<p class=\"post__paragraph\">Accesibles para todos, nuestras clases de aquagym le permitir\u00e1n ejercitarse suavemente. Despu\u00e9s, rel\u00e1jate en una de nuestras tumbonas y disfruta de un <strong>ba\u00f1o de sol<\/strong> mientras ves a tus hijos divertirse en nuestra piscina sin toboganes.&nbsp;<\/p>\n<\/div>\n\n\n\n<div class=\"wp-block-column fancybox p-r-0 is-layout-flow wp-block-column-is-layout-flow\" style=\"flex-basis:50%\">\n<figure class=\"wp-block-image size-large\"><img decoding=\"async\" width=\"1024\" height=\"636\" src=\"https:\/\/campingsigean.com\/wp-content\/uploads\/2021\/08\/piscine-chauffee-sigean-1-1024x636.jpg\" alt=\"camping piscine chauffee aude\" class=\"wp-image-2960\" srcset=\"https:\/\/campingsigean.com\/wp-content\/uploads\/2021\/08\/piscine-chauffee-sigean-1-1024x636.jpg 1024w, https:\/\/campingsigean.com\/wp-content\/uploads\/2021\/08\/piscine-chauffee-sigean-1-300x186.jpg 300w, https:\/\/campingsigean.com\/wp-content\/uploads\/2021\/08\/piscine-chauffee-sigean-1-768x477.jpg 768w, https:\/\/campingsigean.com\/wp-content\/uploads\/2021\/08\/piscine-chauffee-sigean-1.jpg 1424w\" sizes=\"(max-width: 1024px) 100vw, 1024px\" \/><\/figure>\n<\/div>\n<\/div>\n\n\r\n    <\/div>\r\n<\/section>\n\n<section id=\"ls-section-block_610cfc3283030\" class=\"ls-section  has-m-t m-t-0 has-m-b m-b-0 has-m-l m-l-0 has-m-r m-r-0 has-p-t p-t-0 has-p-b p-b-0 has-p-l p-l-0 has-p-r p-r-0\" >\r\n        <div class=\"container \">\r\n        \n\n<hr class=\"wp-block-separator is-style-default\"\/>\n\n\n\n<div class=\"wp-block-image is-style-rounded\"><figure class=\"aligncenter size-full\"><img decoding=\"async\" width=\"150\" height=\"150\" src=\"https:\/\/campingsigean.com\/wp-content\/uploads\/2021\/08\/camping-piscine-sigean-1.jpg\" alt=\"camping piscine sigean\" class=\"wp-image-2616\"\/><\/figure><\/div>\n\n\n\n<blockquote class=\"wp-block-quote has-text-align-center is-style-large is-layout-flow wp-block-quote-is-layout-flow\"><p>\u00abGran piscina climatizada. Pudimos disfrutar de la piscina con mi hija con total tranquilidad. Las clases de aquagym tambi\u00e9n fueron estupendas. Nos ha encantado\u00bb.<\/p><cite>\u2014 Marie<\/cite><\/blockquote>\n\n\n\n<hr class=\"wp-block-separator is-style-default\"\/>\n\n\r\n    <\/div>\r\n<\/section>\n\n<section id=\"ls-section-block_610bb6bdb6ca2\" class=\"ls-section  has-m-t m-t-0 has-m-b m-b-0 has-m-l m-l-0 has-m-r m-r-0 has-p-t p-t-0 has-p-b p-b-0 has-p-l p-l-0 has-p-r p-r-0\" >\r\n        <div class=\"container container--wide\">\r\n        \n\n<h2 class=\"post__heading-undefined has-text-align-center wp-block-heading\"> NUESTROS EVENTOS Y ALQUILERES EN SIGEAN <\/h2>\n\n\n<div id=\"ls-maillage-block_610bb6cab6ca3\" class=\"ls-maillage has-m-t m-t-0 has-m-b m-b-0 has-m-l m-l-0 has-m-r m-r-0 has-p-t p-t-0 has-p-b p-b-0 has-p-l p-l-0 has-p-r p-r-0\">\n    <div class=\"wp-block-columns\"><div class=\"wp-block-column\">\n\n<a href=\"https:\/\/campingsigean.com\/es\/sigean-familia-campamento\/\" target=\"\" rel=\"noopener\" class=\"ls-cta\">\n\n\t<div class=\"ls-cta__image\"><img decoding=\"async\" src=\"https:\/\/campingsigean.com\/wp-content\/uploads\/2021\/08\/camping-activites-aude-1.jpg\" alt=\"actividades de camping aude\"><\/div>\n\t<div class=\"ls-cta__title\">\n\t\tNuestras actividades\t<\/div>\n\n\t\t\n<\/a><\/div><div class=\"wp-block-column\">\n\n<a href=\"https:\/\/campingsigean.com\/es\/tarifas\/\" target=\"\" rel=\"noopener\" class=\"ls-cta\">\n\n\t<div class=\"ls-cta__image\"><img decoding=\"async\" src=\"https:\/\/campingsigean.com\/wp-content\/uploads\/2024\/12\/IMG_0835-768x902.jpg\" alt=\"camping petit prix aude\"><\/div>\n\t<div class=\"ls-cta__title\">\n\t\tNuestras tarifas\t<\/div>\n\n\t\t\n<\/a><\/div><div class=\"wp-block-column\">\n\n<a href=\"https:\/\/campingsigean.com\/es\/nuestras-casas-moviles\/\" target=\"\" rel=\"noopener\" class=\"ls-cta\">\n\n\t<div class=\"ls-cta__image\"><img decoding=\"async\" src=\"https:\/\/campingsigean.com\/wp-content\/uploads\/2021\/08\/location-hebergement-sigean.jpg\" alt=\"alquiler de viviendas en sigean\"><\/div>\n\t<div class=\"ls-cta__title\">\n\t\tEn las casas m\u00f3viles\t<\/div>\n\n\t\t\n<\/a><\/div><\/div><\/div>\n\r\n    <\/div>\r\n<\/section>","protected":false},"excerpt":{"rendered":"","protected":false},"author":1,"featured_media":2617,"parent":0,"menu_order":0,"comment_status":"closed","ping_status":"closed","template":"","meta":{"_acf_changed":false,"footnotes":""},"sujet":[],"class_list":["post-2615","page","type-page","status-publish","has-post-thumbnail","hentry"],"acf":[],"yoast_head":"<!-- This site is optimized with the Yoast SEO plugin v25.3 - https:\/\/yoast.com\/wordpress\/plugins\/seo\/ -->\n<title>Espacio acu\u00e1tico en la regi\u00f3n de Aude | Camping piscina climatizada Sigean<\/title>\n<meta name=\"robots\" content=\"index, follow, max-snippet:-1, max-image-preview:large, max-video-preview:-1\" \/>\n<link rel=\"canonical\" href=\"https:\/\/campingsigean.com\/es\/piscina-camping-sigean\/\" \/>\n<meta property=\"og:locale\" content=\"es_ES\" \/>\n<meta property=\"og:type\" content=\"article\" \/>\n<meta property=\"og:title\" content=\"Espacio acu\u00e1tico en la regi\u00f3n de Aude | Camping piscina climatizada Sigean\" \/>\n<meta property=\"og:url\" content=\"https:\/\/campingsigean.com\/es\/piscina-camping-sigean\/\" \/>\n<meta property=\"og:site_name\" content=\"Camping Grange Neuve\" \/>\n<meta property=\"article:modified_time\" content=\"2022-06-10T08:15:37+00:00\" \/>\n<meta property=\"og:image\" content=\"https:\/\/campingsigean.com\/wp-content\/uploads\/2021\/08\/camping-piscine-sigean-2.jpg\" \/>\n\t<meta property=\"og:image:width\" content=\"1903\" \/>\n\t<meta property=\"og:image:height\" content=\"562\" \/>\n\t<meta property=\"og:image:type\" content=\"image\/jpeg\" \/>\n<meta name=\"twitter:card\" content=\"summary_large_image\" \/>\n<meta name=\"twitter:label1\" content=\"Tiempo de lectura\" \/>\n\t<meta name=\"twitter:data1\" content=\"3 minutos\" \/>\n<script type=\"application\/ld+json\" class=\"yoast-schema-graph\">{\"@context\":\"https:\/\/schema.org\",\"@graph\":[{\"@type\":\"WebPage\",\"@id\":\"https:\/\/campingsigean.com\/es\/piscina-camping-sigean\/\",\"url\":\"https:\/\/campingsigean.com\/es\/piscina-camping-sigean\/\",\"name\":\"Espacio acu\u00e1tico en la regi\u00f3n de Aude | Camping piscina climatizada Sigean\",\"isPartOf\":{\"@id\":\"https:\/\/campingsigean.com\/es\/#website\"},\"primaryImageOfPage\":{\"@id\":\"https:\/\/campingsigean.com\/es\/piscina-camping-sigean\/#primaryimage\"},\"image\":{\"@id\":\"https:\/\/campingsigean.com\/es\/piscina-camping-sigean\/#primaryimage\"},\"thumbnailUrl\":\"https:\/\/campingsigean.com\/wp-content\/uploads\/2021\/08\/camping-piscine-sigean-2.jpg\",\"datePublished\":\"2021-08-20T11:33:37+00:00\",\"dateModified\":\"2022-06-10T08:15:37+00:00\",\"breadcrumb\":{\"@id\":\"https:\/\/campingsigean.com\/es\/piscina-camping-sigean\/#breadcrumb\"},\"inLanguage\":\"es\",\"potentialAction\":[{\"@type\":\"ReadAction\",\"target\":[\"https:\/\/campingsigean.com\/es\/piscina-camping-sigean\/\"]}]},{\"@type\":\"ImageObject\",\"inLanguage\":\"es\",\"@id\":\"https:\/\/campingsigean.com\/es\/piscina-camping-sigean\/#primaryimage\",\"url\":\"https:\/\/campingsigean.com\/wp-content\/uploads\/2021\/08\/camping-piscine-sigean-2.jpg\",\"contentUrl\":\"https:\/\/campingsigean.com\/wp-content\/uploads\/2021\/08\/camping-piscine-sigean-2.jpg\",\"width\":1903,\"height\":562,\"caption\":\"camping piscine sigean\"},{\"@type\":\"BreadcrumbList\",\"@id\":\"https:\/\/campingsigean.com\/es\/piscina-camping-sigean\/#breadcrumb\",\"itemListElement\":[{\"@type\":\"ListItem\",\"position\":1,\"name\":\"Camping Aude\",\"item\":\"https:\/\/campingsigean.com\/es\/\"},{\"@type\":\"ListItem\",\"position\":2,\"name\":\"Camping con piscina en Sigean\"}]},{\"@type\":\"WebSite\",\"@id\":\"https:\/\/campingsigean.com\/es\/#website\",\"url\":\"https:\/\/campingsigean.com\/es\/\",\"name\":\"Camping Grange Neuve\",\"description\":\"\",\"publisher\":{\"@id\":\"https:\/\/campingsigean.com\/es\/#organization\"},\"potentialAction\":[{\"@type\":\"SearchAction\",\"target\":{\"@type\":\"EntryPoint\",\"urlTemplate\":\"https:\/\/campingsigean.com\/es\/?s={search_term_string}\"},\"query-input\":{\"@type\":\"PropertyValueSpecification\",\"valueRequired\":true,\"valueName\":\"search_term_string\"}}],\"inLanguage\":\"es\"},{\"@type\":\"Organization\",\"@id\":\"https:\/\/campingsigean.com\/es\/#organization\",\"name\":\"Camping La Grange Neuve\",\"url\":\"https:\/\/campingsigean.com\/es\/\",\"logo\":{\"@type\":\"ImageObject\",\"inLanguage\":\"es\",\"@id\":\"https:\/\/campingsigean.com\/es\/#\/schema\/logo\/image\/\",\"url\":\"https:\/\/campingsigean.com\/wp-content\/uploads\/2021\/08\/cropped-logo-camping-sigean.png\",\"contentUrl\":\"https:\/\/campingsigean.com\/wp-content\/uploads\/2021\/08\/cropped-logo-camping-sigean.png\",\"width\":117,\"height\":98,\"caption\":\"Camping La Grange Neuve\"},\"image\":{\"@id\":\"https:\/\/campingsigean.com\/es\/#\/schema\/logo\/image\/\"}}]}<\/script>\n<!-- \/ Yoast SEO plugin. -->","yoast_head_json":{"title":"Espacio acu\u00e1tico en la regi\u00f3n de Aude | Camping piscina climatizada Sigean","robots":{"index":"index","follow":"follow","max-snippet":"max-snippet:-1","max-image-preview":"max-image-preview:large","max-video-preview":"max-video-preview:-1"},"canonical":"https:\/\/campingsigean.com\/es\/piscina-camping-sigean\/","og_locale":"es_ES","og_type":"article","og_title":"Espacio acu\u00e1tico en la regi\u00f3n de Aude | Camping piscina climatizada Sigean","og_url":"https:\/\/campingsigean.com\/es\/piscina-camping-sigean\/","og_site_name":"Camping Grange Neuve","article_modified_time":"2022-06-10T08:15:37+00:00","og_image":[{"width":1903,"height":562,"url":"https:\/\/campingsigean.com\/wp-content\/uploads\/2021\/08\/camping-piscine-sigean-2.jpg","type":"image\/jpeg"}],"twitter_card":"summary_large_image","twitter_misc":{"Tiempo de lectura":"3 minutos"},"schema":{"@context":"https:\/\/schema.org","@graph":[{"@type":"WebPage","@id":"https:\/\/campingsigean.com\/es\/piscina-camping-sigean\/","url":"https:\/\/campingsigean.com\/es\/piscina-camping-sigean\/","name":"Espacio acu\u00e1tico en la regi\u00f3n de Aude | Camping piscina climatizada Sigean","isPartOf":{"@id":"https:\/\/campingsigean.com\/es\/#website"},"primaryImageOfPage":{"@id":"https:\/\/campingsigean.com\/es\/piscina-camping-sigean\/#primaryimage"},"image":{"@id":"https:\/\/campingsigean.com\/es\/piscina-camping-sigean\/#primaryimage"},"thumbnailUrl":"https:\/\/campingsigean.com\/wp-content\/uploads\/2021\/08\/camping-piscine-sigean-2.jpg","datePublished":"2021-08-20T11:33:37+00:00","dateModified":"2022-06-10T08:15:37+00:00","breadcrumb":{"@id":"https:\/\/campingsigean.com\/es\/piscina-camping-sigean\/#breadcrumb"},"inLanguage":"es","potentialAction":[{"@type":"ReadAction","target":["https:\/\/campingsigean.com\/es\/piscina-camping-sigean\/"]}]},{"@type":"ImageObject","inLanguage":"es","@id":"https:\/\/campingsigean.com\/es\/piscina-camping-sigean\/#primaryimage","url":"https:\/\/campingsigean.com\/wp-content\/uploads\/2021\/08\/camping-piscine-sigean-2.jpg","contentUrl":"https:\/\/campingsigean.com\/wp-content\/uploads\/2021\/08\/camping-piscine-sigean-2.jpg","width":1903,"height":562,"caption":"camping piscine sigean"},{"@type":"BreadcrumbList","@id":"https:\/\/campingsigean.com\/es\/piscina-camping-sigean\/#breadcrumb","itemListElement":[{"@type":"ListItem","position":1,"name":"Camping Aude","item":"https:\/\/campingsigean.com\/es\/"},{"@type":"ListItem","position":2,"name":"Camping con piscina en Sigean"}]},{"@type":"WebSite","@id":"https:\/\/campingsigean.com\/es\/#website","url":"https:\/\/campingsigean.com\/es\/","name":"Camping Grange Neuve","description":"","publisher":{"@id":"https:\/\/campingsigean.com\/es\/#organization"},"potentialAction":[{"@type":"SearchAction","target":{"@type":"EntryPoint","urlTemplate":"https:\/\/campingsigean.com\/es\/?s={search_term_string}"},"query-input":{"@type":"PropertyValueSpecification","valueRequired":true,"valueName":"search_term_string"}}],"inLanguage":"es"},{"@type":"Organization","@id":"https:\/\/campingsigean.com\/es\/#organization","name":"Camping La Grange Neuve","url":"https:\/\/campingsigean.com\/es\/","logo":{"@type":"ImageObject","inLanguage":"es","@id":"https:\/\/campingsigean.com\/es\/#\/schema\/logo\/image\/","url":"https:\/\/campingsigean.com\/wp-content\/uploads\/2021\/08\/cropped-logo-camping-sigean.png","contentUrl":"https:\/\/campingsigean.com\/wp-content\/uploads\/2021\/08\/cropped-logo-camping-sigean.png","width":117,"height":98,"caption":"Camping La Grange Neuve"},"image":{"@id":"https:\/\/campingsigean.com\/es\/#\/schema\/logo\/image\/"}}]}},"_links":{"self":[{"href":"https:\/\/campingsigean.com\/es\/wp-json\/wp\/v2\/pages\/2615"}],"collection":[{"href":"https:\/\/campingsigean.com\/es\/wp-json\/wp\/v2\/pages"}],"about":[{"href":"https:\/\/campingsigean.com\/es\/wp-json\/wp\/v2\/types\/page"}],"author":[{"embeddable":true,"href":"https:\/\/campingsigean.com\/es\/wp-json\/wp\/v2\/users\/1"}],"replies":[{"embeddable":true,"href":"https:\/\/campingsigean.com\/es\/wp-json\/wp\/v2\/comments?post=2615"}],"version-history":[{"count":18,"href":"https:\/\/campingsigean.com\/es\/wp-json\/wp\/v2\/pages\/2615\/revisions"}],"predecessor-version":[{"id":9041,"href":"https:\/\/campingsigean.com\/es\/wp-json\/wp\/v2\/pages\/2615\/revisions\/9041"}],"wp:featuredmedia":[{"embeddable":true,"href":"https:\/\/campingsigean.com\/es\/wp-json\/wp\/v2\/media\/2617"}],"wp:attachment":[{"href":"https:\/\/campingsigean.com\/es\/wp-json\/wp\/v2\/media?parent=2615"}],"wp:term":[{"taxonomy":"sujet","embeddable":true,"href":"https:\/\/campingsigean.com\/es\/wp-json\/wp\/v2\/sujet?post=2615"}],"curies":[{"name":"wp","href":"https:\/\/api.w.org\/{rel}","templated":true}]}}