{"id":4566,"date":"2021-09-10T16:12:42","date_gmt":"2021-09-10T14:12:42","guid":{"rendered":"https:\/\/campingsigean.com\/tarifas\/"},"modified":"2023-06-22T12:04:18","modified_gmt":"2023-06-22T10:04:18","slug":"tarifas","status":"publish","type":"page","link":"https:\/\/campingsigean.com\/es\/tarifas\/","title":{"rendered":"Tarifas"},"content":{"rendered":"<section id=\"ls-section-block_acc87f326643cc6049bdad9506762caf\" class=\"ls-section  has-m-t m-t-0 has-m-b m-b-0 has-m-l m-l-0 has-m-r m-r-0 has-p-t p-t-0 has-p-b p-b-0 has-p-l p-l-0 has-p-r p-r-0\" >\r\n        <div class=\"container \">\r\n        \n\n<h1 class=\"ls__heading wp-block-heading has-text-align-center post__heading-undefined ls-heading\">    <strong>Camping de bajo coste<\/strong> en el Aude  <\/h1>\n\n\n\n<h2 class=\"ls__heading wp-block-heading has-text-align-center\">Ofertas especiales en su camping en sigean<\/h2>\n\n\n\n<ctv-offers data-display-mode=\"carousel\" ><\/ctv-offers>\n\n\n\n<script>\n    window.ctoutvert = {\n\t\tid: 9931, \n\t\tlang: 'auto', \n\t\turl: 'https:\/\/bookingpremium.secureholiday.net\/widgets\/'\n    };\n    (function (w, d, s, ctv, r, js, fjs) {\n        r=new XMLHttpRequest();r.open('GET',w[ctv].url+'js\/src.json');\n        r.responseType='json';r.json=true;r.send();\n        r.onload=function(){w[ctv].src=r.responseType=='json'?r.response:JSON.parse(r.response);\n        js.src=w[ctv].src[0];fjs.parentNode.insertBefore(js, fjs);}\n        js=d.createElement(s),fjs=d.getElementsByTagName(s)[0];\n        js.id='ctvwidget';js.async=1;\n    }(window, document, 'script', 'ctoutvert'));\n<\/script>\n<ctv-availability data-background-color='#FFFFFFFF' ><\/ctv-availability>\n\n\r\n    <\/div>\r\n<\/section>\n\n<section id=\"ls-section-block_20f3e4c08839194735fd9cd79d7b4b6e\" class=\"ls-section  modele p-t-0 p-b-0 has-m-t m-t-0 has-m-b m-b-0 has-m-l m-l-0 has-m-r m-r-0 has-p-t p-t-0 has-p-b p-b-0 has-p-l p-l-0 has-p-r p-r-0\" >\r\n        <div class=\"container container--full\">\r\n        \n\n<div class=\"wp-block-columns ls-columns valign-middle p-t-0 p-b-0 is-layout-flex wp-container-core-columns-is-layout-1 wp-block-columns-is-layout-flex\">\n<div class=\"wp-block-column is-layout-flow wp-block-column-is-layout-flow\" style=\"flex-basis:50%\">\n<figure class=\"wp-block-image size-full ls-image\"><img decoding=\"async\" width=\"935\" height=\"600\" src=\"https:\/\/campingsigean.com\/wp-content\/uploads\/2021\/08\/camping-petit-prix-sigean-1.jpg\" alt=\"camping petit prix sigean\" class=\"wp-image-2820\" srcset=\"https:\/\/campingsigean.com\/wp-content\/uploads\/2021\/08\/camping-petit-prix-sigean-1.jpg 935w, https:\/\/campingsigean.com\/wp-content\/uploads\/2021\/08\/camping-petit-prix-sigean-1-300x193.jpg 300w, https:\/\/campingsigean.com\/wp-content\/uploads\/2021\/08\/camping-petit-prix-sigean-1-768x493.jpg 768w\" sizes=\"(max-width: 935px) 100vw, 935px\" \/><\/figure>\n<\/div>\n\n\n\n<div class=\"wp-block-column modele__contenu is-layout-flow wp-block-column-is-layout-flow\" style=\"flex-basis:50%\">\n<h2 class=\"post__heading-undefined ls-heading wp-block-heading\">Camping con la mejor relaci\u00f3n calidad-precio en Sigean<\/h2>\n\n\n\n<p class=\"ls-paragraph post__paragraph\">\u00bfEst\u00e1s buscando el <strong>mejor<\/strong> alojamiento en Sigean? Para realizar un interesante ahorro mientras disfruta de una estancia excepcional, nuestro <a href=\"\/es\/\">camping de Sigean<\/a> ofrece alquileres de bajo coste.<\/p>\n\n\n\n<p class=\"ls-paragraph post__paragraph\">Nuestras casas m\u00f3viles de alquiler en el Aude incluyen una cocina americana totalmente equipada, c\u00f3modas habitaciones, instalaciones sanitarias y una encantadora terraza. Con capacidad para 6 personas, representan la mejor relaci\u00f3n calidad-precio en el Aude para sus vacaciones en un hotel al aire libre en la costa mediterr\u00e1nea. Los precios de nuestras parcelas en Sigean tambi\u00e9n son atractivos. Reserve directamente en nuestra web para beneficiarse de los mejores precios en nuestro camping barato.<\/p>\n<\/div>\n<\/div>\n\n\r\n    <\/div>\r\n<\/section>\n\n<section id=\"ls-section-block_20f3e4c08839194735fd9cd79d7b4b6e\" class=\"ls-section  modele p-t-0 p-b-0 has-m-t m-t-0 has-m-b m-b-0 has-m-l m-l-0 has-m-r m-r-0 has-p-t p-t-0 has-p-b p-b-0 has-p-l p-l-0 has-p-r p-r-0\" >\r\n        <div class=\"container container--full\">\r\n        \n\n<div class=\"wp-block-columns ls-columns valign-middle p-t-0 p-b-0 is-layout-flex wp-container-core-columns-is-layout-2 wp-block-columns-is-layout-flex\">\n<div class=\"wp-block-column modele__contenu is-layout-flow wp-block-column-is-layout-flow\" style=\"flex-basis:50%\">\n<h2 class=\"post__heading-undefined ls-heading wp-block-heading\">Nuestras ofertas y promociones especiales en el Aude  <\/h2>\n\n\n\n<p class=\"ls-paragraph post__paragraph\">Para disfrutar de sus vacaciones sin reservas, deje su equipaje en nuestro camping: se beneficiar\u00e1 de nuestras <strong>ofertas<\/strong> especiales en Sigean, para una estancia de 3 estrellas a bajo precio. En nuestros paquetes hay <strong>descuentos que van del 10 al 20%<\/strong>, seg\u00fan el periodo y el alojamiento elegidos.<\/p>\n\n\n\n<p class=\"ls-paragraph post__paragraph\">Elija el modelo de mobil-home que m\u00e1s le guste de nuestra gama de alquileres y reserve su estancia seleccionando las fechas para obtener el mejor precio, pero tambi\u00e9n la mejor relaci\u00f3n calidad\/precio. Descubra nuestras ofertas especiales en el Aude en nuestro hotel barato al aire libre!<\/p>\n<\/div>\n\n\n\n<div class=\"wp-block-column is-layout-flow wp-block-column-is-layout-flow\" style=\"flex-basis:50%\">\n<figure class=\"wp-block-image size-full ls-image\"><img decoding=\"async\" width=\"935\" height=\"600\" src=\"https:\/\/campingsigean.com\/wp-content\/uploads\/2021\/08\/camping-meilleur-prix-sigean-2.jpg\" alt=\"camping mejor precio sigean\" class=\"wp-image-2832\" srcset=\"https:\/\/campingsigean.com\/wp-content\/uploads\/2021\/08\/camping-meilleur-prix-sigean-2.jpg 935w, https:\/\/campingsigean.com\/wp-content\/uploads\/2021\/08\/camping-meilleur-prix-sigean-2-300x193.jpg 300w, https:\/\/campingsigean.com\/wp-content\/uploads\/2021\/08\/camping-meilleur-prix-sigean-2-768x493.jpg 768w\" sizes=\"(max-width: 935px) 100vw, 935px\" \/><\/figure>\n<\/div>\n<\/div>\n\n\r\n    <\/div>\r\n<\/section>\n\n<section id=\"ls-section-block_20f3e4c08839194735fd9cd79d7b4b6e\" class=\"ls-section  modele p-t-0 p-b-0 has-m-t m-t-0 has-m-b m-b-0 has-m-l m-l-0 has-m-r m-r-0 has-p-t p-t-0 has-p-b p-b-0 has-p-l p-l-0 has-p-r p-r-0\" >\r\n        <div class=\"container container--full\">\r\n        \n\n<div class=\"wp-block-columns ls-columns valign-middle p-t-0 p-b-0 is-layout-flex wp-container-core-columns-is-layout-3 wp-block-columns-is-layout-flex\">\n<div class=\"wp-block-column is-layout-flow wp-block-column-is-layout-flow\" style=\"flex-basis:50%\">\n<figure class=\"wp-block-image size-full ls-image\"><img decoding=\"async\" width=\"935\" height=\"600\" src=\"https:\/\/campingsigean.com\/wp-content\/uploads\/2021\/08\/camping-pas-cher-sigean.jpg\" alt=\"camping barato sigean\" class=\"wp-image-2828\" srcset=\"https:\/\/campingsigean.com\/wp-content\/uploads\/2021\/08\/camping-pas-cher-sigean.jpg 935w, https:\/\/campingsigean.com\/wp-content\/uploads\/2021\/08\/camping-pas-cher-sigean-300x193.jpg 300w, https:\/\/campingsigean.com\/wp-content\/uploads\/2021\/08\/camping-pas-cher-sigean-768x493.jpg 768w\" sizes=\"(max-width: 935px) 100vw, 935px\" \/><\/figure>\n<\/div>\n\n\n\n<div class=\"wp-block-column modele__contenu is-layout-flow wp-block-column-is-layout-flow\" style=\"flex-basis:50%\">\n<h2 class=\"post__heading-undefined ls-heading wp-block-heading\">Nuestras etiquetas para los campistas<\/h2>\n\n\n\n<p class=\"ls-paragraph post__paragraph\">Para una estancia soleada al mejor precio en Sigean, nuestro camping forma parte de las <strong>redes Acsi y ANWB<\/strong>. Estas etiquetas le permiten beneficiarse de muchas ventajas, como un precio bajo en su alquiler y consejos para disfrutar de sus vacaciones sin arruinarse.<\/p>\n\n\n\n<p class=\"ls-paragraph post__paragraph\">Al reservar su estancia en un camping de calidad Acsi y ANWB en Francia, tendr\u00e1 la garant\u00eda de encontrar la mejor relaci\u00f3n calidad-precio. As\u00ed que no dude en encontrar su casa m\u00f3vil o <strong>parcela al mejor precio <\/strong>en el Aude. Reserve en l\u00ednea su alojamiento barato en el camping Grange Neuve.<\/p>\n<\/div>\n<\/div>\n\n\r\n    <\/div>\r\n<\/section>\n\n<section id=\"ls-section-block_bd63fadf5e9215cdb0072cbc213fb08f\" class=\"ls-section  p-b-0 has-m-t m-t-0 has-m-b m-b-0 has-m-l m-l-0 has-m-r m-r-0 has-p-t p-t-0 has-p-b p-b-0 has-p-l p-l-0 has-p-r p-r-0\" >\r\n        <div class=\"container \">\r\n        \n\n<hr class=\"wp-block-separator has-css-opacity ls-separator is-style-default\"\/>\n\n\n<div class=\"wp-block-image ls-image is-style-rounded\">\n<figure class=\"aligncenter size-full\"><img decoding=\"async\" width=\"150\" height=\"150\" src=\"https:\/\/campingsigean.com\/wp-content\/uploads\/2021\/08\/camping-petit-prix-sigean.jpg\" alt=\"camping petit prix sigean\" class=\"wp-image-2944\"\/><\/figure><\/div>\n\n\n<blockquote class=\"wp-block-quote has-text-align-center ls-quote is-style-large is-layout-flow wp-block-quote-is-layout-flow\">\n<p class=\"ls-paragraph\">\u00abCamping muy limpio y bien situado. Para una estancia con amigos alquilamos una casa m\u00f3vil muy bien equipada con una oferta especial. Este es sin duda el mejor camping econ\u00f3mico de la zona. Volveremos\u00bb.<\/p>\n<cite>&#8211; Laura<\/cite><\/blockquote>\n\n\n\n<hr class=\"wp-block-separator has-css-opacity ls-separator is-style-default\"\/>\n\n\r\n    <\/div>\r\n<\/section>\n\n<section id=\"ls-section-block_5ff1abbd1a8babc45c08d92598811bf5\" class=\"ls-section  has-m-t m-t-0 has-m-b m-b-0 has-m-l m-l-0 has-m-r m-r-0 has-p-t p-t-0 has-p-b p-b-0 has-p-l p-l-0 has-p-r p-r-0\" >\r\n        <div class=\"container container--wide\">\r\n        \n\n<h2 class=\"post__heading-undefined has-text-align-center ls-heading wp-block-heading\">nuestros alojamientos y actividades en sigean<\/h2>\n\n\n<div id=\"ls-maillage-block_1e63eeeb9e80bc596647adb52d64bdeb\" class=\"ls-maillage has-m-t m-t-0 has-m-b m-b-0 has-m-l m-l-0 has-m-r m-r-0 has-p-t p-t-0 has-p-b p-b-0 has-p-l p-l-0 has-p-r p-r-0\">\n    <div class=\"wp-block-columns\"><div class=\"wp-block-column\">\n\n<a href=\"https:\/\/campingsigean.com\/es\/sigean-familia-campamento\/\" target=\"\" rel=\"noopener\" class=\"ls-cta\">\n\n\t<div class=\"ls-cta__image\"><img decoding=\"async\" src=\"https:\/\/campingsigean.com\/wp-content\/uploads\/2021\/08\/camping-activites-aude-1.jpg\" alt=\"actividades de camping aude\"><\/div>\n\t<div class=\"ls-cta__title\">\n\t\tNuestras actividades\t<\/div>\n\n\t\t\n<\/a><\/div><div class=\"wp-block-column\">\n\n<a href=\"https:\/\/campingsigean.com\/es\/nuestras-sedes\/\" target=\"\" rel=\"noopener\" class=\"ls-cta\">\n\n\t<div class=\"ls-cta__image\"><img decoding=\"async\" src=\"https:\/\/campingsigean.com\/wp-content\/uploads\/2022\/06\/emplacement-sigean.jpg\" alt=\"emplacement-sigean\"><\/div>\n\t<div class=\"ls-cta__title\">\n\t\tNuestras sedes\t<\/div>\n\n\t\t\n<\/a><\/div><div class=\"wp-block-column\">\n\n<a href=\"https:\/\/campingsigean.com\/es\/nuestras-casas-moviles\/\" target=\"\" rel=\"noopener\" class=\"ls-cta\">\n\n\t<div class=\"ls-cta__image\"><img decoding=\"async\" src=\"https:\/\/campingsigean.com\/wp-content\/uploads\/2021\/08\/location-hebergement-sigean.jpg\" alt=\"alquiler de viviendas en sigean\"><\/div>\n\t<div class=\"ls-cta__title\">\n\t\tEn las casas m\u00f3viles\t<\/div>\n\n\t\t\n<\/a><\/div><\/div><\/div>\n\r\n    <\/div>\r\n<\/section>","protected":false},"excerpt":{"rendered":"","protected":false},"author":1,"featured_media":0,"parent":0,"menu_order":0,"comment_status":"closed","ping_status":"closed","template":"","meta":{"_acf_changed":false,"footnotes":""},"sujet":[],"class_list":["post-4566","page","type-page","status-publish","hentry"],"acf":[],"yoast_head":"<!-- This site is optimized with the Yoast SEO plugin v25.3 - https:\/\/yoast.com\/wordpress\/plugins\/seo\/ -->\n<title>Camping barato en Sigean | Camping low cost en Aude<\/title>\n<meta name=\"robots\" content=\"index, follow, max-snippet:-1, max-image-preview:large, max-video-preview:-1\" \/>\n<link rel=\"canonical\" href=\"https:\/\/campingsigean.com\/es\/tarifas\/\" \/>\n<meta property=\"og:locale\" content=\"es_ES\" \/>\n<meta property=\"og:type\" content=\"article\" \/>\n<meta property=\"og:title\" content=\"Camping barato en Sigean | Camping low cost en Aude\" \/>\n<meta property=\"og:url\" content=\"https:\/\/campingsigean.com\/es\/tarifas\/\" \/>\n<meta property=\"og:site_name\" content=\"Camping Grange Neuve\" \/>\n<meta property=\"article:modified_time\" content=\"2023-06-22T10:04:18+00:00\" \/>\n<meta property=\"og:image\" content=\"https:\/\/campingsigean.com\/wp-content\/uploads\/2021\/08\/camping-pas-cher-sigean-1.jpg\" \/>\n\t<meta property=\"og:image:width\" content=\"1903\" \/>\n\t<meta property=\"og:image:height\" content=\"562\" \/>\n\t<meta property=\"og:image:type\" content=\"image\/jpeg\" \/>\n<meta name=\"twitter:card\" content=\"summary_large_image\" \/>\n<meta name=\"twitter:label1\" content=\"Tiempo de lectura\" \/>\n\t<meta name=\"twitter:data1\" content=\"3 minutos\" \/>\n<script type=\"application\/ld+json\" class=\"yoast-schema-graph\">{\"@context\":\"https:\/\/schema.org\",\"@graph\":[{\"@type\":\"WebPage\",\"@id\":\"https:\/\/campingsigean.com\/es\/tarifas\/\",\"url\":\"https:\/\/campingsigean.com\/es\/tarifas\/\",\"name\":\"Camping barato en Sigean | Camping low cost en Aude\",\"isPartOf\":{\"@id\":\"https:\/\/campingsigean.com\/es\/#website\"},\"primaryImageOfPage\":{\"@id\":\"https:\/\/campingsigean.com\/es\/tarifas\/#primaryimage\"},\"image\":{\"@id\":\"https:\/\/campingsigean.com\/es\/tarifas\/#primaryimage\"},\"thumbnailUrl\":\"https:\/\/campingsigean.com\/wp-content\/uploads\/2021\/08\/camping-petit-prix-sigean-1.jpg\",\"datePublished\":\"2021-09-10T14:12:42+00:00\",\"dateModified\":\"2023-06-22T10:04:18+00:00\",\"breadcrumb\":{\"@id\":\"https:\/\/campingsigean.com\/es\/tarifas\/#breadcrumb\"},\"inLanguage\":\"es\",\"potentialAction\":[{\"@type\":\"ReadAction\",\"target\":[\"https:\/\/campingsigean.com\/es\/tarifas\/\"]}]},{\"@type\":\"ImageObject\",\"inLanguage\":\"es\",\"@id\":\"https:\/\/campingsigean.com\/es\/tarifas\/#primaryimage\",\"url\":\"https:\/\/campingsigean.com\/wp-content\/uploads\/2021\/08\/camping-petit-prix-sigean-1.jpg\",\"contentUrl\":\"https:\/\/campingsigean.com\/wp-content\/uploads\/2021\/08\/camping-petit-prix-sigean-1.jpg\"},{\"@type\":\"BreadcrumbList\",\"@id\":\"https:\/\/campingsigean.com\/es\/tarifas\/#breadcrumb\",\"itemListElement\":[{\"@type\":\"ListItem\",\"position\":1,\"name\":\"Camping Aude\",\"item\":\"https:\/\/campingsigean.com\/es\/\"},{\"@type\":\"ListItem\",\"position\":2,\"name\":\"Camping al mejor precio en Sigean\"}]},{\"@type\":\"WebSite\",\"@id\":\"https:\/\/campingsigean.com\/es\/#website\",\"url\":\"https:\/\/campingsigean.com\/es\/\",\"name\":\"Camping Grange Neuve\",\"description\":\"\",\"publisher\":{\"@id\":\"https:\/\/campingsigean.com\/es\/#organization\"},\"potentialAction\":[{\"@type\":\"SearchAction\",\"target\":{\"@type\":\"EntryPoint\",\"urlTemplate\":\"https:\/\/campingsigean.com\/es\/?s={search_term_string}\"},\"query-input\":{\"@type\":\"PropertyValueSpecification\",\"valueRequired\":true,\"valueName\":\"search_term_string\"}}],\"inLanguage\":\"es\"},{\"@type\":\"Organization\",\"@id\":\"https:\/\/campingsigean.com\/es\/#organization\",\"name\":\"Camping La Grange Neuve\",\"url\":\"https:\/\/campingsigean.com\/es\/\",\"logo\":{\"@type\":\"ImageObject\",\"inLanguage\":\"es\",\"@id\":\"https:\/\/campingsigean.com\/es\/#\/schema\/logo\/image\/\",\"url\":\"https:\/\/campingsigean.com\/wp-content\/uploads\/2021\/08\/cropped-logo-camping-sigean.png\",\"contentUrl\":\"https:\/\/campingsigean.com\/wp-content\/uploads\/2021\/08\/cropped-logo-camping-sigean.png\",\"width\":117,\"height\":98,\"caption\":\"Camping La Grange Neuve\"},\"image\":{\"@id\":\"https:\/\/campingsigean.com\/es\/#\/schema\/logo\/image\/\"}}]}<\/script>\n<!-- \/ Yoast SEO plugin. -->","yoast_head_json":{"title":"Camping barato en Sigean | Camping low cost en Aude","robots":{"index":"index","follow":"follow","max-snippet":"max-snippet:-1","max-image-preview":"max-image-preview:large","max-video-preview":"max-video-preview:-1"},"canonical":"https:\/\/campingsigean.com\/es\/tarifas\/","og_locale":"es_ES","og_type":"article","og_title":"Camping barato en Sigean | Camping low cost en Aude","og_url":"https:\/\/campingsigean.com\/es\/tarifas\/","og_site_name":"Camping Grange Neuve","article_modified_time":"2023-06-22T10:04:18+00:00","og_image":[{"width":1903,"height":562,"url":"https:\/\/campingsigean.com\/wp-content\/uploads\/2021\/08\/camping-pas-cher-sigean-1.jpg","type":"image\/jpeg"}],"twitter_card":"summary_large_image","twitter_misc":{"Tiempo de lectura":"3 minutos"},"schema":{"@context":"https:\/\/schema.org","@graph":[{"@type":"WebPage","@id":"https:\/\/campingsigean.com\/es\/tarifas\/","url":"https:\/\/campingsigean.com\/es\/tarifas\/","name":"Camping barato en Sigean | Camping low cost en Aude","isPartOf":{"@id":"https:\/\/campingsigean.com\/es\/#website"},"primaryImageOfPage":{"@id":"https:\/\/campingsigean.com\/es\/tarifas\/#primaryimage"},"image":{"@id":"https:\/\/campingsigean.com\/es\/tarifas\/#primaryimage"},"thumbnailUrl":"https:\/\/campingsigean.com\/wp-content\/uploads\/2021\/08\/camping-petit-prix-sigean-1.jpg","datePublished":"2021-09-10T14:12:42+00:00","dateModified":"2023-06-22T10:04:18+00:00","breadcrumb":{"@id":"https:\/\/campingsigean.com\/es\/tarifas\/#breadcrumb"},"inLanguage":"es","potentialAction":[{"@type":"ReadAction","target":["https:\/\/campingsigean.com\/es\/tarifas\/"]}]},{"@type":"ImageObject","inLanguage":"es","@id":"https:\/\/campingsigean.com\/es\/tarifas\/#primaryimage","url":"https:\/\/campingsigean.com\/wp-content\/uploads\/2021\/08\/camping-petit-prix-sigean-1.jpg","contentUrl":"https:\/\/campingsigean.com\/wp-content\/uploads\/2021\/08\/camping-petit-prix-sigean-1.jpg"},{"@type":"BreadcrumbList","@id":"https:\/\/campingsigean.com\/es\/tarifas\/#breadcrumb","itemListElement":[{"@type":"ListItem","position":1,"name":"Camping Aude","item":"https:\/\/campingsigean.com\/es\/"},{"@type":"ListItem","position":2,"name":"Camping al mejor precio en Sigean"}]},{"@type":"WebSite","@id":"https:\/\/campingsigean.com\/es\/#website","url":"https:\/\/campingsigean.com\/es\/","name":"Camping Grange Neuve","description":"","publisher":{"@id":"https:\/\/campingsigean.com\/es\/#organization"},"potentialAction":[{"@type":"SearchAction","target":{"@type":"EntryPoint","urlTemplate":"https:\/\/campingsigean.com\/es\/?s={search_term_string}"},"query-input":{"@type":"PropertyValueSpecification","valueRequired":true,"valueName":"search_term_string"}}],"inLanguage":"es"},{"@type":"Organization","@id":"https:\/\/campingsigean.com\/es\/#organization","name":"Camping La Grange Neuve","url":"https:\/\/campingsigean.com\/es\/","logo":{"@type":"ImageObject","inLanguage":"es","@id":"https:\/\/campingsigean.com\/es\/#\/schema\/logo\/image\/","url":"https:\/\/campingsigean.com\/wp-content\/uploads\/2021\/08\/cropped-logo-camping-sigean.png","contentUrl":"https:\/\/campingsigean.com\/wp-content\/uploads\/2021\/08\/cropped-logo-camping-sigean.png","width":117,"height":98,"caption":"Camping La Grange Neuve"},"image":{"@id":"https:\/\/campingsigean.com\/es\/#\/schema\/logo\/image\/"}}]}},"_links":{"self":[{"href":"https:\/\/campingsigean.com\/es\/wp-json\/wp\/v2\/pages\/4566"}],"collection":[{"href":"https:\/\/campingsigean.com\/es\/wp-json\/wp\/v2\/pages"}],"about":[{"href":"https:\/\/campingsigean.com\/es\/wp-json\/wp\/v2\/types\/page"}],"author":[{"embeddable":true,"href":"https:\/\/campingsigean.com\/es\/wp-json\/wp\/v2\/users\/1"}],"replies":[{"embeddable":true,"href":"https:\/\/campingsigean.com\/es\/wp-json\/wp\/v2\/comments?post=4566"}],"version-history":[{"count":8,"href":"https:\/\/campingsigean.com\/es\/wp-json\/wp\/v2\/pages\/4566\/revisions"}],"predecessor-version":[{"id":11236,"href":"https:\/\/campingsigean.com\/es\/wp-json\/wp\/v2\/pages\/4566\/revisions\/11236"}],"wp:attachment":[{"href":"https:\/\/campingsigean.com\/es\/wp-json\/wp\/v2\/media?parent=4566"}],"wp:term":[{"taxonomy":"sujet","embeddable":true,"href":"https:\/\/campingsigean.com\/es\/wp-json\/wp\/v2\/sujet?post=4566"}],"curies":[{"name":"wp","href":"https:\/\/api.w.org\/{rel}","templated":true}]}}