{"id":4582,"date":"2021-09-10T16:12:48","date_gmt":"2021-09-10T14:12:48","guid":{"rendered":"https:\/\/campingsigean.com\/informacion-legal\/"},"modified":"2023-09-21T10:01:15","modified_gmt":"2023-09-21T08:01:15","slug":"informacion-legal","status":"publish","type":"page","link":"https:\/\/campingsigean.com\/es\/informacion-legal\/","title":{"rendered":"Informaci\u00f3n legal"},"content":{"rendered":"<section id=\"ls-section-block_af33e0dda63b53fef051ca295eb969ac\" class=\"ls-section  has-m-t m-t-0 has-m-b m-b-0 has-m-l m-l-0 has-m-r m-r-0 has-p-t p-t-0 has-p-b p-b-0 has-p-l p-l-0 has-p-r p-r-0\" >\r\n        <div class=\"container container--wide\">\r\n        \n\n<h1 class=\"ls__heading wp-block-heading has-text-align-center post__heading-undefined\">Informaci\u00f3n legal<\/h1>\n\n\n\n<h2 class=\"ls__heading wp-block-heading post__heading-undefined\">Editor del sitio web<\/h2>\n\n\n\n<p class=\"ls-paragraph post__paragraph\">Camping La Grange Neuve<br>17 La Grange Neuve Norte<br>11130 SIGEAN<\/p>\n\n\n\n<p class=\"ls-paragraph post__paragraph\">Tel: 04 68 48 58 70<\/p>\n\n\n\n<p class=\"ls-paragraph post__paragraph\">Director de la publicaci\u00f3n: J\u00e9r\u00f4me Luneau<\/p>\n\n\n\n<p class=\"ls-paragraph post__paragraph\">Capital social: 10 000 \u20ac<\/p>\n\n\n\n<p class=\"ls-paragraph post__paragraph\">Registro mercantil Narbona B 912 210 911<\/p>\n\n\n\n<p class=\"ls-paragraph post__paragraph\">Siret\u00a091221091100018<\/p>\n\n\n\n<h2 class=\"ls__heading wp-block-heading post__heading-undefined\">Realizaci\u00f3n<\/h2>\n\n\n\n<p class=\"ls-paragraph post__paragraph\">GEEK TONIC<br>Representado por el Sr. Yohan Darmayan en su calidad de gerente<br>Domicilio social : 1 ALL PIERRE GEORGES LATECOERE 64200 BIARRITZ<br>Tel: 05 32 74 11 52<br>Correo electr\u00f3nico: info@geek-tonic.com<br>P\u00e1gina web: www.geek-tonic.com<br>SIRET : 89746755100015<br>APE : 6201Z<\/p>\n\n\n\n<h2 class=\"ls__heading wp-block-heading post__heading-undefined\">Derechos de autor y copyright<\/h2>\n\n\n\n<p class=\"ls-paragraph post__paragraph\">Todo el contenido de este sitio est\u00e1 sujeto a los derechos de autor y de propiedad intelectual de la legislaci\u00f3n francesa. Queda prohibida cualquier reproducci\u00f3n (incluidas las fotos, los iconos y los documentos descargables) sin el consentimiento previo de GEEK TONIC. Queda prohibida la reproducci\u00f3n en un soporte electr\u00f3nico de la totalidad o parte del sitio en papel o en formato electr\u00f3nico. GEEK TONIC declina toda responsabilidad por el contenido del sitio web. GEEK TONIC tambi\u00e9n declina toda responsabilidad por los enlaces externos a este sitio.<\/p>\n\n\n\n<h2 class=\"ls__heading wp-block-heading post__heading-undefined\">Datos personales e informaci\u00f3n nominativa<\/h2>\n\n\n\n<p class=\"ls-paragraph post__paragraph\">Usted dispone de un derecho de acceso, modificaci\u00f3n, rectificaci\u00f3n y supresi\u00f3n de los datos que le conciernen, de conformidad con el art\u00edculo 34 de la ley francesa de protecci\u00f3n de datos (Loi \u00bb Informatique et Libert\u00e9s \u00bb n\u00b0 78-17 de 6 de enero de 1978, modificada el 6 de agosto de 2018). Para ejercer este derecho de acceso, puede presentar una solicitud por escrito al editor del sitio.<\/p>\n\n\n\n<h2 class=\"ls__heading wp-block-heading post__heading-undefined\">Legislaci\u00f3n<\/h2>\n\n\n\n<p class=\"ls-paragraph post__paragraph\">Seg\u00fan la ley del 11 de marzo de 1957 (art. 41) y el c\u00f3digo de la propiedad intelectual del 1 de julio de 1992, est\u00e1 prohibida la reproducci\u00f3n total o parcial del sitio sin autorizaci\u00f3n previa del editor del mismo. Los logotipos, los elementos visuales, las fotos, los v\u00eddeos, los cuadros gr\u00e1ficos y los textos son propiedad de sus respectivos due\u00f1os. Este sitio puede, sin su conocimiento, haber sido vinculado a otros sitios por medio de hiperv\u00ednculos. El editor del sitio declina toda responsabilidad por la informaci\u00f3n presentada en estos otros sitios. El internauta reconoce que el uso de este sitio se rige por la legislaci\u00f3n francesa.<\/p>\n\n\r\n    <\/div>\r\n<\/section>","protected":false},"excerpt":{"rendered":"","protected":false},"author":1,"featured_media":2932,"parent":0,"menu_order":0,"comment_status":"closed","ping_status":"closed","template":"","meta":{"_acf_changed":false,"footnotes":""},"sujet":[],"class_list":["post-4582","page","type-page","status-publish","has-post-thumbnail","hentry"],"acf":[],"yoast_head":"<!-- This site is optimized with the Yoast SEO plugin v25.3 - https:\/\/yoast.com\/wordpress\/plugins\/seo\/ -->\n<title>Informaci\u00f3n legal - Camping Grange Neuve<\/title>\n<meta name=\"robots\" content=\"noindex, nofollow\" \/>\n<meta property=\"og:locale\" content=\"es_ES\" \/>\n<meta property=\"og:type\" content=\"article\" \/>\n<meta property=\"og:title\" content=\"Informaci\u00f3n legal - Camping Grange Neuve\" \/>\n<meta property=\"og:url\" content=\"https:\/\/campingsigean.com\/es\/informacion-legal\/\" \/>\n<meta property=\"og:site_name\" content=\"Camping Grange Neuve\" \/>\n<meta property=\"article:modified_time\" content=\"2023-09-21T08:01:15+00:00\" \/>\n<meta property=\"og:image\" content=\"https:\/\/campingsigean.com\/wp-content\/uploads\/2021\/08\/camping-pas-cher-sigean-1.jpg\" \/>\n\t<meta property=\"og:image:width\" content=\"1903\" \/>\n\t<meta property=\"og:image:height\" content=\"562\" \/>\n\t<meta property=\"og:image:type\" content=\"image\/jpeg\" \/>\n<meta name=\"twitter:card\" content=\"summary_large_image\" \/>\n<meta name=\"twitter:label1\" content=\"Tiempo de lectura\" \/>\n\t<meta name=\"twitter:data1\" content=\"2 minutos\" \/>\n<script type=\"application\/ld+json\" class=\"yoast-schema-graph\">{\"@context\":\"https:\/\/schema.org\",\"@graph\":[{\"@type\":\"WebPage\",\"@id\":\"https:\/\/campingsigean.com\/es\/informacion-legal\/\",\"url\":\"https:\/\/campingsigean.com\/es\/informacion-legal\/\",\"name\":\"Informaci\u00f3n legal - Camping Grange Neuve\",\"isPartOf\":{\"@id\":\"https:\/\/campingsigean.com\/es\/#website\"},\"primaryImageOfPage\":{\"@id\":\"https:\/\/campingsigean.com\/es\/informacion-legal\/#primaryimage\"},\"image\":{\"@id\":\"https:\/\/campingsigean.com\/es\/informacion-legal\/#primaryimage\"},\"thumbnailUrl\":\"https:\/\/campingsigean.com\/wp-content\/uploads\/2021\/08\/camping-pas-cher-sigean-1.jpg\",\"datePublished\":\"2021-09-10T14:12:48+00:00\",\"dateModified\":\"2023-09-21T08:01:15+00:00\",\"breadcrumb\":{\"@id\":\"https:\/\/campingsigean.com\/es\/informacion-legal\/#breadcrumb\"},\"inLanguage\":\"es\",\"potentialAction\":[{\"@type\":\"ReadAction\",\"target\":[\"https:\/\/campingsigean.com\/es\/informacion-legal\/\"]}]},{\"@type\":\"ImageObject\",\"inLanguage\":\"es\",\"@id\":\"https:\/\/campingsigean.com\/es\/informacion-legal\/#primaryimage\",\"url\":\"https:\/\/campingsigean.com\/wp-content\/uploads\/2021\/08\/camping-pas-cher-sigean-1.jpg\",\"contentUrl\":\"https:\/\/campingsigean.com\/wp-content\/uploads\/2021\/08\/camping-pas-cher-sigean-1.jpg\",\"width\":1903,\"height\":562,\"caption\":\"camping barato sigean\"},{\"@type\":\"BreadcrumbList\",\"@id\":\"https:\/\/campingsigean.com\/es\/informacion-legal\/#breadcrumb\",\"itemListElement\":[{\"@type\":\"ListItem\",\"position\":1,\"name\":\"Camping Aude\",\"item\":\"https:\/\/campingsigean.com\/es\/\"},{\"@type\":\"ListItem\",\"position\":2,\"name\":\"Informaci\u00f3n legal\"}]},{\"@type\":\"WebSite\",\"@id\":\"https:\/\/campingsigean.com\/es\/#website\",\"url\":\"https:\/\/campingsigean.com\/es\/\",\"name\":\"Camping Grange Neuve\",\"description\":\"\",\"publisher\":{\"@id\":\"https:\/\/campingsigean.com\/es\/#organization\"},\"potentialAction\":[{\"@type\":\"SearchAction\",\"target\":{\"@type\":\"EntryPoint\",\"urlTemplate\":\"https:\/\/campingsigean.com\/es\/?s={search_term_string}\"},\"query-input\":{\"@type\":\"PropertyValueSpecification\",\"valueRequired\":true,\"valueName\":\"search_term_string\"}}],\"inLanguage\":\"es\"},{\"@type\":\"Organization\",\"@id\":\"https:\/\/campingsigean.com\/es\/#organization\",\"name\":\"Camping La Grange Neuve\",\"url\":\"https:\/\/campingsigean.com\/es\/\",\"logo\":{\"@type\":\"ImageObject\",\"inLanguage\":\"es\",\"@id\":\"https:\/\/campingsigean.com\/es\/#\/schema\/logo\/image\/\",\"url\":\"https:\/\/campingsigean.com\/wp-content\/uploads\/2021\/08\/cropped-logo-camping-sigean.png\",\"contentUrl\":\"https:\/\/campingsigean.com\/wp-content\/uploads\/2021\/08\/cropped-logo-camping-sigean.png\",\"width\":117,\"height\":98,\"caption\":\"Camping La Grange Neuve\"},\"image\":{\"@id\":\"https:\/\/campingsigean.com\/es\/#\/schema\/logo\/image\/\"}}]}<\/script>\n<!-- \/ Yoast SEO plugin. -->","yoast_head_json":{"title":"Informaci\u00f3n legal - Camping Grange Neuve","robots":{"index":"noindex","follow":"nofollow"},"og_locale":"es_ES","og_type":"article","og_title":"Informaci\u00f3n legal - Camping Grange Neuve","og_url":"https:\/\/campingsigean.com\/es\/informacion-legal\/","og_site_name":"Camping Grange Neuve","article_modified_time":"2023-09-21T08:01:15+00:00","og_image":[{"width":1903,"height":562,"url":"https:\/\/campingsigean.com\/wp-content\/uploads\/2021\/08\/camping-pas-cher-sigean-1.jpg","type":"image\/jpeg"}],"twitter_card":"summary_large_image","twitter_misc":{"Tiempo de lectura":"2 minutos"},"schema":{"@context":"https:\/\/schema.org","@graph":[{"@type":"WebPage","@id":"https:\/\/campingsigean.com\/es\/informacion-legal\/","url":"https:\/\/campingsigean.com\/es\/informacion-legal\/","name":"Informaci\u00f3n legal - Camping Grange Neuve","isPartOf":{"@id":"https:\/\/campingsigean.com\/es\/#website"},"primaryImageOfPage":{"@id":"https:\/\/campingsigean.com\/es\/informacion-legal\/#primaryimage"},"image":{"@id":"https:\/\/campingsigean.com\/es\/informacion-legal\/#primaryimage"},"thumbnailUrl":"https:\/\/campingsigean.com\/wp-content\/uploads\/2021\/08\/camping-pas-cher-sigean-1.jpg","datePublished":"2021-09-10T14:12:48+00:00","dateModified":"2023-09-21T08:01:15+00:00","breadcrumb":{"@id":"https:\/\/campingsigean.com\/es\/informacion-legal\/#breadcrumb"},"inLanguage":"es","potentialAction":[{"@type":"ReadAction","target":["https:\/\/campingsigean.com\/es\/informacion-legal\/"]}]},{"@type":"ImageObject","inLanguage":"es","@id":"https:\/\/campingsigean.com\/es\/informacion-legal\/#primaryimage","url":"https:\/\/campingsigean.com\/wp-content\/uploads\/2021\/08\/camping-pas-cher-sigean-1.jpg","contentUrl":"https:\/\/campingsigean.com\/wp-content\/uploads\/2021\/08\/camping-pas-cher-sigean-1.jpg","width":1903,"height":562,"caption":"camping barato sigean"},{"@type":"BreadcrumbList","@id":"https:\/\/campingsigean.com\/es\/informacion-legal\/#breadcrumb","itemListElement":[{"@type":"ListItem","position":1,"name":"Camping Aude","item":"https:\/\/campingsigean.com\/es\/"},{"@type":"ListItem","position":2,"name":"Informaci\u00f3n legal"}]},{"@type":"WebSite","@id":"https:\/\/campingsigean.com\/es\/#website","url":"https:\/\/campingsigean.com\/es\/","name":"Camping Grange Neuve","description":"","publisher":{"@id":"https:\/\/campingsigean.com\/es\/#organization"},"potentialAction":[{"@type":"SearchAction","target":{"@type":"EntryPoint","urlTemplate":"https:\/\/campingsigean.com\/es\/?s={search_term_string}"},"query-input":{"@type":"PropertyValueSpecification","valueRequired":true,"valueName":"search_term_string"}}],"inLanguage":"es"},{"@type":"Organization","@id":"https:\/\/campingsigean.com\/es\/#organization","name":"Camping La Grange Neuve","url":"https:\/\/campingsigean.com\/es\/","logo":{"@type":"ImageObject","inLanguage":"es","@id":"https:\/\/campingsigean.com\/es\/#\/schema\/logo\/image\/","url":"https:\/\/campingsigean.com\/wp-content\/uploads\/2021\/08\/cropped-logo-camping-sigean.png","contentUrl":"https:\/\/campingsigean.com\/wp-content\/uploads\/2021\/08\/cropped-logo-camping-sigean.png","width":117,"height":98,"caption":"Camping La Grange Neuve"},"image":{"@id":"https:\/\/campingsigean.com\/es\/#\/schema\/logo\/image\/"}}]}},"_links":{"self":[{"href":"https:\/\/campingsigean.com\/es\/wp-json\/wp\/v2\/pages\/4582"}],"collection":[{"href":"https:\/\/campingsigean.com\/es\/wp-json\/wp\/v2\/pages"}],"about":[{"href":"https:\/\/campingsigean.com\/es\/wp-json\/wp\/v2\/types\/page"}],"author":[{"embeddable":true,"href":"https:\/\/campingsigean.com\/es\/wp-json\/wp\/v2\/users\/1"}],"replies":[{"embeddable":true,"href":"https:\/\/campingsigean.com\/es\/wp-json\/wp\/v2\/comments?post=4582"}],"version-history":[{"count":5,"href":"https:\/\/campingsigean.com\/es\/wp-json\/wp\/v2\/pages\/4582\/revisions"}],"predecessor-version":[{"id":11280,"href":"https:\/\/campingsigean.com\/es\/wp-json\/wp\/v2\/pages\/4582\/revisions\/11280"}],"wp:featuredmedia":[{"embeddable":true,"href":"https:\/\/campingsigean.com\/es\/wp-json\/wp\/v2\/media\/2932"}],"wp:attachment":[{"href":"https:\/\/campingsigean.com\/es\/wp-json\/wp\/v2\/media?parent=4582"}],"wp:term":[{"taxonomy":"sujet","embeddable":true,"href":"https:\/\/campingsigean.com\/es\/wp-json\/wp\/v2\/sujet?post=4582"}],"curies":[{"name":"wp","href":"https:\/\/api.w.org\/{rel}","templated":true}]}}