{"id":104,"date":"2021-07-27T12:02:04","date_gmt":"2021-07-27T10:02:04","guid":{"rendered":"http:\/\/campingsigean.com\/?page_id=104"},"modified":"2022-04-29T10:48:55","modified_gmt":"2022-04-29T08:48:55","slug":"contact-acces","status":"publish","type":"page","link":"https:\/\/campingsigean.com\/fr\/contact-acces\/","title":{"rendered":"Infos et contact"},"content":{"rendered":"<section id=\"ls-section-block_610cf5ffc8fe1\" class=\"ls-section  valign-middle p-t-0 p-m-0 has-m-t m-t-0 has-m-b m-b-0 has-m-l m-l-0 has-m-r m-r-0 has-p-t p-t-0 has-p-b p-b-0 has-p-l p-l-0 has-p-r p-r-0\" >\r\n        <div class=\"container container--wide\">\r\n        \n\n<div class=\"wp-block-columns is-layout-flex wp-container-core-columns-is-layout-1 wp-block-columns-is-layout-flex\">\n<div class=\"wp-block-column is-layout-flow wp-block-column-is-layout-flow\" style=\"flex-basis:50%\">\n<div class=\"wpcf7 no-js\" id=\"wpcf7-f1939-o1\" lang=\"fr-FR\" dir=\"ltr\">\n<div class=\"screen-reader-response\"><p role=\"status\" aria-live=\"polite\" aria-atomic=\"true\"><\/p> <ul><\/ul><\/div>\n<form action=\"\/fr\/wp-json\/wp\/v2\/pages\/104#wpcf7-f1939-o1\" method=\"post\" class=\"wpcf7-form init\" aria-label=\"Formulaire de contact\" novalidate=\"novalidate\" data-status=\"init\">\n<div style=\"display: none;\">\n<input type=\"hidden\" name=\"_wpcf7\" value=\"1939\" \/>\n<input type=\"hidden\" name=\"_wpcf7_version\" value=\"5.9.8\" \/>\n<input type=\"hidden\" name=\"_wpcf7_locale\" value=\"fr_FR\" \/>\n<input type=\"hidden\" name=\"_wpcf7_unit_tag\" value=\"wpcf7-f1939-o1\" \/>\n<input type=\"hidden\" name=\"_wpcf7_container_post\" value=\"0\" \/>\n<input type=\"hidden\" name=\"_wpcf7_posted_data_hash\" value=\"\" \/>\n<input type=\"hidden\" name=\"_wpcf7_recaptcha_response\" value=\"\" \/>\n<\/div>\n<p><span class=\"wpcf7-form-control-wrap\" data-name=\"your-name\"><input size=\"40\" maxlength=\"400\" class=\"wpcf7-form-control wpcf7-text wpcf7-validates-as-required\" aria-required=\"true\" aria-invalid=\"false\" placeholder=\"Votre nom...\" value=\"\" type=\"text\" name=\"your-name\" \/><\/span><span class=\"wpcf7-form-control-wrap\" data-name=\"your-email\"><input size=\"40\" maxlength=\"400\" class=\"wpcf7-form-control wpcf7-email wpcf7-validates-as-required wpcf7-text wpcf7-validates-as-email\" aria-required=\"true\" aria-invalid=\"false\" placeholder=\"Votre email ...\" value=\"\" type=\"email\" name=\"your-email\" \/><\/span><span class=\"wpcf7-form-control-wrap\" data-name=\"your-subject\"><input size=\"40\" maxlength=\"400\" class=\"wpcf7-form-control wpcf7-text\" aria-invalid=\"false\" placeholder=\"Sujet ...\" value=\"\" type=\"text\" name=\"your-subject\" \/><\/span><span class=\"wpcf7-form-control-wrap\" data-name=\"your-message\"><textarea cols=\"40\" rows=\"10\" maxlength=\"2000\" class=\"wpcf7-form-control wpcf7-textarea\" aria-invalid=\"false\" placeholder=\"Votre message ...\" name=\"your-message\"><\/textarea><\/span><span class=\"wpcf7-form-control-wrap\" data-name=\"acceptance-553\"><span class=\"wpcf7-form-control wpcf7-acceptance\"><span class=\"wpcf7-list-item\"><label><input type=\"checkbox\" name=\"acceptance-553\" value=\"1\" aria-invalid=\"false\" \/><span class=\"wpcf7-list-item-label\">En cochant cette case, j\u2019accepte la <a href=\"\/fr\/politique-de-confidentialite\/\" rel=\"noopener\" target=\"_blank\">Politique de confidentialit\u00e9<\/a> de ce site.<\/span><\/label><\/span><\/span><\/span><input class=\"wpcf7-form-control wpcf7-submit has-spinner\" type=\"submit\" value=\"Envoyer\" \/>\n<\/p><input type='hidden' class='wpcf7-pum' value='{\"closepopup\":false,\"closedelay\":0,\"openpopup\":false,\"openpopup_id\":0}' \/><div class=\"wpcf7-response-output\" aria-hidden=\"true\"><\/div>\n<\/form>\n<\/div>\n\n<\/div>\n\n\n\n<div class=\"wp-block-column modele__contenu is-layout-flow wp-block-column-is-layout-flow\" style=\"flex-basis:50%\">\n<h1 class=\"ls__heading-undefined post__heading-undefined wp-block-heading\"><strong>Contact et itin\u00e9raire<\/strong><\/h1>\n\n\n\n<h2 class=\"ls__heading-undefined post__heading-undefined wp-block-heading\">Contactez le camping<\/h2>\n\n\n\n<p class=\"ls-paragraph ls__paragraph post__paragraph\">Contactez-nous par t\u00e9l\u00e9phone au 0468485870. L\u2019accueil est ouvert 7jrs sur 7 de 9h \u00e0 12h et de 14h \u00e0 20h. En dehors des horaires d\u2019ouverture, n\u2019h\u00e9sitez pas \u00e0 nous envoyer un mail \u00e0 <a href=\"mailto:info@campingsigean.com\">info@campingsigean.com<\/a> ou envoyez-nous votre demande via le formulaire de contact.<\/p>\n<\/div>\n<\/div>\n\n\r\n    <\/div>\r\n<\/section>\n\n<section id=\"ls-section-block_610cf69ac8fe2\" class=\"ls-section  valign-middle p-t-0 p-m-0 has-m-t m-t-0 has-m-b m-b-0 has-m-l m-l-0 has-m-r m-r-0 has-p-t p-t-0 has-p-b p-b-0 has-p-l p-l-0 has-p-r p-r-0\" >\r\n        <div class=\"container container--full\">\r\n        \n\n<div class=\"wp-block-columns is-layout-flex wp-container-core-columns-is-layout-2 wp-block-columns-is-layout-flex\">\n<div class=\"wp-block-column modele__contenu is-layout-flow wp-block-column-is-layout-flow\" style=\"flex-basis:50%\">\n<h2 class=\"ls__heading-undefined post__heading-undefined wp-block-heading\"> Venir au camping <\/h2>\n\n\n\n<p class=\"ls__paragraph post__paragraph\"><strong>Adresse<\/strong> :<\/p>\n\n\n\n<ul class=\"ls__list-undefined post__list-undefined wp-block-list\" value=\"<li class=&quot;ls__list-item is-item-undefined&quot;&gt;Camping La Grange Neuve<\/li&gt;<li class=&quot;ls__list-item is-item-undefined&quot;&gt;17 La Grange Neuve-Nord<\/li&gt;<li class=&quot;ls__list-item is-item-undefined&quot;&gt;11130 Sigean<\/li&gt;\"><li>Camping La Grange Neuve<\/li><li>17 La Grange Neuve-Nord<\/li><li>11130 Sigean<\/li><\/ul>\n\n\n\n<p class=\"ls__paragraph post__paragraph\"><strong>Coordonn\u00e9es GPS<\/strong> :<\/p>\n\n\n\n<ul class=\"ls__list-undefined post__list-undefined wp-block-list\" value=\"<li class=&quot;ls__list-item is-item-undefined&quot;&gt;43.066725705972814,<\/li&gt;<li class=&quot;ls__list-item is-item-undefined&quot;&gt;2.941437472342311<\/li&gt;\"><li>43.066725705972814,<\/li><li>2.941437472342311<\/li><\/ul>\n\n\n\n<p class=\"ls__paragraph post__paragraph\">Le camping Sigean est facil d\u2019acc\u00e8s, si vous venez par :<\/p>\n\n\n\n<ul class=\"ls__list-undefined post__list-undefined wp-block-list\" value=\"<li class=&quot;ls__list-item is-item-undefined&quot;&gt;<strong&gt;Route<\/strong&gt; - Autoroute A9 et Nationale 9 :<ul&gt;<li class=&quot;ls__list-item is-item-undefined&quot;&gt;En provenance de Montpellier sortie N\u00b038 Narbonne sud\/ R\u00e9serve Africaine.<\/li&gt;<li class=&quot;ls__list-item is-item-undefined&quot;&gt;En provenance de Perpignan sortie N\u00b039\/ R\u00e9serve Africaine.<\/li&gt;<\/ul&gt;<\/li&gt;<li class=&quot;ls__list-item is-item-undefined&quot;&gt;<strong&gt;Avion<\/strong&gt; : A\u00e9roport \u00e0 Carcassonne Salvaza.<\/li&gt;<li class=&quot;ls__list-item is-item-undefined&quot;&gt;<strong&gt;Train<\/strong&gt; : Gare de Narbonne et Port-la-Nouvelle.<\/li&gt;\"><li><strong>Route<\/strong> &#8211; Autoroute A9 et Nationale 9 :<ul><li>En provenance de Montpellier sortie N\u00b038 Narbonne sud\/ R\u00e9serve Africaine.<\/li><li>En provenance de Perpignan sortie N\u00b039\/ R\u00e9serve Africaine.<\/li><\/ul><\/li><li><strong>Avion<\/strong> : A\u00e9roport \u00e0 Carcassonne Salvaza.<\/li><li><strong>Train<\/strong> : Gare de Narbonne et Port-la-Nouvelle.<\/li><\/ul>\n\n\n\n<p class=\"ls__paragraph post__paragraph\">Pour plus de renseignements ou pour vous guider dans le choix de votre location, contactez l\u2019\u00e9quipe du <a href=\"\/fr\/\">camping Grange Neuve<\/a> qui vous r\u00e9pondra dans les meilleurs d\u00e9lais.<\/p>\n<\/div>\n\n\n\n<div class=\"wp-block-column p-l-0 is-layout-flow wp-block-column-is-layout-flow\" style=\"flex-basis:50%\"><div class=\"map\"><iframe src=\"https:\/\/www.google.com\/maps\/embed?pb=!1m18!1m12!1m3!1d19608.21654462486!2d2.929762966420458!3d43.067119015226204!2m3!1f0!2f0!3f0!3m2!1i1024!2i768!4f13.1!3m3!1m2!1s0x12b052068ab4d55b%3A0x151288ee104c8c3d!2sCamping%20La%20Grange%20Neuve!5e0!3m2!1sfr!2sfr!4v1628239665525!5m2!1sfr!2sfr\" width=\"100%\" height=\"100%\"><\/iframe><\/div>\n<\/div>\n<\/div>\n\n\r\n    <\/div>\r\n<\/section>","protected":false},"excerpt":{"rendered":"","protected":false},"author":1,"featured_media":1272,"parent":0,"menu_order":0,"comment_status":"closed","ping_status":"closed","template":"","meta":{"_acf_changed":false,"footnotes":""},"sujet":[],"class_list":["post-104","page","type-page","status-publish","has-post-thumbnail","hentry"],"acf":[],"yoast_head":"<!-- This site is optimized with the Yoast SEO plugin v25.3 - https:\/\/yoast.com\/wordpress\/plugins\/seo\/ -->\n<title>Contact, acc\u00e8s Grange Neuve | Itin\u00e9raire, contact camping<\/title>\n<meta name=\"robots\" content=\"index, follow, max-snippet:-1, max-image-preview:large, max-video-preview:-1\" \/>\n<link rel=\"canonical\" href=\"https:\/\/campingsigean.com\/fr\/contact-acces\/\" \/>\n<meta property=\"og:locale\" content=\"fr_FR\" \/>\n<meta property=\"og:type\" content=\"article\" \/>\n<meta property=\"og:title\" content=\"Contact, acc\u00e8s Grange Neuve | Itin\u00e9raire, contact camping\" \/>\n<meta property=\"og:url\" content=\"https:\/\/campingsigean.com\/fr\/contact-acces\/\" \/>\n<meta property=\"og:site_name\" content=\"Camping Grange Neuve\" \/>\n<meta property=\"article:modified_time\" content=\"2022-04-29T08:48:55+00:00\" \/>\n<meta property=\"og:image\" content=\"https:\/\/campingsigean.com\/wp-content\/uploads\/2021\/08\/camping-contact-sigean.jpg\" \/>\n\t<meta property=\"og:image:width\" content=\"1903\" \/>\n\t<meta property=\"og:image:height\" content=\"562\" \/>\n\t<meta property=\"og:image:type\" content=\"image\/jpeg\" \/>\n<meta name=\"twitter:card\" content=\"summary_large_image\" \/>\n<meta name=\"twitter:label1\" content=\"Dur\u00e9e de lecture estim\u00e9e\" \/>\n\t<meta name=\"twitter:data1\" content=\"1 minute\" \/>\n<script type=\"application\/ld+json\" class=\"yoast-schema-graph\">{\"@context\":\"https:\/\/schema.org\",\"@graph\":[{\"@type\":\"WebPage\",\"@id\":\"https:\/\/campingsigean.com\/fr\/contact-acces\/\",\"url\":\"https:\/\/campingsigean.com\/fr\/contact-acces\/\",\"name\":\"Contact, acc\u00e8s Grange Neuve | Itin\u00e9raire, contact camping\",\"isPartOf\":{\"@id\":\"https:\/\/campingsigean.com\/fr\/#website\"},\"primaryImageOfPage\":{\"@id\":\"https:\/\/campingsigean.com\/fr\/contact-acces\/#primaryimage\"},\"image\":{\"@id\":\"https:\/\/campingsigean.com\/fr\/contact-acces\/#primaryimage\"},\"thumbnailUrl\":\"https:\/\/campingsigean.com\/wp-content\/uploads\/2021\/08\/camping-contact-sigean.jpg\",\"datePublished\":\"2021-07-27T10:02:04+00:00\",\"dateModified\":\"2022-04-29T08:48:55+00:00\",\"breadcrumb\":{\"@id\":\"https:\/\/campingsigean.com\/fr\/contact-acces\/#breadcrumb\"},\"inLanguage\":\"fr-FR\",\"potentialAction\":[{\"@type\":\"ReadAction\",\"target\":[\"https:\/\/campingsigean.com\/fr\/contact-acces\/\"]}]},{\"@type\":\"ImageObject\",\"inLanguage\":\"fr-FR\",\"@id\":\"https:\/\/campingsigean.com\/fr\/contact-acces\/#primaryimage\",\"url\":\"https:\/\/campingsigean.com\/wp-content\/uploads\/2021\/08\/camping-contact-sigean.jpg\",\"contentUrl\":\"https:\/\/campingsigean.com\/wp-content\/uploads\/2021\/08\/camping-contact-sigean.jpg\",\"width\":1903,\"height\":562,\"caption\":\"camping contact sigean\"},{\"@type\":\"BreadcrumbList\",\"@id\":\"https:\/\/campingsigean.com\/fr\/contact-acces\/#breadcrumb\",\"itemListElement\":[{\"@type\":\"ListItem\",\"position\":1,\"name\":\"Camping Aude\",\"item\":\"https:\/\/campingsigean.com\/fr\/\"},{\"@type\":\"ListItem\",\"position\":2,\"name\":\"Contact, acc\u00e8s\"}]},{\"@type\":\"WebSite\",\"@id\":\"https:\/\/campingsigean.com\/fr\/#website\",\"url\":\"https:\/\/campingsigean.com\/fr\/\",\"name\":\"Camping Grange Neuve\",\"description\":\"\",\"publisher\":{\"@id\":\"https:\/\/campingsigean.com\/fr\/#organization\"},\"potentialAction\":[{\"@type\":\"SearchAction\",\"target\":{\"@type\":\"EntryPoint\",\"urlTemplate\":\"https:\/\/campingsigean.com\/fr\/?s={search_term_string}\"},\"query-input\":{\"@type\":\"PropertyValueSpecification\",\"valueRequired\":true,\"valueName\":\"search_term_string\"}}],\"inLanguage\":\"fr-FR\"},{\"@type\":\"Organization\",\"@id\":\"https:\/\/campingsigean.com\/fr\/#organization\",\"name\":\"Camping La Grange Neuve\",\"url\":\"https:\/\/campingsigean.com\/fr\/\",\"logo\":{\"@type\":\"ImageObject\",\"inLanguage\":\"fr-FR\",\"@id\":\"https:\/\/campingsigean.com\/fr\/#\/schema\/logo\/image\/\",\"url\":\"https:\/\/campingsigean.com\/wp-content\/uploads\/2021\/08\/cropped-logo-camping-sigean.png\",\"contentUrl\":\"https:\/\/campingsigean.com\/wp-content\/uploads\/2021\/08\/cropped-logo-camping-sigean.png\",\"width\":117,\"height\":98,\"caption\":\"Camping La Grange Neuve\"},\"image\":{\"@id\":\"https:\/\/campingsigean.com\/fr\/#\/schema\/logo\/image\/\"}}]}<\/script>\n<!-- \/ Yoast SEO plugin. -->","yoast_head_json":{"title":"Contact, acc\u00e8s Grange Neuve | Itin\u00e9raire, contact camping","robots":{"index":"index","follow":"follow","max-snippet":"max-snippet:-1","max-image-preview":"max-image-preview:large","max-video-preview":"max-video-preview:-1"},"canonical":"https:\/\/campingsigean.com\/fr\/contact-acces\/","og_locale":"fr_FR","og_type":"article","og_title":"Contact, acc\u00e8s Grange Neuve | Itin\u00e9raire, contact camping","og_url":"https:\/\/campingsigean.com\/fr\/contact-acces\/","og_site_name":"Camping Grange Neuve","article_modified_time":"2022-04-29T08:48:55+00:00","og_image":[{"width":1903,"height":562,"url":"https:\/\/campingsigean.com\/wp-content\/uploads\/2021\/08\/camping-contact-sigean.jpg","type":"image\/jpeg"}],"twitter_card":"summary_large_image","twitter_misc":{"Dur\u00e9e de lecture estim\u00e9e":"1 minute"},"schema":{"@context":"https:\/\/schema.org","@graph":[{"@type":"WebPage","@id":"https:\/\/campingsigean.com\/fr\/contact-acces\/","url":"https:\/\/campingsigean.com\/fr\/contact-acces\/","name":"Contact, acc\u00e8s Grange Neuve | Itin\u00e9raire, contact camping","isPartOf":{"@id":"https:\/\/campingsigean.com\/fr\/#website"},"primaryImageOfPage":{"@id":"https:\/\/campingsigean.com\/fr\/contact-acces\/#primaryimage"},"image":{"@id":"https:\/\/campingsigean.com\/fr\/contact-acces\/#primaryimage"},"thumbnailUrl":"https:\/\/campingsigean.com\/wp-content\/uploads\/2021\/08\/camping-contact-sigean.jpg","datePublished":"2021-07-27T10:02:04+00:00","dateModified":"2022-04-29T08:48:55+00:00","breadcrumb":{"@id":"https:\/\/campingsigean.com\/fr\/contact-acces\/#breadcrumb"},"inLanguage":"fr-FR","potentialAction":[{"@type":"ReadAction","target":["https:\/\/campingsigean.com\/fr\/contact-acces\/"]}]},{"@type":"ImageObject","inLanguage":"fr-FR","@id":"https:\/\/campingsigean.com\/fr\/contact-acces\/#primaryimage","url":"https:\/\/campingsigean.com\/wp-content\/uploads\/2021\/08\/camping-contact-sigean.jpg","contentUrl":"https:\/\/campingsigean.com\/wp-content\/uploads\/2021\/08\/camping-contact-sigean.jpg","width":1903,"height":562,"caption":"camping contact sigean"},{"@type":"BreadcrumbList","@id":"https:\/\/campingsigean.com\/fr\/contact-acces\/#breadcrumb","itemListElement":[{"@type":"ListItem","position":1,"name":"Camping Aude","item":"https:\/\/campingsigean.com\/fr\/"},{"@type":"ListItem","position":2,"name":"Contact, acc\u00e8s"}]},{"@type":"WebSite","@id":"https:\/\/campingsigean.com\/fr\/#website","url":"https:\/\/campingsigean.com\/fr\/","name":"Camping Grange Neuve","description":"","publisher":{"@id":"https:\/\/campingsigean.com\/fr\/#organization"},"potentialAction":[{"@type":"SearchAction","target":{"@type":"EntryPoint","urlTemplate":"https:\/\/campingsigean.com\/fr\/?s={search_term_string}"},"query-input":{"@type":"PropertyValueSpecification","valueRequired":true,"valueName":"search_term_string"}}],"inLanguage":"fr-FR"},{"@type":"Organization","@id":"https:\/\/campingsigean.com\/fr\/#organization","name":"Camping La Grange Neuve","url":"https:\/\/campingsigean.com\/fr\/","logo":{"@type":"ImageObject","inLanguage":"fr-FR","@id":"https:\/\/campingsigean.com\/fr\/#\/schema\/logo\/image\/","url":"https:\/\/campingsigean.com\/wp-content\/uploads\/2021\/08\/cropped-logo-camping-sigean.png","contentUrl":"https:\/\/campingsigean.com\/wp-content\/uploads\/2021\/08\/cropped-logo-camping-sigean.png","width":117,"height":98,"caption":"Camping La Grange Neuve"},"image":{"@id":"https:\/\/campingsigean.com\/fr\/#\/schema\/logo\/image\/"}}]}},"_links":{"self":[{"href":"https:\/\/campingsigean.com\/fr\/wp-json\/wp\/v2\/pages\/104"}],"collection":[{"href":"https:\/\/campingsigean.com\/fr\/wp-json\/wp\/v2\/pages"}],"about":[{"href":"https:\/\/campingsigean.com\/fr\/wp-json\/wp\/v2\/types\/page"}],"author":[{"embeddable":true,"href":"https:\/\/campingsigean.com\/fr\/wp-json\/wp\/v2\/users\/1"}],"replies":[{"embeddable":true,"href":"https:\/\/campingsigean.com\/fr\/wp-json\/wp\/v2\/comments?post=104"}],"version-history":[{"count":24,"href":"https:\/\/campingsigean.com\/fr\/wp-json\/wp\/v2\/pages\/104\/revisions"}],"predecessor-version":[{"id":9071,"href":"https:\/\/campingsigean.com\/fr\/wp-json\/wp\/v2\/pages\/104\/revisions\/9071"}],"wp:featuredmedia":[{"embeddable":true,"href":"https:\/\/campingsigean.com\/fr\/wp-json\/wp\/v2\/media\/1272"}],"wp:attachment":[{"href":"https:\/\/campingsigean.com\/fr\/wp-json\/wp\/v2\/media?parent=104"}],"wp:term":[{"taxonomy":"sujet","embeddable":true,"href":"https:\/\/campingsigean.com\/fr\/wp-json\/wp\/v2\/sujet?post=104"}],"curies":[{"name":"wp","href":"https:\/\/api.w.org\/{rel}","templated":true}]}}