{"id":1363,"date":"2021-08-20T13:33:37","date_gmt":"2021-08-20T11:33:37","guid":{"rendered":"https:\/\/campingsigean.com\/?page_id=1363"},"modified":"2024-04-25T11:03:27","modified_gmt":"2024-04-25T09:03:27","slug":"camping-piscine-sigean","status":"publish","type":"page","link":"https:\/\/campingsigean.com\/fr\/camping-piscine-sigean\/","title":{"rendered":"Piscine chauff\u00e9e"},"content":{"rendered":"<section id=\"ls-section-block_23b257cac447ebbaaf07bad5019ad667\" class=\"ls-section  modele p-b-0 has-m-t m-t-0 has-m-b m-b-0 has-m-l m-l-0 has-m-r m-r-0 has-p-t p-t-0 has-p-b p-b-0 has-p-l p-l-0 has-p-r p-r-0\" >\r\n        <div class=\"container container--full\">\r\n        \n\n<div class=\"wp-block-columns valign-middle p-t-0 p-b-0 is-layout-flex wp-container-core-columns-is-layout-2 wp-block-columns-is-layout-flex\">\n<div class=\"wp-block-column fancybox p-r-0 is-layout-flow wp-block-column-is-layout-flow\" style=\"flex-basis:50%\">\n<div class=\"wp-block-columns is-layout-flex wp-container-core-columns-is-layout-1 wp-block-columns-is-layout-flex\">\n<div class=\"wp-block-column is-layout-flow wp-block-column-is-layout-flow\">\n<figure class=\"wp-block-image size-full\"><img decoding=\"async\" width=\"885\" height=\"550\" src=\"https:\/\/campingsigean.com\/wp-content\/uploads\/2022\/06\/piscine-grange-neuve.jpg\" alt=\"piscine-grange-neuve\" class=\"wp-image-9032\" srcset=\"https:\/\/campingsigean.com\/wp-content\/uploads\/2022\/06\/piscine-grange-neuve.jpg 885w, https:\/\/campingsigean.com\/wp-content\/uploads\/2022\/06\/piscine-grange-neuve-300x186.jpg 300w, https:\/\/campingsigean.com\/wp-content\/uploads\/2022\/06\/piscine-grange-neuve-768x477.jpg 768w\" sizes=\"(max-width: 885px) 100vw, 885px\" \/><\/figure>\n<\/div>\n<\/div>\n<\/div>\n\n\n\n<div class=\"wp-block-column modele__contenu is-layout-flow wp-block-column-is-layout-flow\" style=\"flex-basis:50%\">\n<h1 class=\"ls__heading wp-block-heading ls__heading-undefined post__heading-undefined\">Camping avec <strong>Espace aquatique<\/strong> dans l\u2019Aude<\/h1>\n\n\n\n<h2 class=\"ls__heading wp-block-heading ls__heading-undefined post__heading-undefined\">Notre piscine chauff\u00e9e \u00e0 Sigean<\/h2>\n\n\n\n<p class=\"ls-paragraph ls__paragraph post__paragraph\">Le <a href=\"\/fr\/\">camping la Grange Neuve<\/a> dispose d\u2019une <strong>piscine chauff\u00e9e avec un petit bassin<\/strong> adjacent qui permettront aux petits et grands de profiter en toute qui\u00e9tude des joies de la baignade. La piscine est ouverte <mark style=\"background-color:rgba(0, 0, 0, 0)\" class=\"has-inline-color has-color-2-color\"><strong>de d\u00e9but mai \u00e0  fin septembre<\/strong><\/mark> (en fonction des conditions m\u00e9t\u00e9orologiques).<\/p>\n\n\n\n<p class=\"ls-paragraph ls__paragraph post__paragraph\">Sans jeux d\u2019eau ni toboggans, notre espace aquatique est id\u00e9al pour faire des longueurs ou pour profiter d\u2019un <strong>instant de d\u00e9tente<\/strong> dans l\u2019eau chaude sous le soleil de l\u2019Aude. Bordant la piscine, nos <strong>transats<\/strong> vous permettront de peaufiner votre bronzage au soleil ou \u00e0 l&rsquo;abri sous nos parasols exotiques ou sous le feuillage des palmiers. N\u2019h\u00e9sitez plus, venez passer un moment de d\u00e9tente en famille dans l\u2019<strong>eau turquoise de notre piscine chauff\u00e9e<\/strong>.<\/p>\n\n\n\n<p class=\"ls-paragraph ls__paragraph post__paragraph\">La piscine non surveill\u00e9e est ouverte de d\u00e9but mai a fin septembre de 10 h \u00e0 19 h. Sa dimension de 18 x 9 m et sa profondeur de 1m50 pour les adultes et 0.50 cm pour les enfants, notre piscine chauff\u00e9e fera le bonheur de tout \u00e0 chacun. Aucune crainte sur la temp\u00e9rature de l\u2019eau, notre <strong>piscine est chauff\u00e9e<\/strong> et permet ainsi de garantir une baignade sereine ainsi que les activit\u00e9s s\u2019y r\u00e9f\u00e9rents. Profitez \u00e9galement de la situation id\u00e9ale du <a href=\"\/fr\/camping-bord-de-mer-sigean\/\">camping en bord de mer<\/a> pour faire de nombreuses activit\u00e9s nautiques.<\/p>\n<\/div>\n<\/div>\n\n\n\n<div class=\"wp-block-columns valign-middle p-t-0 p-b-0 is-layout-flex wp-container-core-columns-is-layout-3 wp-block-columns-is-layout-flex\">\n<div class=\"wp-block-column modele__contenu is-layout-flow wp-block-column-is-layout-flow\" style=\"flex-basis:50%\">\n<h2 class=\"ls__heading-undefined post__heading-undefined wp-block-heading\">Camping avec pataugeoire dans l\u2019Aude<\/h2>\n\n\n\n<p class=\"ls__paragraph post__paragraph\">Notre camping avec <strong>piscine chauff\u00e9e<\/strong> dispose d\u2019un <strong>petit bassin<\/strong> o\u00f9 les plus petits s\u2019amuseront et feront leurs premiers pas dans l\u2019eau. D\u2019une profondeur de 50cm, il est inclus dans le <strong>grand bassin<\/strong> de notre piscine chauff\u00e9e ext\u00e9rieure.&nbsp;<\/p>\n\n\n\n<p class=\"ls__paragraph post__paragraph\">Restez aux c\u00f4t\u00e9s de votre enfant et partagez ensemble des moments de rire et de complicit\u00e9 dans le petit bassin non surveill\u00e9.<\/p>\n\n\n\n<h2 class=\"ls__heading-undefined post__heading-undefined p-t-4 wp-block-heading\"> Aquagym \u00e0 Sigean <\/h2>\n\n\n\n<p class=\"ls-paragraph ls__paragraph post__paragraph\">En saison vous avez la possibilit\u00e9 de participer gratuitement aux cours d\u2019<strong>aquagym<\/strong> d\u2019une dur\u00e9e d\u2019une heure. Ou de profiter plus longuement du bassin gr\u00e2ce \u00e0 une fermeture plus tardive de la piscine.<\/p>\n\n\n\n<p class=\"ls-paragraph ls__paragraph post__paragraph\">Accessibles \u00e0 tous, nos cours d\u2019aquagym vous permettront de faire du sport tout en douceur et surtout en s&rsquo;amusant. Puis, d\u00e9tendez vous sur l\u2019un de nos transats et profitez d\u2019un <strong>bain de soleil<\/strong> en regardant vos enfants s\u2019amuser dans notre piscine sans toboggan.&nbsp;<\/p>\n<\/div>\n\n\n\n<div class=\"wp-block-column fancybox p-r-0 is-layout-flow wp-block-column-is-layout-flow\" style=\"flex-basis:50%\">\n<figure class=\"wp-block-image size-large\"><img decoding=\"async\" width=\"1024\" height=\"636\" src=\"https:\/\/campingsigean.com\/wp-content\/uploads\/2021\/08\/piscine-chauffee-sigean-1-1024x636.jpg\" alt=\"camping piscine chauffee aude\" class=\"wp-image-1396\" srcset=\"https:\/\/campingsigean.com\/wp-content\/uploads\/2021\/08\/piscine-chauffee-sigean-1-1024x636.jpg 1024w, https:\/\/campingsigean.com\/wp-content\/uploads\/2021\/08\/piscine-chauffee-sigean-1-300x186.jpg 300w, https:\/\/campingsigean.com\/wp-content\/uploads\/2021\/08\/piscine-chauffee-sigean-1-768x477.jpg 768w, https:\/\/campingsigean.com\/wp-content\/uploads\/2021\/08\/piscine-chauffee-sigean-1.jpg 1424w\" sizes=\"(max-width: 1024px) 100vw, 1024px\" \/><\/figure>\n<\/div>\n<\/div>\n\n\r\n    <\/div>\r\n<\/section>\n\n<section id=\"ls-section-block_55ddc7a4b8f9fcc93b51605ae8804c43\" class=\"ls-section  has-m-t m-t-0 has-m-b m-b-0 has-m-l m-l-0 has-m-r m-r-0 has-p-t p-t-0 has-p-b p-b-0 has-p-l p-l-0 has-p-r p-r-0\" >\r\n        <div class=\"container \">\r\n        \n\n<hr class=\"wp-block-separator has-css-opacity is-style-default\"\/>\n\n\n<div class=\"wp-block-image is-style-rounded\">\n<figure class=\"aligncenter size-full\"><img decoding=\"async\" width=\"150\" height=\"150\" src=\"https:\/\/campingsigean.com\/wp-content\/uploads\/2021\/08\/camping-piscine-sigean-1.jpg\" alt=\"avis piscine aude\" class=\"wp-image-1377\"\/><\/figure><\/div>\n\n\n<blockquote class=\"wp-block-quote has-text-align-center is-style-large is-layout-flow wp-block-quote-is-layout-flow\">\n<p class=\"ls-paragraph\">\u00ab\u00a0Super piscine chauff\u00e9e. Nous avons pu profiter de la piscine en toute tranquilit\u00e9 avec ma fille. Les cours d&rsquo;aqugyme \u00e9taient \u00e9galement top ! Nous avons ador\u00e9 !\u00a0\u00bb<\/p>\n<cite>\u2014 Marie<\/cite><\/blockquote>\n\n\n\n<hr class=\"wp-block-separator has-css-opacity is-style-default\"\/>\n\n\r\n    <\/div>\r\n<\/section>\n\n<section id=\"ls-section-block_4aff943c1cfd7611de5dedf440f02a5c\" class=\"ls-section  has-m-t m-t-0 has-m-b m-b-0 has-m-l m-l-0 has-m-r m-r-0 has-p-t p-t-0 has-p-b p-b-0 has-p-l p-l-0 has-p-r p-r-0\" >\r\n        <div class=\"container container--wide\">\r\n        \n\n<h2 class=\"ls__heading-undefined has-text-align-center post__heading-undefined wp-block-heading\"> NOS animations et nos Locations \u00c0 SIGEAN <\/h2>\n\n\n<div id=\"ls-maillage-block_fcec2e1ce522f01b8483b7edf188b201\" class=\"ls-maillage has-m-t m-t-0 has-m-b m-b-0 has-m-l m-l-0 has-m-r m-r-0 has-p-t p-t-0 has-p-b p-b-0 has-p-l p-l-0 has-p-r p-r-0\">\n    <div class=\"wp-block-columns\"><div class=\"wp-block-column\">\n\n<a href=\"https:\/\/campingsigean.com\/fr\/camping-familial-sigean\/\" target=\"\" rel=\"noopener\" class=\"ls-cta\">\n\n\t<div class=\"ls-cta__image\"><img decoding=\"async\" src=\"https:\/\/campingsigean.com\/wp-content\/uploads\/2021\/08\/camping-activites-aude-1.jpg\" alt=\"camping activites aude\"><\/div>\n\t<div class=\"ls-cta__title\">\n\t\tNos activit\u00e9s\t<\/div>\n\n\t\t\n<\/a><\/div><div class=\"wp-block-column\">\n\n<a href=\"https:\/\/campingsigean.com\/fr\/location-mobil-home-sigean\/\" target=\"\" rel=\"noopener\" class=\"ls-cta\">\n\n\t<div class=\"ls-cta__image\"><img decoding=\"async\" src=\"https:\/\/campingsigean.com\/wp-content\/uploads\/2021\/08\/location-hebergement-sigean.jpg\" alt=\"location hebergement sigean\"><\/div>\n\t<div class=\"ls-cta__title\">\n\t\tNos mobil-homes\t<\/div>\n\n\t\t\n<\/a><\/div><div class=\"wp-block-column\">\n\n<a href=\"https:\/\/campingsigean.com\/fr\/camping-pas-cher-sigean\/\" target=\"\" rel=\"noopener\" class=\"ls-cta\">\n\n\t<div class=\"ls-cta__image\"><img decoding=\"async\" src=\"https:\/\/campingsigean.com\/wp-content\/uploads\/2024\/12\/IMG_0835-e1764321439464-768x514.jpg\" alt=\"camping petit prix aude\"><\/div>\n\t<div class=\"ls-cta__title\">\n\t\tNos tarifs\t<\/div>\n\n\t\t\n<\/a><\/div><\/div><\/div>\n\r\n    <\/div>\r\n<\/section>","protected":false},"excerpt":{"rendered":"","protected":false},"author":1,"featured_media":1390,"parent":0,"menu_order":0,"comment_status":"closed","ping_status":"closed","template":"","meta":{"_acf_changed":false,"footnotes":""},"sujet":[],"class_list":["post-1363","page","type-page","status-publish","has-post-thumbnail","hentry"],"acf":[],"yoast_head":"<!-- This site is optimized with the Yoast SEO plugin v25.3 - https:\/\/yoast.com\/wordpress\/plugins\/seo\/ -->\n<title>Espace aquatique dans l&#039;Aude | Camping piscine chauff\u00e9e Sigean<\/title>\n<meta name=\"robots\" content=\"index, follow, max-snippet:-1, max-image-preview:large, max-video-preview:-1\" \/>\n<link rel=\"canonical\" href=\"https:\/\/campingsigean.com\/fr\/camping-piscine-sigean\/\" \/>\n<meta property=\"og:locale\" content=\"fr_FR\" \/>\n<meta property=\"og:type\" content=\"article\" \/>\n<meta property=\"og:title\" content=\"Espace aquatique dans l&#039;Aude | Camping piscine chauff\u00e9e Sigean\" \/>\n<meta property=\"og:url\" content=\"https:\/\/campingsigean.com\/fr\/camping-piscine-sigean\/\" \/>\n<meta property=\"og:site_name\" content=\"Camping Grange Neuve\" \/>\n<meta property=\"article:modified_time\" content=\"2024-04-25T09:03:27+00:00\" \/>\n<meta property=\"og:image\" content=\"https:\/\/campingsigean.com\/wp-content\/uploads\/2021\/08\/camping-piscine-sigean-2.jpg\" \/>\n\t<meta property=\"og:image:width\" content=\"1903\" \/>\n\t<meta property=\"og:image:height\" content=\"562\" \/>\n\t<meta property=\"og:image:type\" content=\"image\/jpeg\" \/>\n<meta name=\"twitter:card\" content=\"summary_large_image\" \/>\n<meta name=\"twitter:label1\" content=\"Dur\u00e9e de lecture estim\u00e9e\" \/>\n\t<meta name=\"twitter:data1\" content=\"3 minutes\" \/>\n<script type=\"application\/ld+json\" class=\"yoast-schema-graph\">{\"@context\":\"https:\/\/schema.org\",\"@graph\":[{\"@type\":\"WebPage\",\"@id\":\"https:\/\/campingsigean.com\/fr\/camping-piscine-sigean\/\",\"url\":\"https:\/\/campingsigean.com\/fr\/camping-piscine-sigean\/\",\"name\":\"Espace aquatique dans l'Aude | Camping piscine chauff\u00e9e Sigean\",\"isPartOf\":{\"@id\":\"https:\/\/campingsigean.com\/fr\/#website\"},\"primaryImageOfPage\":{\"@id\":\"https:\/\/campingsigean.com\/fr\/camping-piscine-sigean\/#primaryimage\"},\"image\":{\"@id\":\"https:\/\/campingsigean.com\/fr\/camping-piscine-sigean\/#primaryimage\"},\"thumbnailUrl\":\"https:\/\/campingsigean.com\/wp-content\/uploads\/2021\/08\/camping-piscine-sigean-2.jpg\",\"datePublished\":\"2021-08-20T11:33:37+00:00\",\"dateModified\":\"2024-04-25T09:03:27+00:00\",\"breadcrumb\":{\"@id\":\"https:\/\/campingsigean.com\/fr\/camping-piscine-sigean\/#breadcrumb\"},\"inLanguage\":\"fr-FR\",\"potentialAction\":[{\"@type\":\"ReadAction\",\"target\":[\"https:\/\/campingsigean.com\/fr\/camping-piscine-sigean\/\"]}]},{\"@type\":\"ImageObject\",\"inLanguage\":\"fr-FR\",\"@id\":\"https:\/\/campingsigean.com\/fr\/camping-piscine-sigean\/#primaryimage\",\"url\":\"https:\/\/campingsigean.com\/wp-content\/uploads\/2021\/08\/camping-piscine-sigean-2.jpg\",\"contentUrl\":\"https:\/\/campingsigean.com\/wp-content\/uploads\/2021\/08\/camping-piscine-sigean-2.jpg\",\"width\":1903,\"height\":562,\"caption\":\"camping piscine sigean\"},{\"@type\":\"BreadcrumbList\",\"@id\":\"https:\/\/campingsigean.com\/fr\/camping-piscine-sigean\/#breadcrumb\",\"itemListElement\":[{\"@type\":\"ListItem\",\"position\":1,\"name\":\"Camping Aude\",\"item\":\"https:\/\/campingsigean.com\/fr\/\"},{\"@type\":\"ListItem\",\"position\":2,\"name\":\"Camping avec piscine chauff\u00e9e \u00e0 Sigean\"}]},{\"@type\":\"WebSite\",\"@id\":\"https:\/\/campingsigean.com\/fr\/#website\",\"url\":\"https:\/\/campingsigean.com\/fr\/\",\"name\":\"Camping Grange Neuve\",\"description\":\"\",\"publisher\":{\"@id\":\"https:\/\/campingsigean.com\/fr\/#organization\"},\"potentialAction\":[{\"@type\":\"SearchAction\",\"target\":{\"@type\":\"EntryPoint\",\"urlTemplate\":\"https:\/\/campingsigean.com\/fr\/?s={search_term_string}\"},\"query-input\":{\"@type\":\"PropertyValueSpecification\",\"valueRequired\":true,\"valueName\":\"search_term_string\"}}],\"inLanguage\":\"fr-FR\"},{\"@type\":\"Organization\",\"@id\":\"https:\/\/campingsigean.com\/fr\/#organization\",\"name\":\"Camping La Grange Neuve\",\"url\":\"https:\/\/campingsigean.com\/fr\/\",\"logo\":{\"@type\":\"ImageObject\",\"inLanguage\":\"fr-FR\",\"@id\":\"https:\/\/campingsigean.com\/fr\/#\/schema\/logo\/image\/\",\"url\":\"https:\/\/campingsigean.com\/wp-content\/uploads\/2021\/08\/cropped-logo-camping-sigean.png\",\"contentUrl\":\"https:\/\/campingsigean.com\/wp-content\/uploads\/2021\/08\/cropped-logo-camping-sigean.png\",\"width\":117,\"height\":98,\"caption\":\"Camping La Grange Neuve\"},\"image\":{\"@id\":\"https:\/\/campingsigean.com\/fr\/#\/schema\/logo\/image\/\"}}]}<\/script>\n<!-- \/ Yoast SEO plugin. -->","yoast_head_json":{"title":"Espace aquatique dans l'Aude | Camping piscine chauff\u00e9e Sigean","robots":{"index":"index","follow":"follow","max-snippet":"max-snippet:-1","max-image-preview":"max-image-preview:large","max-video-preview":"max-video-preview:-1"},"canonical":"https:\/\/campingsigean.com\/fr\/camping-piscine-sigean\/","og_locale":"fr_FR","og_type":"article","og_title":"Espace aquatique dans l'Aude | Camping piscine chauff\u00e9e Sigean","og_url":"https:\/\/campingsigean.com\/fr\/camping-piscine-sigean\/","og_site_name":"Camping Grange Neuve","article_modified_time":"2024-04-25T09:03:27+00:00","og_image":[{"width":1903,"height":562,"url":"https:\/\/campingsigean.com\/wp-content\/uploads\/2021\/08\/camping-piscine-sigean-2.jpg","type":"image\/jpeg"}],"twitter_card":"summary_large_image","twitter_misc":{"Dur\u00e9e de lecture estim\u00e9e":"3 minutes"},"schema":{"@context":"https:\/\/schema.org","@graph":[{"@type":"WebPage","@id":"https:\/\/campingsigean.com\/fr\/camping-piscine-sigean\/","url":"https:\/\/campingsigean.com\/fr\/camping-piscine-sigean\/","name":"Espace aquatique dans l'Aude | Camping piscine chauff\u00e9e Sigean","isPartOf":{"@id":"https:\/\/campingsigean.com\/fr\/#website"},"primaryImageOfPage":{"@id":"https:\/\/campingsigean.com\/fr\/camping-piscine-sigean\/#primaryimage"},"image":{"@id":"https:\/\/campingsigean.com\/fr\/camping-piscine-sigean\/#primaryimage"},"thumbnailUrl":"https:\/\/campingsigean.com\/wp-content\/uploads\/2021\/08\/camping-piscine-sigean-2.jpg","datePublished":"2021-08-20T11:33:37+00:00","dateModified":"2024-04-25T09:03:27+00:00","breadcrumb":{"@id":"https:\/\/campingsigean.com\/fr\/camping-piscine-sigean\/#breadcrumb"},"inLanguage":"fr-FR","potentialAction":[{"@type":"ReadAction","target":["https:\/\/campingsigean.com\/fr\/camping-piscine-sigean\/"]}]},{"@type":"ImageObject","inLanguage":"fr-FR","@id":"https:\/\/campingsigean.com\/fr\/camping-piscine-sigean\/#primaryimage","url":"https:\/\/campingsigean.com\/wp-content\/uploads\/2021\/08\/camping-piscine-sigean-2.jpg","contentUrl":"https:\/\/campingsigean.com\/wp-content\/uploads\/2021\/08\/camping-piscine-sigean-2.jpg","width":1903,"height":562,"caption":"camping piscine sigean"},{"@type":"BreadcrumbList","@id":"https:\/\/campingsigean.com\/fr\/camping-piscine-sigean\/#breadcrumb","itemListElement":[{"@type":"ListItem","position":1,"name":"Camping Aude","item":"https:\/\/campingsigean.com\/fr\/"},{"@type":"ListItem","position":2,"name":"Camping avec piscine chauff\u00e9e \u00e0 Sigean"}]},{"@type":"WebSite","@id":"https:\/\/campingsigean.com\/fr\/#website","url":"https:\/\/campingsigean.com\/fr\/","name":"Camping Grange Neuve","description":"","publisher":{"@id":"https:\/\/campingsigean.com\/fr\/#organization"},"potentialAction":[{"@type":"SearchAction","target":{"@type":"EntryPoint","urlTemplate":"https:\/\/campingsigean.com\/fr\/?s={search_term_string}"},"query-input":{"@type":"PropertyValueSpecification","valueRequired":true,"valueName":"search_term_string"}}],"inLanguage":"fr-FR"},{"@type":"Organization","@id":"https:\/\/campingsigean.com\/fr\/#organization","name":"Camping La Grange Neuve","url":"https:\/\/campingsigean.com\/fr\/","logo":{"@type":"ImageObject","inLanguage":"fr-FR","@id":"https:\/\/campingsigean.com\/fr\/#\/schema\/logo\/image\/","url":"https:\/\/campingsigean.com\/wp-content\/uploads\/2021\/08\/cropped-logo-camping-sigean.png","contentUrl":"https:\/\/campingsigean.com\/wp-content\/uploads\/2021\/08\/cropped-logo-camping-sigean.png","width":117,"height":98,"caption":"Camping La Grange Neuve"},"image":{"@id":"https:\/\/campingsigean.com\/fr\/#\/schema\/logo\/image\/"}}]}},"_links":{"self":[{"href":"https:\/\/campingsigean.com\/fr\/wp-json\/wp\/v2\/pages\/1363"}],"collection":[{"href":"https:\/\/campingsigean.com\/fr\/wp-json\/wp\/v2\/pages"}],"about":[{"href":"https:\/\/campingsigean.com\/fr\/wp-json\/wp\/v2\/types\/page"}],"author":[{"embeddable":true,"href":"https:\/\/campingsigean.com\/fr\/wp-json\/wp\/v2\/users\/1"}],"replies":[{"embeddable":true,"href":"https:\/\/campingsigean.com\/fr\/wp-json\/wp\/v2\/comments?post=1363"}],"version-history":[{"count":33,"href":"https:\/\/campingsigean.com\/fr\/wp-json\/wp\/v2\/pages\/1363\/revisions"}],"predecessor-version":[{"id":11417,"href":"https:\/\/campingsigean.com\/fr\/wp-json\/wp\/v2\/pages\/1363\/revisions\/11417"}],"wp:featuredmedia":[{"embeddable":true,"href":"https:\/\/campingsigean.com\/fr\/wp-json\/wp\/v2\/media\/1390"}],"wp:attachment":[{"href":"https:\/\/campingsigean.com\/fr\/wp-json\/wp\/v2\/media?parent=1363"}],"wp:term":[{"taxonomy":"sujet","embeddable":true,"href":"https:\/\/campingsigean.com\/fr\/wp-json\/wp\/v2\/sujet?post=1363"}],"curies":[{"name":"wp","href":"https:\/\/api.w.org\/{rel}","templated":true}]}}